{"id":2560,"date":"2023-06-16T13:34:17","date_gmt":"2023-06-16T11:34:17","guid":{"rendered":"https:\/\/trinitixshop.de\/?post_type=product&#038;p=2560"},"modified":"2024-08-11T09:31:59","modified_gmt":"2024-08-11T07:31:59","slug":"power-heart-lily-scintillant-collier-magnetique-argent-avec-de-nombreux-cristaux-swarovski","status":"publish","type":"product","link":"https:\/\/trinitixshop.de\/fr\/produkt\/power-herz-lily-funkelnde-magnetschmuck-kette-silber-mit-vielen-swarovski-kristallen\/","title":{"rendered":"Power Heart - LILY - collier magn\u00e9tique scintillant avec de nombreux cristaux Swarovski # 1255 argent"},"content":{"rendered":"<p>CH001255T<\/p>","protected":false},"excerpt":{"rendered":"<p>Power Heart - LILY - cha\u00eene magn\u00e9tique scintillante Coracao argent Coeur massif avec de nombreux cristaux Swarovski<br \/>\nCha\u00eene de bijoux magn\u00e9tiques argent-brillant. Un c\u0153ur massif et \u00e9l\u00e9gant poli comme pendentif de cha\u00eene avec force magn\u00e9tique. Serti \u00e0 la main de nombreux cristaux Swarovski \u00e9tincelants (noir, peach, blanc).<br \/>\n2 aimants n\u00e9odyme incorpor\u00e9s (1200 gauss). Acier inoxydable, sans nickel et hypoallerg\u00e9nique, \u00d8 env. 20 x 22 mm. \u00c9paisseur env. 12 mm<br \/>\nOriginal dans un sac \u00e0 bijoux. Incl. suppl\u00e9ment gratuit d'une cha\u00eene en acier inoxydable avec fermoir \u00e0 mousqueton (env. \u00d8 2mm, 40 - 50 cm).<\/p>","protected":false},"featured_media":2767,"comment_status":"open","ping_status":"closed","template":"","meta":[],"product_brand":[],"product_cat":[17,21],"product_tag":[28],"class_list":{"0":"post-2560","1":"product","2":"type-product","3":"status-publish","4":"has-post-thumbnail","6":"product_cat-alle-produkte","7":"product_cat-halsketten","8":"product_tag-kurfuerst","9":"thunk-woo-product-list","10":"opn-qv-enable","11":"top-store-woo-hover-zoom","12":"top-store-single-product-tab-horizontal","13":"top-store-shadow-","14":"top-store-shadow-hover-","16":"first","17":"instock","18":"taxable","19":"shipping-taxable","20":"purchasable","21":"product-type-simple"},"_links":{"self":[{"href":"https:\/\/trinitixshop.de\/fr\/wp-json\/wp\/v2\/product\/2560","targetHints":{"allow":["GET"]}}],"collection":[{"href":"https:\/\/trinitixshop.de\/fr\/wp-json\/wp\/v2\/product"}],"about":[{"href":"https:\/\/trinitixshop.de\/fr\/wp-json\/wp\/v2\/types\/product"}],"replies":[{"embeddable":true,"href":"https:\/\/trinitixshop.de\/fr\/wp-json\/wp\/v2\/comments?post=2560"}],"wp:featuredmedia":[{"embeddable":true,"href":"https:\/\/trinitixshop.de\/fr\/wp-json\/wp\/v2\/media\/2767"}],"wp:attachment":[{"href":"https:\/\/trinitixshop.de\/fr\/wp-json\/wp\/v2\/media?parent=2560"}],"wp:term":[{"taxonomy":"product_brand","embeddable":true,"href":"https:\/\/trinitixshop.de\/fr\/wp-json\/wp\/v2\/product_brand?post=2560"},{"taxonomy":"product_cat","embeddable":true,"href":"https:\/\/trinitixshop.de\/fr\/wp-json\/wp\/v2\/product_cat?post=2560"},{"taxonomy":"product_tag","embeddable":true,"href":"https:\/\/trinitixshop.de\/fr\/wp-json\/wp\/v2\/product_tag?post=2560"}],"curies":[{"name":"wp","href":"https:\/\/api.w.org\/{rel}","templated":true}]}}