{"id":2562,"date":"2023-06-16T13:34:18","date_gmt":"2023-06-16T11:34:18","guid":{"rendered":"https:\/\/trinitixshop.de\/?post_type=product&#038;p=2562"},"modified":"2023-06-28T10:51:46","modified_gmt":"2023-06-28T08:51:46","slug":"salamander-gekko-vintage-designer-pendentif-argent","status":"publish","type":"product","link":"https:\/\/trinitixshop.de\/fr\/produkt\/salamander-gekko-vintage-designer-kettenanhaenger-silber\/","title":{"rendered":"Salamander Gekko Vintage Designer Pendentif argent\u00e9"},"content":{"rendered":"<p>CH005100T<\/p>","protected":false},"excerpt":{"rendered":"<p>Pendentif magn\u00e9tique Salamander en uni\/argent. Design Joynesse.<br \/>\nPi\u00e8ces uniques de designer faites \u00e0 la main.<br \/>\nLongueur env. 55 mm. Pour cha\u00eene jusqu'\u00e0 un diam\u00e8tre d'environ 3 mm.<br \/>\nUn pendentif massif et \u00e9l\u00e9gant avec une force magn\u00e9tique.<br \/>\nIncrustations d'aimants au n\u00e9odyme d'environ 1 200 gauss.<br \/>\nAcier inoxydable, exempt de cadmium, de nickel et de plomb. Sans allergie.<\/p>","protected":false},"featured_media":2737,"comment_status":"open","ping_status":"closed","template":"","meta":[],"product_brand":[],"product_cat":[17,21],"product_tag":[26],"class_list":{"0":"post-2562","1":"product","2":"type-product","3":"status-publish","4":"has-post-thumbnail","6":"product_cat-alle-produkte","7":"product_cat-halsketten","8":"product_tag-paja","9":"thunk-woo-product-list","10":"opn-qv-enable","11":"top-store-woo-hover-zoom","12":"top-store-single-product-tab-horizontal","13":"top-store-shadow-","14":"top-store-shadow-hover-","16":"first","17":"instock","18":"sale","19":"taxable","20":"shipping-taxable","21":"purchasable","22":"product-type-simple"},"_links":{"self":[{"href":"https:\/\/trinitixshop.de\/fr\/wp-json\/wp\/v2\/product\/2562","targetHints":{"allow":["GET"]}}],"collection":[{"href":"https:\/\/trinitixshop.de\/fr\/wp-json\/wp\/v2\/product"}],"about":[{"href":"https:\/\/trinitixshop.de\/fr\/wp-json\/wp\/v2\/types\/product"}],"replies":[{"embeddable":true,"href":"https:\/\/trinitixshop.de\/fr\/wp-json\/wp\/v2\/comments?post=2562"}],"wp:featuredmedia":[{"embeddable":true,"href":"https:\/\/trinitixshop.de\/fr\/wp-json\/wp\/v2\/media\/2737"}],"wp:attachment":[{"href":"https:\/\/trinitixshop.de\/fr\/wp-json\/wp\/v2\/media?parent=2562"}],"wp:term":[{"taxonomy":"product_brand","embeddable":true,"href":"https:\/\/trinitixshop.de\/fr\/wp-json\/wp\/v2\/product_brand?post=2562"},{"taxonomy":"product_cat","embeddable":true,"href":"https:\/\/trinitixshop.de\/fr\/wp-json\/wp\/v2\/product_cat?post=2562"},{"taxonomy":"product_tag","embeddable":true,"href":"https:\/\/trinitixshop.de\/fr\/wp-json\/wp\/v2\/product_tag?post=2562"}],"curies":[{"name":"wp","href":"https:\/\/api.w.org\/{rel}","templated":true}]}}