{"id":2564,"date":"2023-06-16T13:34:18","date_gmt":"2023-06-16T11:34:18","guid":{"rendered":"https:\/\/trinitixshop.de\/?post_type=product&#038;p=2564"},"modified":"2023-11-16T13:55:56","modified_gmt":"2023-11-16T12:55:56","slug":"salamander-collier-de-bijoux-magnetiques-avec-swarovski-smaragd-eyes","status":"publish","type":"product","link":"https:\/\/trinitixshop.de\/fr\/produkt\/salamander-magnetschmuck-kette-mit-swarovski-smaragd-eyes\/","title":{"rendered":"Salamander Cha\u00eene de bijoux magn\u00e9tiques avec Swarovski Smaragd Eyes"},"content":{"rendered":"<p>CH005300T<\/p>","protected":false},"excerpt":{"rendered":"<p>Noble pendentif magn\u00e9tique Salamander design en bundle avec une cha\u00eene en acier inoxydable.<br \/>\nAvec 2 Swarovski Crystal Elements verts scintillants incorpor\u00e9s en guise d'yeux - Smaragd Eyes -.<br \/>\nPi\u00e8ces uniques faites \u00e0 la main. Longueur env. 40mm, uni\/argent\u00e9, massif.<br \/>\n\u0152illet pour cha\u00eene jusqu'\u00e0 un diam\u00e8tre d'environ 3 mm.<br \/>\nFourni avec : Collier \u00e0 maillons magn\u00e9tiques en acier inoxydable avec mousqueton, uni \/ argent.<br \/>\nLa cha\u00eene est en acier inoxydable bien tol\u00e9r\u00e9 par la peau, sans nickel allergique.<br \/>\nLa longueur de la cha\u00eene peut \u00eatre l\u00e9g\u00e8rement modifi\u00e9e. Longueur de la cha\u00eene : env. 38,5 \u00e0 46,5cm.<br \/>\nCet ensemble de bijoux magn\u00e9tiques est un bijou intemporel et simple qui convient toujours.<br \/>\nLe design unisexe convient parfaitement \u00e0 elle &amp; \u00e0 lui. Faites l'exp\u00e9rience de la clart\u00e9<br \/>\nDes formes et un design classique pour toutes les occasions.<br \/>\nIncrustations d'aimants au n\u00e9odyme d'environ 1 200 gauss.<br \/>\nAcier inoxydable, exempt de cadmium, de nickel et de plomb. Sans allergie.<\/p>","protected":false},"featured_media":2739,"comment_status":"open","ping_status":"closed","template":"","meta":[],"product_brand":[],"product_cat":[17,21],"product_tag":[25],"class_list":{"0":"post-2564","1":"product","2":"type-product","3":"status-publish","4":"has-post-thumbnail","6":"product_cat-alle-produkte","7":"product_cat-halsketten","8":"product_tag-t-prime","9":"thunk-woo-product-list","10":"opn-qv-enable","11":"top-store-woo-hover-zoom","12":"top-store-single-product-tab-horizontal","13":"top-store-shadow-","14":"top-store-shadow-hover-","16":"first","17":"instock","18":"taxable","19":"shipping-taxable","20":"purchasable","21":"product-type-simple"},"_links":{"self":[{"href":"https:\/\/trinitixshop.de\/fr\/wp-json\/wp\/v2\/product\/2564","targetHints":{"allow":["GET"]}}],"collection":[{"href":"https:\/\/trinitixshop.de\/fr\/wp-json\/wp\/v2\/product"}],"about":[{"href":"https:\/\/trinitixshop.de\/fr\/wp-json\/wp\/v2\/types\/product"}],"replies":[{"embeddable":true,"href":"https:\/\/trinitixshop.de\/fr\/wp-json\/wp\/v2\/comments?post=2564"}],"wp:featuredmedia":[{"embeddable":true,"href":"https:\/\/trinitixshop.de\/fr\/wp-json\/wp\/v2\/media\/2739"}],"wp:attachment":[{"href":"https:\/\/trinitixshop.de\/fr\/wp-json\/wp\/v2\/media?parent=2564"}],"wp:term":[{"taxonomy":"product_brand","embeddable":true,"href":"https:\/\/trinitixshop.de\/fr\/wp-json\/wp\/v2\/product_brand?post=2564"},{"taxonomy":"product_cat","embeddable":true,"href":"https:\/\/trinitixshop.de\/fr\/wp-json\/wp\/v2\/product_cat?post=2564"},{"taxonomy":"product_tag","embeddable":true,"href":"https:\/\/trinitixshop.de\/fr\/wp-json\/wp\/v2\/product_tag?post=2564"}],"curies":[{"name":"wp","href":"https:\/\/api.w.org\/{rel}","templated":true}]}}