{"id":2565,"date":"2023-06-16T13:34:18","date_gmt":"2023-06-16T11:34:18","guid":{"rendered":"https:\/\/trinitixshop.de\/?post_type=product&#038;p=2565"},"modified":"2024-03-08T12:53:45","modified_gmt":"2024-03-08T11:53:45","slug":"ladium-power-aimant-biocorrecteur","status":"publish","type":"product","link":"https:\/\/trinitixshop.de\/fr\/produkt\/ladium-power-magnetanhaenger-biocorrector\/","title":{"rendered":"Pendentif magn\u00e9tique Ladium Power Biocorrector # 277"},"content":{"rendered":"<p>CH027700T<\/p>","protected":false},"excerpt":{"rendered":"<p>La bio\u00e9nerg\u00e9tique. Le Biocorrecteur \"Ladium\" est une capsule m\u00e9dicale ferromagn\u00e9tique avec une pointe d'acupressure pour une application pr\u00e9cise.<br \/>\nUn champ magn\u00e9tique sp\u00e9cialement orient\u00e9 (3000 gauss) est cens\u00e9 stimuler les processus de r\u00e9gulation dans le corps, le r\u00e9tablissement de la polarisation naturelle des cellules, l'am\u00e9lioration de leur circulation sanguine et le m\u00e9tabolisme.<br \/>\n\u00d8 env. 53 x 12mm. Bracelet textile noir, 2 noeuds pour ajuster facilement la longueur.<br \/>\nEffets pr\u00e9sum\u00e9s du Biocorrecteur \"Ladium<br \/>\nUn effet positif, analg\u00e9sique et r\u00e9g\u00e9n\u00e9rateur dans les maladies du c\u0153ur et des vaisseaux sanguins, l'hypertension, l'isch\u00e9mie, l'angine de poitrine, les suites d'accidents vasculaires c\u00e9r\u00e9braux et de crises cardiaques, la gastrite, l'ulc\u00e8re gastrique, l'arthrite, la bursite, les h\u00e9morro\u00efdes, la prostatite, l'impuissance, l'ad\u00e9nome, la cystite, les \u0153d\u00e8mes, l'arthrite, les varices, la thrombose, etc.<br \/>\nUtilisation positive en cas de maladies neurologiques, neuro-psychiatriques :<br \/>\nSyndromes douloureux, fatigue, maux de t\u00eate, stress, n\u00e9vroses, troubles du sommeil, fatigue chronique, etc.<br \/>\nId\u00e9al pour une utilisation individuelle. De nombreuses \u00e9tudes ont montr\u00e9 que le \"Ladium\" peut rapidement soulager la douleur.<br \/>\nId\u00e9al pour le dos, les \u00e9paules, la nuque ou le ventre. Visible ou invisible, le pendentif magn\u00e9tique est un compagnon pour toute la journ\u00e9e !<br \/>\nPLUS D'\u00c9NERGIE QUE JAMAIS.<br \/>\nPour soutenir la cure d\u00e9tox. Stimule le m\u00e9tabolisme, renforce le syst\u00e8me immunitaire et redonne de l'\u00e9nergie.<br \/>\nLa pointe sert \u00e0 une application cibl\u00e9e.<br \/>\nLe pendentif en cha\u00eene est dot\u00e9 d'une force magn\u00e9tique extra forte et vous permet de le porter individuellement \u00e0 l'endroit souhait\u00e9.<br \/>\nAimant n\u00e9odyme inlay avec environ 3.000 gauss.<br \/>\nAcier inoxydable, exempt de cadmium, de nickel et de plomb. Sans allergie.<\/p>","protected":false},"featured_media":2740,"comment_status":"open","ping_status":"closed","template":"","meta":[],"product_brand":[],"product_cat":[17,21],"product_tag":[25],"class_list":{"0":"post-2565","1":"product","2":"type-product","3":"status-publish","4":"has-post-thumbnail","6":"product_cat-alle-produkte","7":"product_cat-halsketten","8":"product_tag-t-prime","9":"thunk-woo-product-list","10":"opn-qv-enable","11":"top-store-woo-hover-zoom","12":"top-store-single-product-tab-horizontal","13":"top-store-shadow-","14":"top-store-shadow-hover-","16":"first","17":"instock","18":"sale","19":"taxable","20":"shipping-taxable","21":"purchasable","22":"product-type-simple"},"_links":{"self":[{"href":"https:\/\/trinitixshop.de\/fr\/wp-json\/wp\/v2\/product\/2565","targetHints":{"allow":["GET"]}}],"collection":[{"href":"https:\/\/trinitixshop.de\/fr\/wp-json\/wp\/v2\/product"}],"about":[{"href":"https:\/\/trinitixshop.de\/fr\/wp-json\/wp\/v2\/types\/product"}],"replies":[{"embeddable":true,"href":"https:\/\/trinitixshop.de\/fr\/wp-json\/wp\/v2\/comments?post=2565"}],"wp:featuredmedia":[{"embeddable":true,"href":"https:\/\/trinitixshop.de\/fr\/wp-json\/wp\/v2\/media\/2740"}],"wp:attachment":[{"href":"https:\/\/trinitixshop.de\/fr\/wp-json\/wp\/v2\/media?parent=2565"}],"wp:term":[{"taxonomy":"product_brand","embeddable":true,"href":"https:\/\/trinitixshop.de\/fr\/wp-json\/wp\/v2\/product_brand?post=2565"},{"taxonomy":"product_cat","embeddable":true,"href":"https:\/\/trinitixshop.de\/fr\/wp-json\/wp\/v2\/product_cat?post=2565"},{"taxonomy":"product_tag","embeddable":true,"href":"https:\/\/trinitixshop.de\/fr\/wp-json\/wp\/v2\/product_tag?post=2565"}],"curies":[{"name":"wp","href":"https:\/\/api.w.org\/{rel}","templated":true}]}}