{"id":2566,"date":"2023-06-16T13:34:22","date_gmt":"2023-06-16T11:34:22","guid":{"rendered":"https:\/\/trinitixshop.de\/?post_type=product&#038;p=2566"},"modified":"2023-06-28T10:46:12","modified_gmt":"2023-06-28T08:46:12","slug":"magnetplaettchen-magnetschmuck-ketten-anhaenger-gold-14-mm-418","status":"publish","type":"product","link":"https:\/\/trinitixshop.de\/fr\/produkt\/magnetplaettchen-magnetschmuck-ketten-anhaenger-gold-14-mm-418\/","title":{"rendered":"Plaquettes magn\u00e9tiques Bijoux en cha\u00eene or 14 mm # 418"},"content":{"rendered":"<p>CH041800T<\/p>","protected":false},"excerpt":{"rendered":"<p>Pendentif en cha\u00eene en or. Acier inoxydable, dor\u00e9 \u00e0 l'or fin 24k, poli, sans nickel allergique. Taille : 14 x 7 mm.<br \/>\nCe petit pendentif avec deux aimants incorpor\u00e9s donne aussi \u00e0 vos<br \/>\nbijoux priv\u00e9s pr\u00e9f\u00e9r\u00e9s de l'\u00e9nergie magn\u00e9tique.<br \/>\nIl suffit de l'accrocher \u00e0 la fermeture existante.<br \/>\nPour une force magn\u00e9tique encore plus grande, il existe cette plaque magn\u00e9tique \"acier inoxydable\".<br \/>\nVous pouvez facilement attacher ce petit accessoire de bijoux magn\u00e9tiques \u00e0 votre bracelet textile ou \u00e0 une cha\u00eene. La petite plaque magn\u00e9tique est en acier inoxydable facile \u00e0 entretenir et bien tol\u00e9r\u00e9 par la peau et poss\u00e8de deux puissants aimants en n\u00e9odyme.<br \/>\nEssayez-le et d\u00e9couvrez des bijoux qui font de l'effet et que vous ne voudrez plus jamais quitter.<br \/>\nIncrustations d'aimants au n\u00e9odyme d'environ 1 200 gauss.<br \/>\nAcier inoxydable, exempt de cadmium, de nickel et de plomb. Sans allergie.<\/p>","protected":false},"featured_media":2733,"comment_status":"open","ping_status":"closed","template":"","meta":[],"product_brand":[],"product_cat":[17,21],"product_tag":[25],"class_list":{"0":"post-2566","1":"product","2":"type-product","3":"status-publish","4":"has-post-thumbnail","6":"product_cat-alle-produkte","7":"product_cat-halsketten","8":"product_tag-t-prime","9":"thunk-woo-product-list","10":"opn-qv-enable","11":"top-store-woo-hover-zoom","12":"top-store-single-product-tab-horizontal","13":"top-store-shadow-","14":"top-store-shadow-hover-","16":"first","17":"instock","18":"taxable","19":"shipping-taxable","20":"purchasable","21":"product-type-simple"},"_links":{"self":[{"href":"https:\/\/trinitixshop.de\/fr\/wp-json\/wp\/v2\/product\/2566","targetHints":{"allow":["GET"]}}],"collection":[{"href":"https:\/\/trinitixshop.de\/fr\/wp-json\/wp\/v2\/product"}],"about":[{"href":"https:\/\/trinitixshop.de\/fr\/wp-json\/wp\/v2\/types\/product"}],"replies":[{"embeddable":true,"href":"https:\/\/trinitixshop.de\/fr\/wp-json\/wp\/v2\/comments?post=2566"}],"wp:featuredmedia":[{"embeddable":true,"href":"https:\/\/trinitixshop.de\/fr\/wp-json\/wp\/v2\/media\/2733"}],"wp:attachment":[{"href":"https:\/\/trinitixshop.de\/fr\/wp-json\/wp\/v2\/media?parent=2566"}],"wp:term":[{"taxonomy":"product_brand","embeddable":true,"href":"https:\/\/trinitixshop.de\/fr\/wp-json\/wp\/v2\/product_brand?post=2566"},{"taxonomy":"product_cat","embeddable":true,"href":"https:\/\/trinitixshop.de\/fr\/wp-json\/wp\/v2\/product_cat?post=2566"},{"taxonomy":"product_tag","embeddable":true,"href":"https:\/\/trinitixshop.de\/fr\/wp-json\/wp\/v2\/product_tag?post=2566"}],"curies":[{"name":"wp","href":"https:\/\/api.w.org\/{rel}","templated":true}]}}