{"id":2569,"date":"2023-06-16T13:34:22","date_gmt":"2023-06-16T11:34:22","guid":{"rendered":"https:\/\/trinitixshop.de\/?post_type=product&#038;p=2569"},"modified":"2023-06-28T10:59:00","modified_gmt":"2023-06-28T08:59:00","slug":"infinity-ribbon-designer-boucle-avec-chaine-swarovski-crystals","status":"publish","type":"product","link":"https:\/\/trinitixshop.de\/fr\/produkt\/infinity-ribbon-designer-schleife-mit-swarovski-crystals-kette\/","title":{"rendered":"Infinity Ribbon Noeud design avec Swarovski Crystals + cha\u00eene"},"content":{"rendered":"<p>CH045800T<\/p>","protected":false},"excerpt":{"rendered":"<p>Designer Infinity Set Pendentif magn\u00e9tique Ribbon Schleife Energetix 4you 458 avec Swarovski Crystals incl. cha\u00eene \u00e0 maillons noble<br \/>\nPendentif magn\u00e9tique design fait main - RIBBON \/ BOUCLE \/ INFINITO - env. 30 x 28 mm, avec divers cristaux Swarovski originaux scintillants. Aimant n\u00e9odyme de 1200 gauss incorpor\u00e9.<br \/>\nLivraison gratuite d'un collier \u00e0 maillons en acier inoxydable avec fermoir \u00e0 mousqueton.<br \/>\nLongueur de la cha\u00eene individuellement jusqu'\u00e0 environ 52 cm.<br \/>\nUn accessoire brillant qui fait battre le c\u0153ur de toutes les femmes. En acier inoxydable, sans nickel allergique. Faites-vous plaisir ou faites plaisir \u00e0 la personne que vous aimez.<br \/>\nLe pendentif rhodi\u00e9 de haute qualit\u00e9 en argent brillant est orn\u00e9 de scintillants Swarovski ELEMENTS originaux qui mettent merveilleusement en sc\u00e8ne la personne qui le porte.<br \/>\nIl est temps de briller ? avec ce bijou glamour d'Energetix-4you. La l\u00e9g\u00e8ret\u00e9 de l'\u00eatre, la \"joie de vivre\" fran\u00e7aise rencontre ici une excellente finition et des mat\u00e9riaux de qualit\u00e9.<br \/>\nL'\u00e9l\u00e9gance \u00e0 l'\u00e9tat pur ? voil\u00e0 comment d\u00e9crire ce magnifique bijou en deux mots seulement.<br \/>\nUne \u00e9l\u00e9gante cha\u00eene \u00e0 maillons qui caresse d\u00e9licatement le cou de chaque femme et un pendentif magn\u00e9tique qui orne chaque d\u00e9collet\u00e9 font de ce bijou un accessoire d'une beaut\u00e9 unique.<\/p>","protected":false},"featured_media":2734,"comment_status":"open","ping_status":"closed","template":"","meta":[],"product_brand":[],"product_cat":[17,21],"product_tag":[25],"class_list":{"0":"post-2569","1":"product","2":"type-product","3":"status-publish","4":"has-post-thumbnail","6":"product_cat-alle-produkte","7":"product_cat-halsketten","8":"product_tag-t-prime","9":"thunk-woo-product-list","10":"opn-qv-enable","11":"top-store-woo-hover-zoom","12":"top-store-single-product-tab-horizontal","13":"top-store-shadow-","14":"top-store-shadow-hover-","16":"first","17":"instock","18":"taxable","19":"shipping-taxable","20":"purchasable","21":"product-type-simple"},"_links":{"self":[{"href":"https:\/\/trinitixshop.de\/fr\/wp-json\/wp\/v2\/product\/2569","targetHints":{"allow":["GET"]}}],"collection":[{"href":"https:\/\/trinitixshop.de\/fr\/wp-json\/wp\/v2\/product"}],"about":[{"href":"https:\/\/trinitixshop.de\/fr\/wp-json\/wp\/v2\/types\/product"}],"replies":[{"embeddable":true,"href":"https:\/\/trinitixshop.de\/fr\/wp-json\/wp\/v2\/comments?post=2569"}],"wp:featuredmedia":[{"embeddable":true,"href":"https:\/\/trinitixshop.de\/fr\/wp-json\/wp\/v2\/media\/2734"}],"wp:attachment":[{"href":"https:\/\/trinitixshop.de\/fr\/wp-json\/wp\/v2\/media?parent=2569"}],"wp:term":[{"taxonomy":"product_brand","embeddable":true,"href":"https:\/\/trinitixshop.de\/fr\/wp-json\/wp\/v2\/product_brand?post=2569"},{"taxonomy":"product_cat","embeddable":true,"href":"https:\/\/trinitixshop.de\/fr\/wp-json\/wp\/v2\/product_cat?post=2569"},{"taxonomy":"product_tag","embeddable":true,"href":"https:\/\/trinitixshop.de\/fr\/wp-json\/wp\/v2\/product_tag?post=2569"}],"curies":[{"name":"wp","href":"https:\/\/api.w.org\/{rel}","templated":true}]}}