{"id":2570,"date":"2023-06-16T13:34:22","date_gmt":"2023-06-16T11:34:22","guid":{"rendered":"https:\/\/trinitixshop.de\/?post_type=product&#038;p=2570"},"modified":"2023-06-28T10:50:12","modified_gmt":"2023-06-28T08:50:12","slug":"collier-a-maillons-argent-avec-plaquette-magnetique","status":"publish","type":"product","link":"https:\/\/trinitixshop.de\/fr\/produkt\/glieder-halskette-silber-mit-magnetplaettchen\/","title":{"rendered":"Collier \u00e0 maillons argent avec plaquette magn\u00e9tique"},"content":{"rendered":"<p>CH053701T<\/p>","protected":false},"excerpt":{"rendered":"<p>Collier simple \u00e0 maillons en acier inoxydable, \u00f8 1,5 mm, avec plaquette magn\u00e9tique.<br \/>\nLa plaquette magn\u00e9tique est compos\u00e9e d'acier inoxydable bien tol\u00e9r\u00e9 par la peau et de deux puissants aimants en n\u00e9odyme.<br \/>\n1200 gauss.<br \/>\nLa longueur de la cha\u00eene peut \u00eatre l\u00e9g\u00e8rement modifi\u00e9e. Longueur de la cha\u00eene : 38,5 \u00e0 46,5 cm.<br \/>\nAcier inoxydable, sans nickel et sans allergie. Couleur argent\u00e9e. Fermeture \u00e0 mousqueton.<br \/>\nLe collier en acier inoxydable est un bijou intemporel et simple qui convient toujours.<br \/>\nLe design unisexe du collier en acier inoxydable convient parfaitement \u00e0 elle &amp; \u00e0 lui.<br \/>\nAssoci\u00e9 \u00e0 un pendentif d\u00e9contract\u00e9 de , le collier en acier inoxydable est du plus bel effet.<br \/>\nD\u00e9couvrez des formes claires et un design classique pour toutes les occasions.<\/p>","protected":false},"featured_media":2736,"comment_status":"open","ping_status":"closed","template":"","meta":[],"product_brand":[],"product_cat":[17,21],"product_tag":[25],"class_list":{"0":"post-2570","1":"product","2":"type-product","3":"status-publish","4":"has-post-thumbnail","6":"product_cat-alle-produkte","7":"product_cat-halsketten","8":"product_tag-t-prime","9":"thunk-woo-product-list","10":"opn-qv-enable","11":"top-store-woo-hover-zoom","12":"top-store-single-product-tab-horizontal","13":"top-store-shadow-","14":"top-store-shadow-hover-","16":"first","17":"instock","18":"sale","19":"taxable","20":"shipping-taxable","21":"purchasable","22":"product-type-simple"},"_links":{"self":[{"href":"https:\/\/trinitixshop.de\/fr\/wp-json\/wp\/v2\/product\/2570","targetHints":{"allow":["GET"]}}],"collection":[{"href":"https:\/\/trinitixshop.de\/fr\/wp-json\/wp\/v2\/product"}],"about":[{"href":"https:\/\/trinitixshop.de\/fr\/wp-json\/wp\/v2\/types\/product"}],"replies":[{"embeddable":true,"href":"https:\/\/trinitixshop.de\/fr\/wp-json\/wp\/v2\/comments?post=2570"}],"wp:featuredmedia":[{"embeddable":true,"href":"https:\/\/trinitixshop.de\/fr\/wp-json\/wp\/v2\/media\/2736"}],"wp:attachment":[{"href":"https:\/\/trinitixshop.de\/fr\/wp-json\/wp\/v2\/media?parent=2570"}],"wp:term":[{"taxonomy":"product_brand","embeddable":true,"href":"https:\/\/trinitixshop.de\/fr\/wp-json\/wp\/v2\/product_brand?post=2570"},{"taxonomy":"product_cat","embeddable":true,"href":"https:\/\/trinitixshop.de\/fr\/wp-json\/wp\/v2\/product_cat?post=2570"},{"taxonomy":"product_tag","embeddable":true,"href":"https:\/\/trinitixshop.de\/fr\/wp-json\/wp\/v2\/product_tag?post=2570"}],"curies":[{"name":"wp","href":"https:\/\/api.w.org\/{rel}","templated":true}]}}