{"id":2572,"date":"2023-06-16T13:34:23","date_gmt":"2023-06-16T11:34:23","guid":{"rendered":"https:\/\/trinitixshop.de\/?post_type=product&#038;p=2572"},"modified":"2023-06-26T16:01:40","modified_gmt":"2023-06-26T14:01:40","slug":"moebius-boucle-designer-bijoux-magnetiques-chaine-argent-massif","status":"publish","type":"product","link":"https:\/\/trinitixshop.de\/fr\/produkt\/moebius-schleife-designer-magnetschmuck-kette-silber-massiv\/","title":{"rendered":"M\u00f6bius - Boucle Designer Bijoux magn\u00e9tiques cha\u00eene argent massif"},"content":{"rendered":"<p>CH066600T<\/p>","protected":false},"excerpt":{"rendered":"<p>Pendentif magn\u00e9tique sculpt\u00e9 \u00e0 la main - boucle de M\u00f6bius \/ cha\u00eene de M\u00f6bius env. \u00d8 30 mm, poli miroir.<br \/>\nIncrustations d'aimants au n\u00e9odyme d'environ 1 200 gauss.<br \/>\nAcier inoxydable, exempt de cadmium, de nickel et de plomb. Sans allergie.<br \/>\nPour un contraste s\u00e9duisant, y compris un collier en silicone gratuit avec<br \/>\nFermoir \u00e0 mousqueton (env. 47 - 52 cm, peut \u00eatre raccourci avec un outil simple).<br \/>\nCette pi\u00e8ce unique attire le regard, mais peut aussi \u00eatre port\u00e9e avec n'importe quel autre collier.<br \/>\nL'\u00e9l\u00e9gance pure - c'est ainsi que l'on peut d\u00e9crire ce magnifique bijou.<br \/>\nLa boucle de M\u00f6bius est la seule forme qui n'a qu'une seule surface et un seul bord.<br \/>\nDans un jeu sans fin, l'int\u00e9rieur et l'ext\u00e9rieur alternent.<br \/>\ne pendentif M\u00f6bius en acier inoxydable symbolise l'\u00e9quilibre de notre \u00eatre ext\u00e9rieur et int\u00e9rieur ainsi que l'amour sans fin.<\/p>","protected":false},"featured_media":2708,"comment_status":"open","ping_status":"closed","template":"","meta":[],"product_brand":[],"product_cat":[17,21],"product_tag":[26],"class_list":{"0":"post-2572","1":"product","2":"type-product","3":"status-publish","4":"has-post-thumbnail","6":"product_cat-alle-produkte","7":"product_cat-halsketten","8":"product_tag-paja","9":"thunk-woo-product-list","10":"opn-qv-enable","11":"top-store-woo-hover-zoom","12":"top-store-single-product-tab-horizontal","13":"top-store-shadow-","14":"top-store-shadow-hover-","16":"first","17":"instock","18":"taxable","19":"shipping-taxable","20":"purchasable","21":"product-type-simple"},"_links":{"self":[{"href":"https:\/\/trinitixshop.de\/fr\/wp-json\/wp\/v2\/product\/2572","targetHints":{"allow":["GET"]}}],"collection":[{"href":"https:\/\/trinitixshop.de\/fr\/wp-json\/wp\/v2\/product"}],"about":[{"href":"https:\/\/trinitixshop.de\/fr\/wp-json\/wp\/v2\/types\/product"}],"replies":[{"embeddable":true,"href":"https:\/\/trinitixshop.de\/fr\/wp-json\/wp\/v2\/comments?post=2572"}],"wp:featuredmedia":[{"embeddable":true,"href":"https:\/\/trinitixshop.de\/fr\/wp-json\/wp\/v2\/media\/2708"}],"wp:attachment":[{"href":"https:\/\/trinitixshop.de\/fr\/wp-json\/wp\/v2\/media?parent=2572"}],"wp:term":[{"taxonomy":"product_brand","embeddable":true,"href":"https:\/\/trinitixshop.de\/fr\/wp-json\/wp\/v2\/product_brand?post=2572"},{"taxonomy":"product_cat","embeddable":true,"href":"https:\/\/trinitixshop.de\/fr\/wp-json\/wp\/v2\/product_cat?post=2572"},{"taxonomy":"product_tag","embeddable":true,"href":"https:\/\/trinitixshop.de\/fr\/wp-json\/wp\/v2\/product_tag?post=2572"}],"curies":[{"name":"wp","href":"https:\/\/api.w.org\/{rel}","templated":true}]}}