{"id":2574,"date":"2023-06-16T13:34:23","date_gmt":"2023-06-16T11:34:23","guid":{"rendered":"https:\/\/trinitixshop.de\/?post_type=product&#038;p=2574"},"modified":"2023-06-28T10:19:20","modified_gmt":"2023-06-28T08:19:20","slug":"pirates-medaillon-rebel-of-heart-designer-bijoux-magnetiques-chaine-argent","status":"publish","type":"product","link":"https:\/\/trinitixshop.de\/fr\/produkt\/pirates-medaillon-rebel-of-heart-designer-magnetschmuck-kette-silber\/","title":{"rendered":"Pirates M\u00e9daillon - Rebel of Heart - Cha\u00eene de bijoux magn\u00e9tiques design en argent"},"content":{"rendered":"<p>CH068600T<\/p>","protected":false},"excerpt":{"rendered":"<p>Pi\u00e8ces uniques faites \u00e0 la main !<br \/>\nL'\u00e9nigmatique masque \u00e0 t\u00eate de mort ? Rebel of Heart ?<br \/>\nAvec son aspect d\u00e9coup\u00e9 tr\u00e8s travaill\u00e9, ce bijou est particuli\u00e8rement expressif.<br \/>\nEnviron \u00d8 25 mm. Incrustations d'aimants n\u00e9odyme d'environ 1.200 gauss.<br \/>\nAcier inoxydable, exempt de cadmium, de nickel et de plomb. Sans allergie.<br \/>\nInclus gratuitement une cha\u00eene en acier inoxydable avec fermoir \u00e0 mousqueton (env. 41 - 52 cm). Le pendentif magn\u00e9tique attire le regard et peut \u00e9galement \u00eatre port\u00e9 avec n'importe quelle autre cha\u00eene.<br \/>\nLa t\u00eate de mort sert g\u00e9n\u00e9ralement \u00e0 symboliser le caract\u00e8re \u00e9ph\u00e9m\u00e8re de la vie humaine par rapport \u00e0 l'\u00e2me immortelle, ainsi que l'ensemble du monde physique par rapport aux valeurs spirituelles. La t\u00eate de mort \u00e9tait utilis\u00e9e dans les sculptures fun\u00e9raires chr\u00e9tiennes pour symboliser le caract\u00e8re \u00e9ph\u00e9m\u00e8re de la vie humaine ainsi que des \u0153uvres et des biens terrestres.<\/p>","protected":false},"featured_media":2714,"comment_status":"open","ping_status":"closed","template":"","meta":[],"product_brand":[],"product_cat":[17,21],"product_tag":[24],"class_list":{"0":"post-2574","1":"product","2":"type-product","3":"status-publish","4":"has-post-thumbnail","6":"product_cat-alle-produkte","7":"product_cat-halsketten","8":"product_tag-jungbrunn","9":"thunk-woo-product-list","10":"opn-qv-enable","11":"top-store-woo-hover-zoom","12":"top-store-single-product-tab-horizontal","13":"top-store-shadow-","14":"top-store-shadow-hover-","16":"first","17":"instock","18":"sale","19":"taxable","20":"shipping-taxable","21":"purchasable","22":"product-type-simple"},"_links":{"self":[{"href":"https:\/\/trinitixshop.de\/fr\/wp-json\/wp\/v2\/product\/2574","targetHints":{"allow":["GET"]}}],"collection":[{"href":"https:\/\/trinitixshop.de\/fr\/wp-json\/wp\/v2\/product"}],"about":[{"href":"https:\/\/trinitixshop.de\/fr\/wp-json\/wp\/v2\/types\/product"}],"replies":[{"embeddable":true,"href":"https:\/\/trinitixshop.de\/fr\/wp-json\/wp\/v2\/comments?post=2574"}],"wp:featuredmedia":[{"embeddable":true,"href":"https:\/\/trinitixshop.de\/fr\/wp-json\/wp\/v2\/media\/2714"}],"wp:attachment":[{"href":"https:\/\/trinitixshop.de\/fr\/wp-json\/wp\/v2\/media?parent=2574"}],"wp:term":[{"taxonomy":"product_brand","embeddable":true,"href":"https:\/\/trinitixshop.de\/fr\/wp-json\/wp\/v2\/product_brand?post=2574"},{"taxonomy":"product_cat","embeddable":true,"href":"https:\/\/trinitixshop.de\/fr\/wp-json\/wp\/v2\/product_cat?post=2574"},{"taxonomy":"product_tag","embeddable":true,"href":"https:\/\/trinitixshop.de\/fr\/wp-json\/wp\/v2\/product_tag?post=2574"}],"curies":[{"name":"wp","href":"https:\/\/api.w.org\/{rel}","templated":true}]}}