{"id":2575,"date":"2023-06-16T13:34:23","date_gmt":"2023-06-16T11:34:23","guid":{"rendered":"https:\/\/trinitixshop.de\/?post_type=product&#038;p=2575"},"modified":"2023-06-28T10:30:44","modified_gmt":"2023-06-28T08:30:44","slug":"os-bone-bijoux-magnetiques-chaine-argent-avec-swarovski-crystal-696","status":"publish","type":"product","link":"https:\/\/trinitixshop.de\/fr\/produkt\/knochen-bone-magnetschmuck-kette-silber-mit-swarovski-crystal-696\/","title":{"rendered":"os Bone collier magn\u00e9tique argent avec Swarovski Crystal # 696"},"content":{"rendered":"<p>CH069600T<\/p>","protected":false},"excerpt":{"rendered":"<p>Pendentif magn\u00e9tique - os - env. 13 x 22 x 3 mm, argent\u00e9 \/ bross\u00e9.<br \/>\nAvec des cristaux Swarovski originaux taill\u00e9s de haute qualit\u00e9.<br \/>\nIncrustations d'aimants au n\u00e9odyme d'environ 1 200 gauss.<br \/>\nAcier inoxydable, exempt de cadmium, de nickel et de plomb. Sans allergie.<br \/>\nLivr\u00e9 avec une cha\u00eene serpent en acier inoxydable avec fermoir \u00e0 mousqueton.<br \/>\nLongueur de la cha\u00eene individuellement env. 40 - 50 cm.<br \/>\nSymbole Signification de la force et de la volont\u00e9. Les os forment l'ossature de notre corps, ils nous soutiennent. Mais l'os est aussi un symbole de l'amour des animaux. Il est consid\u00e9r\u00e9 comme une r\u00e9compense sp\u00e9ciale pour le chien.<br \/>\nPetit ? mais brillant.<br \/>\nCe pendentif magn\u00e9tique scintillant avec un v\u00e9ritable \u00e9l\u00e9ment Swarovski Crystal vous donnera le sourire. Associ\u00e9 \u00e0 cette cha\u00eene simple en acier inoxydable et en forme de serpent, le pendentif est particuli\u00e8rement bien mis en valeur. L'\u00e9clat du Swarovski Crystal, la force de l'aimant et l'acier inoxydable bien tol\u00e9r\u00e9 par la peau font que vous ne voudrez plus jamais enlever ce bijou.<\/p>","protected":false},"featured_media":2721,"comment_status":"open","ping_status":"closed","template":"","meta":[],"product_brand":[],"product_cat":[17,21],"product_tag":[24],"class_list":{"0":"post-2575","1":"product","2":"type-product","3":"status-publish","4":"has-post-thumbnail","6":"product_cat-alle-produkte","7":"product_cat-halsketten","8":"product_tag-jungbrunn","9":"thunk-woo-product-list","10":"opn-qv-enable","11":"top-store-woo-hover-zoom","12":"top-store-single-product-tab-horizontal","13":"top-store-shadow-","14":"top-store-shadow-hover-","16":"first","17":"instock","18":"taxable","19":"shipping-taxable","20":"purchasable","21":"product-type-simple"},"_links":{"self":[{"href":"https:\/\/trinitixshop.de\/fr\/wp-json\/wp\/v2\/product\/2575","targetHints":{"allow":["GET"]}}],"collection":[{"href":"https:\/\/trinitixshop.de\/fr\/wp-json\/wp\/v2\/product"}],"about":[{"href":"https:\/\/trinitixshop.de\/fr\/wp-json\/wp\/v2\/types\/product"}],"replies":[{"embeddable":true,"href":"https:\/\/trinitixshop.de\/fr\/wp-json\/wp\/v2\/comments?post=2575"}],"wp:featuredmedia":[{"embeddable":true,"href":"https:\/\/trinitixshop.de\/fr\/wp-json\/wp\/v2\/media\/2721"}],"wp:attachment":[{"href":"https:\/\/trinitixshop.de\/fr\/wp-json\/wp\/v2\/media?parent=2575"}],"wp:term":[{"taxonomy":"product_brand","embeddable":true,"href":"https:\/\/trinitixshop.de\/fr\/wp-json\/wp\/v2\/product_brand?post=2575"},{"taxonomy":"product_cat","embeddable":true,"href":"https:\/\/trinitixshop.de\/fr\/wp-json\/wp\/v2\/product_cat?post=2575"},{"taxonomy":"product_tag","embeddable":true,"href":"https:\/\/trinitixshop.de\/fr\/wp-json\/wp\/v2\/product_tag?post=2575"}],"curies":[{"name":"wp","href":"https:\/\/api.w.org\/{rel}","templated":true}]}}