{"id":2578,"date":"2023-06-16T13:34:23","date_gmt":"2023-06-16T11:34:23","guid":{"rendered":"https:\/\/trinitixshop.de\/?post_type=product&#038;p=2578"},"modified":"2023-06-28T10:35:36","modified_gmt":"2023-06-28T08:35:36","slug":"collier-serpent-argent-avec-plaquette-magnetique","status":"publish","type":"product","link":"https:\/\/trinitixshop.de\/fr\/produkt\/schlangenkette-magnet-halskette-silber-mit-magnetplaettchen\/","title":{"rendered":"Collier serpent magn\u00e9tique argent avec plaquette magn\u00e9tique"},"content":{"rendered":"<p>CH096000T<\/p>","protected":false},"excerpt":{"rendered":"<p>Exclusif collier fin en acier inoxydable serpent (largeur : 2,2 mm, \u00e9paisseur : 0,7 mm) avec plaquette magn\u00e9tique, uni \/ argent.<br \/>\nLa plaquette magn\u00e9tique est en acier inoxydable bien tol\u00e9r\u00e9 par la peau.<br \/>\nLa longueur de la cha\u00eene peut \u00eatre l\u00e9g\u00e8rement modifi\u00e9e.<br \/>\nLongueur de la cha\u00eene : M (40 cm) \u00e0 XL (50 cm). Fermeture \u00e0 mousqueton.<br \/>\nLe collier en acier inoxydable est un bijou intemporel qui convient toujours. Le design unisexe du collier en acier inoxydable convient parfaitement \u00e0 elle &amp; \u00e0 lui.<br \/>\nAssoci\u00e9 \u00e0 un pendentif d\u00e9contract\u00e9, le collier en acier inoxydable est du plus bel effet.<br \/>\nD\u00e9couvrez des formes claires et un design classique pour toutes les occasions.<br \/>\nInlay magn\u00e9tique en n\u00e9odyme avec env. 1.200 gauss.<br \/>\nAcier inoxydable, exempt de cadmium, de nickel et de plomb. Sans allergie.<\/p>","protected":false},"featured_media":2723,"comment_status":"open","ping_status":"closed","template":"","meta":[],"product_brand":[],"product_cat":[17,21],"product_tag":[25],"class_list":{"0":"post-2578","1":"product","2":"type-product","3":"status-publish","4":"has-post-thumbnail","6":"product_cat-alle-produkte","7":"product_cat-halsketten","8":"product_tag-t-prime","9":"thunk-woo-product-list","10":"opn-qv-enable","11":"top-store-woo-hover-zoom","12":"top-store-single-product-tab-horizontal","13":"top-store-shadow-","14":"top-store-shadow-hover-","16":"first","17":"instock","18":"taxable","19":"shipping-taxable","20":"purchasable","21":"product-type-simple"},"_links":{"self":[{"href":"https:\/\/trinitixshop.de\/fr\/wp-json\/wp\/v2\/product\/2578","targetHints":{"allow":["GET"]}}],"collection":[{"href":"https:\/\/trinitixshop.de\/fr\/wp-json\/wp\/v2\/product"}],"about":[{"href":"https:\/\/trinitixshop.de\/fr\/wp-json\/wp\/v2\/types\/product"}],"replies":[{"embeddable":true,"href":"https:\/\/trinitixshop.de\/fr\/wp-json\/wp\/v2\/comments?post=2578"}],"wp:featuredmedia":[{"embeddable":true,"href":"https:\/\/trinitixshop.de\/fr\/wp-json\/wp\/v2\/media\/2723"}],"wp:attachment":[{"href":"https:\/\/trinitixshop.de\/fr\/wp-json\/wp\/v2\/media?parent=2578"}],"wp:term":[{"taxonomy":"product_brand","embeddable":true,"href":"https:\/\/trinitixshop.de\/fr\/wp-json\/wp\/v2\/product_brand?post=2578"},{"taxonomy":"product_cat","embeddable":true,"href":"https:\/\/trinitixshop.de\/fr\/wp-json\/wp\/v2\/product_cat?post=2578"},{"taxonomy":"product_tag","embeddable":true,"href":"https:\/\/trinitixshop.de\/fr\/wp-json\/wp\/v2\/product_tag?post=2578"}],"curies":[{"name":"wp","href":"https:\/\/api.w.org\/{rel}","templated":true}]}}