{"id":2580,"date":"2023-06-16T13:34:23","date_gmt":"2023-06-16T11:34:23","guid":{"rendered":"https:\/\/trinitixshop.de\/?post_type=product&#038;p=2580"},"modified":"2023-06-28T12:10:28","modified_gmt":"2023-06-28T10:10:28","slug":"collier-en-caoutchouc-noble-avec-pendentif-magnetique-noir-xl-xxl-1016","status":"publish","type":"product","link":"https:\/\/trinitixshop.de\/fr\/produkt\/edle-kautschukkette-mit-magnetanhaenger-schwarz-xl-xxl-1016\/","title":{"rendered":"Noble cha\u00eene en caoutchouc avec pendentif magn\u00e9tique noir XL\/XXL # 1016"},"content":{"rendered":"","protected":false},"excerpt":{"rendered":"<p>Noble collier en caoutchouc avec pendentif magn\u00e9tique # 419<br \/>\n(Acier inoxydable, uni \/ argent\u00e9, poli, taille : 14 x 7 mm. Neutre, gravable.<br \/>\nDes pendentifs et des cubes peuvent \u00eatre attach\u00e9s \u00e0 la cha\u00eene.<br \/>\n\u00f8 environ 4.9 mm. Longueur variable de 41 \u00e0 50 cm.<br \/>\nSans plastifiants canc\u00e9rig\u00e8nes !<br \/>\nIncrustations d'aimants au n\u00e9odyme d'environ 1 200 gauss.<br \/>\nAcier inoxydable, exempt de cadmium, de nickel et de plomb. Sans allergie.<br \/>\nDans un noir sobre, le collier en caoutchouc noir est particuli\u00e8rement adapt\u00e9 pour elle et lui.<br \/>\nDe plus, gr\u00e2ce \u00e0 sa double taille flexible, le collier s'adapte parfaitement \u00e0 chaque cou et se ferme super facilement gr\u00e2ce \u00e0 son fermoir moderne en acier inoxydable.<br \/>\nLe collier en caoutchouc se combine parfaitement avec les pendentifs de et constitue toujours une belle id\u00e9e de cadeau pour elle et lui. Avec fermeture en acier inoxydable.<br \/>\nDesign simple pour hommes et femmes.<\/p>","protected":false},"featured_media":2775,"comment_status":"open","ping_status":"closed","template":"","meta":[],"product_brand":[],"product_cat":[17,21],"product_tag":[25],"class_list":{"0":"post-2580","1":"product","2":"type-product","3":"status-publish","4":"has-post-thumbnail","6":"product_cat-alle-produkte","7":"product_cat-halsketten","8":"product_tag-t-prime","9":"thunk-woo-product-list","10":"opn-qv-enable","11":"top-store-woo-hover-zoom","12":"top-store-single-product-tab-horizontal","13":"top-store-shadow-","14":"top-store-shadow-hover-","16":"first","17":"instock","18":"taxable","19":"shipping-taxable","20":"purchasable","21":"product-type-variable"},"_links":{"self":[{"href":"https:\/\/trinitixshop.de\/fr\/wp-json\/wp\/v2\/product\/2580","targetHints":{"allow":["GET"]}}],"collection":[{"href":"https:\/\/trinitixshop.de\/fr\/wp-json\/wp\/v2\/product"}],"about":[{"href":"https:\/\/trinitixshop.de\/fr\/wp-json\/wp\/v2\/types\/product"}],"replies":[{"embeddable":true,"href":"https:\/\/trinitixshop.de\/fr\/wp-json\/wp\/v2\/comments?post=2580"}],"wp:featuredmedia":[{"embeddable":true,"href":"https:\/\/trinitixshop.de\/fr\/wp-json\/wp\/v2\/media\/2775"}],"wp:attachment":[{"href":"https:\/\/trinitixshop.de\/fr\/wp-json\/wp\/v2\/media?parent=2580"}],"wp:term":[{"taxonomy":"product_brand","embeddable":true,"href":"https:\/\/trinitixshop.de\/fr\/wp-json\/wp\/v2\/product_brand?post=2580"},{"taxonomy":"product_cat","embeddable":true,"href":"https:\/\/trinitixshop.de\/fr\/wp-json\/wp\/v2\/product_cat?post=2580"},{"taxonomy":"product_tag","embeddable":true,"href":"https:\/\/trinitixshop.de\/fr\/wp-json\/wp\/v2\/product_tag?post=2580"}],"curies":[{"name":"wp","href":"https:\/\/api.w.org\/{rel}","templated":true}]}}