{"id":2582,"date":"2023-06-16T13:34:23","date_gmt":"2023-06-16T11:34:23","guid":{"rendered":"https:\/\/trinitixshop.de\/?post_type=product&#038;p=2582"},"modified":"2023-06-28T10:22:48","modified_gmt":"2023-06-28T08:22:48","slug":"cristal-de-glace-snowflake-bijoux-magnetiques-pendentif-chaine-filigrane-argent","status":"publish","type":"product","link":"https:\/\/trinitixshop.de\/fr\/produkt\/eiskristall-snowflake-magnetschmuck-kettenanhaenger-filigran-silber\/","title":{"rendered":"Cristal de glace Snowflake Bijoux magn\u00e9tiques Pendentif filigrane argent"},"content":{"rendered":"<p>CH105600T<\/p>","protected":false},"excerpt":{"rendered":"<p>Bijoux magn\u00e9tiques pendentif, poli miroir. Travaill\u00e9 en filigrane et \u00e0 plat.<br \/>\n+\/- 21 x 16 x 1,5 mm.<br \/>\nId\u00e9al aussi seulement pour les enfants et les adolescents.<br \/>\nPeut \u00eatre combin\u00e9 avec les boucles d'oreilles magn\u00e9tiques #1056P.<br \/>\nIncl. ajout gratuit d'un collier universel jusqu'\u00e0 45 cm avec Lobster Clasp.<br \/>\nAcier inoxydable de haute qualit\u00e9, poli, hypoallerg\u00e9nique, sans nickel et sans allergie.<br \/>\nIncrustations d'aimants au n\u00e9odyme d'environ 1.200 gauss<\/p>","protected":false},"featured_media":2715,"comment_status":"open","ping_status":"closed","template":"","meta":[],"product_brand":[],"product_cat":[17,21],"product_tag":[24],"class_list":{"0":"post-2582","1":"product","2":"type-product","3":"status-publish","4":"has-post-thumbnail","6":"product_cat-alle-produkte","7":"product_cat-halsketten","8":"product_tag-jungbrunn","9":"thunk-woo-product-list","10":"opn-qv-enable","11":"top-store-woo-hover-zoom","12":"top-store-single-product-tab-horizontal","13":"top-store-shadow-","14":"top-store-shadow-hover-","16":"first","17":"instock","18":"sale","19":"taxable","20":"shipping-taxable","21":"purchasable","22":"product-type-simple"},"_links":{"self":[{"href":"https:\/\/trinitixshop.de\/fr\/wp-json\/wp\/v2\/product\/2582","targetHints":{"allow":["GET"]}}],"collection":[{"href":"https:\/\/trinitixshop.de\/fr\/wp-json\/wp\/v2\/product"}],"about":[{"href":"https:\/\/trinitixshop.de\/fr\/wp-json\/wp\/v2\/types\/product"}],"replies":[{"embeddable":true,"href":"https:\/\/trinitixshop.de\/fr\/wp-json\/wp\/v2\/comments?post=2582"}],"wp:featuredmedia":[{"embeddable":true,"href":"https:\/\/trinitixshop.de\/fr\/wp-json\/wp\/v2\/media\/2715"}],"wp:attachment":[{"href":"https:\/\/trinitixshop.de\/fr\/wp-json\/wp\/v2\/media?parent=2582"}],"wp:term":[{"taxonomy":"product_brand","embeddable":true,"href":"https:\/\/trinitixshop.de\/fr\/wp-json\/wp\/v2\/product_brand?post=2582"},{"taxonomy":"product_cat","embeddable":true,"href":"https:\/\/trinitixshop.de\/fr\/wp-json\/wp\/v2\/product_cat?post=2582"},{"taxonomy":"product_tag","embeddable":true,"href":"https:\/\/trinitixshop.de\/fr\/wp-json\/wp\/v2\/product_tag?post=2582"}],"curies":[{"name":"wp","href":"https:\/\/api.w.org\/{rel}","templated":true}]}}