{"id":2583,"date":"2023-06-16T13:34:23","date_gmt":"2023-06-16T11:34:23","guid":{"rendered":"https:\/\/trinitixshop.de\/?post_type=product&#038;p=2583"},"modified":"2023-06-28T10:16:45","modified_gmt":"2023-06-28T08:16:45","slug":"power-coeur-argent-avec-chaine-swarovski-crystals-1177","status":"publish","type":"product","link":"https:\/\/trinitixshop.de\/fr\/produkt\/power-herz-silber-mit-swarovski-crystals-kette-1177\/","title":{"rendered":"Power Coeur argent\u00e9 avec Swarovski Crystals + cha\u00eene # 1177"},"content":{"rendered":"<p>CH117700T<\/p>","protected":false},"excerpt":{"rendered":"<p>Faites scintiller votre tenue.<br \/>\nPendentif exceptionnel de cha\u00eene de coeur d'aimant, sans cha\u00eene.<br \/>\nUni \/ argent\u00e9 avec 3 v\u00e9ritables cristaux Swarovski scintillants \"best shining Elements\".<br \/>\nAcier inoxydable pouvant \u00eatre grav\u00e9. Finition polie. Env. 18 x 21 mm. Oeillet pour cha\u00eene \u00d8 env. 5 mm.<br \/>\nCe pendentif magn\u00e9tique en forme de c\u0153ur est un bijou intemporel et simple qui convient toujours.<br \/>\nLe design unisexe convient parfaitement \u00e0 elle &amp; \u00e0 lui. En combinaison<br \/>\nle bracelet c\u0153ur # 447, il est particuli\u00e8rement efficace.<br \/>\nD\u00e9couvrez des formes claires et un design classique pour toutes les occasions.<br \/>\nAcier inoxydable de haute qualit\u00e9, poli, hypoallerg\u00e9nique, sans nickel et sans allergie.<br \/>\nAimant n\u00e9odyme inlay avec environ 1.200 gauss.<\/p>","protected":false},"featured_media":2710,"comment_status":"open","ping_status":"closed","template":"","meta":[],"product_brand":[],"product_cat":[17,21],"product_tag":[24],"class_list":{"0":"post-2583","1":"product","2":"type-product","3":"status-publish","4":"has-post-thumbnail","6":"product_cat-alle-produkte","7":"product_cat-halsketten","8":"product_tag-jungbrunn","9":"thunk-woo-product-list","10":"opn-qv-enable","11":"top-store-woo-hover-zoom","12":"top-store-single-product-tab-horizontal","13":"top-store-shadow-","14":"top-store-shadow-hover-","16":"first","17":"instock","18":"sale","19":"taxable","20":"shipping-taxable","21":"purchasable","22":"product-type-simple"},"_links":{"self":[{"href":"https:\/\/trinitixshop.de\/fr\/wp-json\/wp\/v2\/product\/2583","targetHints":{"allow":["GET"]}}],"collection":[{"href":"https:\/\/trinitixshop.de\/fr\/wp-json\/wp\/v2\/product"}],"about":[{"href":"https:\/\/trinitixshop.de\/fr\/wp-json\/wp\/v2\/types\/product"}],"replies":[{"embeddable":true,"href":"https:\/\/trinitixshop.de\/fr\/wp-json\/wp\/v2\/comments?post=2583"}],"wp:featuredmedia":[{"embeddable":true,"href":"https:\/\/trinitixshop.de\/fr\/wp-json\/wp\/v2\/media\/2710"}],"wp:attachment":[{"href":"https:\/\/trinitixshop.de\/fr\/wp-json\/wp\/v2\/media?parent=2583"}],"wp:term":[{"taxonomy":"product_brand","embeddable":true,"href":"https:\/\/trinitixshop.de\/fr\/wp-json\/wp\/v2\/product_brand?post=2583"},{"taxonomy":"product_cat","embeddable":true,"href":"https:\/\/trinitixshop.de\/fr\/wp-json\/wp\/v2\/product_cat?post=2583"},{"taxonomy":"product_tag","embeddable":true,"href":"https:\/\/trinitixshop.de\/fr\/wp-json\/wp\/v2\/product_tag?post=2583"}],"curies":[{"name":"wp","href":"https:\/\/api.w.org\/{rel}","templated":true}]}}