{"id":2584,"date":"2023-06-16T13:34:23","date_gmt":"2023-06-16T11:34:23","guid":{"rendered":"https:\/\/trinitixshop.de\/?post_type=product&#038;p=2584"},"modified":"2025-03-25T20:49:16","modified_gmt":"2025-03-25T19:49:16","slug":"designer-power-chaine-coeur-argent-avec-3-swarovski-crystals","status":"publish","type":"product","link":"https:\/\/trinitixshop.de\/fr\/produkt\/designer-power-herz-kette-silber-mit-3-swarovski-crystals\/","title":{"rendered":"Designer Power Herz Kette silber mit 3 Swarovski Crystals # 1180"},"content":{"rendered":"<p>CH118000T<\/p>","protected":false},"excerpt":{"rendered":"<p>Faites scintiller votre tenue : pendentif design \u00e0 aimant et \u00e0 c\u0153ur<br \/>\nUni \/ argent\u00e9 avec 3 v\u00e9ritables cristaux Swarovski scintillants \"best shining Elements\".<br \/>\nAcier inoxydable pouvant \u00eatre grav\u00e9. Poli, env. 18 x 21 mm.<br \/>\nExclusif et \u00e9l\u00e9gant. Inspir\u00e9 du design du c\u0153ur d'Alessi. Surface merveilleusement arrondie.<br \/>\nEn set avec un collier \u00e0 maillons en acier inoxydable, \u00f8 env. 1,5 mm, uni \/ argent.<br \/>\nLa longueur de la cha\u00eene peut \u00eatre l\u00e9g\u00e8rement modifi\u00e9e.<br \/>\nLongueur de la cha\u00eene : 40,5 \u00e0 52 cm. Mat\u00e9riau : acier inoxydable, sans nickel allergique.<br \/>\nCouleur : argent. Fermeture \u00e0 mousqueton.<br \/>\nCe collier magn\u00e9tique en forme de c\u0153ur est un bijou intemporel et simple qui convient toujours. Le design unisexe convient parfaitement \u00e0 elle &amp; \u00e0 lui.<br \/>\nEn combinaison avec le bracelet c\u0153ur # 447 de, il est particuli\u00e8rement efficace. D\u00e9couvrez des formes claires et un design classique pour toutes les occasions.<br \/>\nCe magnifique bijou magn\u00e9tique est synonyme de l\u00e9g\u00e8ret\u00e9, d'\u00e9nergie et d'\u00e9l\u00e9gance !<br \/>\nChacun de nos bijoux est \u00e9quip\u00e9 d'aimants en n\u00e9odyme puissants et de haute qualit\u00e9.<br \/>\nAcier inoxydable de haute qualit\u00e9, poli, hypoallerg\u00e9nique, sans nickel et sans allergie.<br \/>\nAimant n\u00e9odyme inlay avec environ 1.200 gauss.<\/p>","protected":false},"featured_media":2716,"comment_status":"open","ping_status":"closed","template":"","meta":[],"product_brand":[],"product_cat":[17,21],"product_tag":[25],"class_list":{"0":"post-2584","1":"product","2":"type-product","3":"status-publish","4":"has-post-thumbnail","6":"product_cat-alle-produkte","7":"product_cat-halsketten","8":"product_tag-t-prime","9":"thunk-woo-product-list","10":"opn-qv-enable","11":"top-store-woo-hover-zoom","12":"top-store-single-product-tab-horizontal","13":"top-store-shadow-","14":"top-store-shadow-hover-","16":"first","17":"instock","18":"sale","19":"taxable","20":"shipping-taxable","21":"purchasable","22":"product-type-simple"},"_links":{"self":[{"href":"https:\/\/trinitixshop.de\/fr\/wp-json\/wp\/v2\/product\/2584","targetHints":{"allow":["GET"]}}],"collection":[{"href":"https:\/\/trinitixshop.de\/fr\/wp-json\/wp\/v2\/product"}],"about":[{"href":"https:\/\/trinitixshop.de\/fr\/wp-json\/wp\/v2\/types\/product"}],"replies":[{"embeddable":true,"href":"https:\/\/trinitixshop.de\/fr\/wp-json\/wp\/v2\/comments?post=2584"}],"wp:featuredmedia":[{"embeddable":true,"href":"https:\/\/trinitixshop.de\/fr\/wp-json\/wp\/v2\/media\/2716"}],"wp:attachment":[{"href":"https:\/\/trinitixshop.de\/fr\/wp-json\/wp\/v2\/media?parent=2584"}],"wp:term":[{"taxonomy":"product_brand","embeddable":true,"href":"https:\/\/trinitixshop.de\/fr\/wp-json\/wp\/v2\/product_brand?post=2584"},{"taxonomy":"product_cat","embeddable":true,"href":"https:\/\/trinitixshop.de\/fr\/wp-json\/wp\/v2\/product_cat?post=2584"},{"taxonomy":"product_tag","embeddable":true,"href":"https:\/\/trinitixshop.de\/fr\/wp-json\/wp\/v2\/product_tag?post=2584"}],"curies":[{"name":"wp","href":"https:\/\/api.w.org\/{rel}","templated":true}]}}