{"id":2591,"date":"2023-06-16T13:34:24","date_gmt":"2023-06-16T11:34:24","guid":{"rendered":"https:\/\/trinitixshop.de\/?post_type=product&#038;p=2591"},"modified":"2025-06-11T15:34:40","modified_gmt":"2025-06-11T13:34:40","slug":"pendentif-magnetique-escargot-avec-chaine-argent-swarovski-crystal","status":"publish","type":"product","link":"https:\/\/trinitixshop.de\/fr\/produkt\/schnecke-magnet-anhaenger-mit-kette-silber-swarovski-crystal\/","title":{"rendered":"Schnecke Magnet Anh\u00e4nger mit Kette silber + Swarovski Crystal # 1247"},"content":{"rendered":"<p>CH124700T<\/p>","protected":false},"excerpt":{"rendered":"<p>Pendentif magn\u00e9tique - escargot - env. 19 x 22 x 3 mm, argent\u00e9 \/ bross\u00e9.<br \/>\nAvec des cristaux Swarovski originaux taill\u00e9s de haute qualit\u00e9. Livr\u00e9 avec une cha\u00eene serpent en acier inoxydable avec fermoir mousqueton.<br \/>\nLongueur de la cha\u00eene individuellement env. 40 - 50 cm.<br \/>\nSymbole Signification pour la r\u00e9flexion, la sensibilit\u00e9 (les fines antennes), la prudence, la susceptibilit\u00e9, les tendances au repli sur soi (\"se retirer dans sa coquille\").<br \/>\nL'escargot est consid\u00e9r\u00e9 comme un symbole lunaire. \u00c0 cet \u00e9gard, il est \u00e9galement un symbole de renouvellement constant et de r\u00e9surrection.<br \/>\nPetit ? mais brillant.<br \/>\nLe scintillant pendentif magn\u00e9tique avec un v\u00e9ritable \u00e9l\u00e9ment Swarovski Crystal vous donnera le sourire. Associ\u00e9 \u00e0 cette cha\u00eene simple en acier inoxydable et serpent, le pendentif est particuli\u00e8rement bien mis en valeur. L'\u00e9clat du Swarovski Crystal, la force de l'aimant et l'acier inoxydable bien tol\u00e9r\u00e9 par la peau font que vous ne voudrez plus jamais enlever ce bijou.<br \/>\nAcier inoxydable de haute qualit\u00e9, poli, hypoallerg\u00e9nique, sans nickel et sans allergie.<\/p>","protected":false},"featured_media":2703,"comment_status":"open","ping_status":"closed","template":"","meta":[],"product_brand":[],"product_cat":[17,21],"product_tag":[24],"class_list":{"0":"post-2591","1":"product","2":"type-product","3":"status-publish","4":"has-post-thumbnail","6":"product_cat-alle-produkte","7":"product_cat-halsketten","8":"product_tag-jungbrunn","9":"thunk-woo-product-list","10":"opn-qv-enable","11":"top-store-woo-hover-zoom","12":"top-store-single-product-tab-horizontal","13":"top-store-shadow-","14":"top-store-shadow-hover-","16":"first","17":"instock","18":"taxable","19":"shipping-taxable","20":"purchasable","21":"product-type-simple"},"_links":{"self":[{"href":"https:\/\/trinitixshop.de\/fr\/wp-json\/wp\/v2\/product\/2591","targetHints":{"allow":["GET"]}}],"collection":[{"href":"https:\/\/trinitixshop.de\/fr\/wp-json\/wp\/v2\/product"}],"about":[{"href":"https:\/\/trinitixshop.de\/fr\/wp-json\/wp\/v2\/types\/product"}],"replies":[{"embeddable":true,"href":"https:\/\/trinitixshop.de\/fr\/wp-json\/wp\/v2\/comments?post=2591"}],"wp:featuredmedia":[{"embeddable":true,"href":"https:\/\/trinitixshop.de\/fr\/wp-json\/wp\/v2\/media\/2703"}],"wp:attachment":[{"href":"https:\/\/trinitixshop.de\/fr\/wp-json\/wp\/v2\/media?parent=2591"}],"wp:term":[{"taxonomy":"product_brand","embeddable":true,"href":"https:\/\/trinitixshop.de\/fr\/wp-json\/wp\/v2\/product_brand?post=2591"},{"taxonomy":"product_cat","embeddable":true,"href":"https:\/\/trinitixshop.de\/fr\/wp-json\/wp\/v2\/product_cat?post=2591"},{"taxonomy":"product_tag","embeddable":true,"href":"https:\/\/trinitixshop.de\/fr\/wp-json\/wp\/v2\/product_tag?post=2591"}],"curies":[{"name":"wp","href":"https:\/\/api.w.org\/{rel}","templated":true}]}}