{"id":2592,"date":"2023-06-16T13:34:24","date_gmt":"2023-06-16T11:34:24","guid":{"rendered":"https:\/\/trinitixshop.de\/?post_type=product&#038;p=2592"},"modified":"2025-07-22T15:02:06","modified_gmt":"2025-07-22T13:02:06","slug":"pendentif-dauphin-en-argent-avec-swarovski-crystal","status":"publish","type":"product","link":"https:\/\/trinitixshop.de\/fr\/produkt\/delfin-kettenanhaenger-silber-mit-swarovski-crystal\/","title":{"rendered":"Delfin Kettenanh\u00e4nger silber mit Swarovski Crystal # 1260"},"content":{"rendered":"<p>CH126000T<\/p>","protected":false},"excerpt":{"rendered":"<p>Pendentif magn\u00e9tique dauphin - Delfin - Dolphin avec un \u00e9l\u00e9ment en cristal, environ 2,8 cm, poli.<br \/>\nAvec des cristaux Swarovski originaux taill\u00e9s de haute qualit\u00e9.<\/p>\n<p>Petit ? mais brillant.<\/p>\n<p>Le pendentif magn\u00e9tique scintillant avec un v\u00e9ritable \u00e9l\u00e9ment Swarovski Crystal vous donnera le sourire.<\/p>\n<p>L'\u00e9clat des cristaux Swarovski, la force de l'aimant et l'acier inoxydable bien tol\u00e9r\u00e9 par la peau font que vous ne voudrez plus jamais quitter ce bijou.<\/p>\n<p>Acier inoxydable de haute qualit\u00e9, poli, hypoallerg\u00e9nique, sans nickel et sans allergie.<br \/>\nAimant n\u00e9odyme inlay avec environ 1.200 gauss.<\/p>\n<p>&nbsp;<\/p>\n<p>Lieferung ohne das abgebildete Textilband.<\/p>","protected":false},"featured_media":2704,"comment_status":"open","ping_status":"closed","template":"","meta":[],"product_brand":[],"product_cat":[17,21],"product_tag":[24],"class_list":{"0":"post-2592","1":"product","2":"type-product","3":"status-publish","4":"has-post-thumbnail","6":"product_cat-alle-produkte","7":"product_cat-halsketten","8":"product_tag-jungbrunn","9":"thunk-woo-product-list","10":"opn-qv-enable","11":"top-store-woo-hover-zoom","12":"top-store-single-product-tab-horizontal","13":"top-store-shadow-","14":"top-store-shadow-hover-","16":"first","17":"instock","18":"sale","19":"taxable","20":"shipping-taxable","21":"purchasable","22":"product-type-simple"},"_links":{"self":[{"href":"https:\/\/trinitixshop.de\/fr\/wp-json\/wp\/v2\/product\/2592","targetHints":{"allow":["GET"]}}],"collection":[{"href":"https:\/\/trinitixshop.de\/fr\/wp-json\/wp\/v2\/product"}],"about":[{"href":"https:\/\/trinitixshop.de\/fr\/wp-json\/wp\/v2\/types\/product"}],"replies":[{"embeddable":true,"href":"https:\/\/trinitixshop.de\/fr\/wp-json\/wp\/v2\/comments?post=2592"}],"wp:featuredmedia":[{"embeddable":true,"href":"https:\/\/trinitixshop.de\/fr\/wp-json\/wp\/v2\/media\/2704"}],"wp:attachment":[{"href":"https:\/\/trinitixshop.de\/fr\/wp-json\/wp\/v2\/media?parent=2592"}],"wp:term":[{"taxonomy":"product_brand","embeddable":true,"href":"https:\/\/trinitixshop.de\/fr\/wp-json\/wp\/v2\/product_brand?post=2592"},{"taxonomy":"product_cat","embeddable":true,"href":"https:\/\/trinitixshop.de\/fr\/wp-json\/wp\/v2\/product_cat?post=2592"},{"taxonomy":"product_tag","embeddable":true,"href":"https:\/\/trinitixshop.de\/fr\/wp-json\/wp\/v2\/product_tag?post=2592"}],"curies":[{"name":"wp","href":"https:\/\/api.w.org\/{rel}","templated":true}]}}