{"id":2595,"date":"2023-06-16T13:34:24","date_gmt":"2023-06-16T11:34:24","guid":{"rendered":"https:\/\/trinitixshop.de\/?post_type=product&#038;p=2595"},"modified":"2023-06-26T15:44:11","modified_gmt":"2023-06-26T13:44:11","slug":"coeur-cle-de-lamour-collier-de-bijoux-magnetiques-avec-swarovski-crystals","status":"publish","type":"product","link":"https:\/\/trinitixshop.de\/fr\/produkt\/herz-schluessel-der-liebe-magnetschmuck-kette-mit-swarovski-crystals\/","title":{"rendered":"Coeur - Cl\u00e9 de l'amour - Cha\u00eene de bijoux magn\u00e9tiques avec Swarovski Crystals"},"content":{"rendered":"<p>CH153900T<\/p>","protected":false},"excerpt":{"rendered":"<p>Pendentif magn\u00e9tique - Key of Love \/ Cl\u00e9 de l'amour -<br \/>\navec des cristaux Swarowski originaux.<br \/>\nLongueur env. 5.5 cm \/ largeur env. 3 cm. Poli \u00e0 haute brillance. Pi\u00e8ces uniques fabriqu\u00e9es \u00e0 la main.<br \/>\nIncl. suppl\u00e9ment gratuit d'une cha\u00eene en acier inoxydable avec fermoir \u00e0 mousqueton (env. 39 - 50 cm).<br \/>\nLe pendentif magn\u00e9tique est un accroche-regard exclusif, mais il peut aussi \u00eatre port\u00e9 avec n'importe quel autre collier.<br \/>\nL'\u00e9l\u00e9gance \u00e0 l'\u00e9tat pur - voil\u00e0 comment d\u00e9crire ce merveilleux bijou en quelques mots : Le porte-cl\u00e9s magn\u00e9tique c\u0153ur en acier inoxydable symbolise l'amour.<br \/>\nAcier inoxydable de haute qualit\u00e9, poli, hypoallerg\u00e9nique, sans nickel et sans allergie.<br \/>\nAimant n\u00e9odyme inlay avec environ 1.200 gauss.<\/p>","protected":false},"featured_media":2706,"comment_status":"open","ping_status":"closed","template":"","meta":[],"product_brand":[],"product_cat":[17,21],"product_tag":[28],"class_list":{"0":"post-2595","1":"product","2":"type-product","3":"status-publish","4":"has-post-thumbnail","6":"product_cat-alle-produkte","7":"product_cat-halsketten","8":"product_tag-kurfuerst","9":"thunk-woo-product-list","10":"opn-qv-enable","11":"top-store-woo-hover-zoom","12":"top-store-single-product-tab-horizontal","13":"top-store-shadow-","14":"top-store-shadow-hover-","16":"first","17":"instock","18":"taxable","19":"shipping-taxable","20":"purchasable","21":"product-type-simple"},"_links":{"self":[{"href":"https:\/\/trinitixshop.de\/fr\/wp-json\/wp\/v2\/product\/2595","targetHints":{"allow":["GET"]}}],"collection":[{"href":"https:\/\/trinitixshop.de\/fr\/wp-json\/wp\/v2\/product"}],"about":[{"href":"https:\/\/trinitixshop.de\/fr\/wp-json\/wp\/v2\/types\/product"}],"replies":[{"embeddable":true,"href":"https:\/\/trinitixshop.de\/fr\/wp-json\/wp\/v2\/comments?post=2595"}],"wp:featuredmedia":[{"embeddable":true,"href":"https:\/\/trinitixshop.de\/fr\/wp-json\/wp\/v2\/media\/2706"}],"wp:attachment":[{"href":"https:\/\/trinitixshop.de\/fr\/wp-json\/wp\/v2\/media?parent=2595"}],"wp:term":[{"taxonomy":"product_brand","embeddable":true,"href":"https:\/\/trinitixshop.de\/fr\/wp-json\/wp\/v2\/product_brand?post=2595"},{"taxonomy":"product_cat","embeddable":true,"href":"https:\/\/trinitixshop.de\/fr\/wp-json\/wp\/v2\/product_cat?post=2595"},{"taxonomy":"product_tag","embeddable":true,"href":"https:\/\/trinitixshop.de\/fr\/wp-json\/wp\/v2\/product_tag?post=2595"}],"curies":[{"name":"wp","href":"https:\/\/api.w.org\/{rel}","templated":true}]}}