{"id":2597,"date":"2023-06-16T13:34:27","date_gmt":"2023-06-16T11:34:27","guid":{"rendered":"https:\/\/trinitixshop.de\/?post_type=product&#038;p=2597"},"modified":"2024-12-16T19:27:30","modified_gmt":"2024-12-16T18:27:30","slug":"collier-trefle-a-quatre-feuilles-vert-avec-swarovski-crystal-en-forme-de-coeur","status":"publish","type":"product","link":"https:\/\/trinitixshop.de\/fr\/produkt\/kleeblatt-kette-gruen-mit-swarovski-crystal-in-herzform\/","title":{"rendered":"Cha\u00eene de tr\u00e8fle vert avec Swarovski Crystal en forme de c\u0153ur # 1646"},"content":{"rendered":"<p>CH164602T<\/p>","protected":false},"excerpt":{"rendered":"<p>Pi\u00e8ces uniques faites \u00e0 la main ! Pendentif magn\u00e9tique tr\u00e8fle \u00e0 quatre feuilles \/ tr\u00e8fle porte-bonheur - vert \u00e9meraude - Swarovski Tansanit Crystal en forme de c\u0153ur. Env. 2,2 x 2,6 cm. Poli \u00e0 haute brillance.<br \/>\nInclus gratuitement une cha\u00eene en acier inoxydable avec un fermoir \u00e0 mousqueton (environ 50 cm). Le pendentif magn\u00e9tique attire l'attention, mais peut aussi \u00eatre port\u00e9 avec n'importe quelle autre cha\u00eene.<br \/>\nLa signification du tr\u00e8fle \u00e0 quatre feuilles en tant que symbole de chance remonte \u00e0 la l\u00e9gende selon laquelle Eve l'aurait emport\u00e9 dans le monde humain en guise de souvenir apr\u00e8s son expulsion du paradis. De cette tradition d\u00e9coule probablement la croyance selon laquelle un tr\u00e8fle \u00e0 quatre feuilles m\u00e8ne \u00e0 la fois \u00e0 la chance et \u00e0 la richesse. Normalement, un tr\u00e8fle a trois feuilles, les tr\u00e8fles \u00e0 quatre feuilles sont rares et ne sont donc pas faciles \u00e0 d\u00e9couvrir.<br \/>\nAcier inoxydable de haute qualit\u00e9, poli, hypoallerg\u00e9nique, sans nickel et sans allergie.<br \/>\nAimant n\u00e9odyme inlay avec environ 1.200 gauss.<\/p>","protected":false},"featured_media":2696,"comment_status":"open","ping_status":"closed","template":"","meta":[],"product_brand":[],"product_cat":[17,21],"product_tag":[26],"class_list":{"0":"post-2597","1":"product","2":"type-product","3":"status-publish","4":"has-post-thumbnail","6":"product_cat-alle-produkte","7":"product_cat-halsketten","8":"product_tag-paja","9":"thunk-woo-product-list","10":"opn-qv-enable","11":"top-store-woo-hover-zoom","12":"top-store-single-product-tab-horizontal","13":"top-store-shadow-","14":"top-store-shadow-hover-","16":"first","17":"instock","18":"taxable","19":"shipping-taxable","20":"purchasable","21":"product-type-simple"},"_links":{"self":[{"href":"https:\/\/trinitixshop.de\/fr\/wp-json\/wp\/v2\/product\/2597","targetHints":{"allow":["GET"]}}],"collection":[{"href":"https:\/\/trinitixshop.de\/fr\/wp-json\/wp\/v2\/product"}],"about":[{"href":"https:\/\/trinitixshop.de\/fr\/wp-json\/wp\/v2\/types\/product"}],"replies":[{"embeddable":true,"href":"https:\/\/trinitixshop.de\/fr\/wp-json\/wp\/v2\/comments?post=2597"}],"wp:featuredmedia":[{"embeddable":true,"href":"https:\/\/trinitixshop.de\/fr\/wp-json\/wp\/v2\/media\/2696"}],"wp:attachment":[{"href":"https:\/\/trinitixshop.de\/fr\/wp-json\/wp\/v2\/media?parent=2597"}],"wp:term":[{"taxonomy":"product_brand","embeddable":true,"href":"https:\/\/trinitixshop.de\/fr\/wp-json\/wp\/v2\/product_brand?post=2597"},{"taxonomy":"product_cat","embeddable":true,"href":"https:\/\/trinitixshop.de\/fr\/wp-json\/wp\/v2\/product_cat?post=2597"},{"taxonomy":"product_tag","embeddable":true,"href":"https:\/\/trinitixshop.de\/fr\/wp-json\/wp\/v2\/product_tag?post=2597"}],"curies":[{"name":"wp","href":"https:\/\/api.w.org\/{rel}","templated":true}]}}