{"id":2598,"date":"2023-06-16T13:34:27","date_gmt":"2023-06-16T11:34:27","guid":{"rendered":"https:\/\/trinitixshop.de\/?post_type=product&#038;p=2598"},"modified":"2025-06-11T15:34:57","modified_gmt":"2025-06-11T13:34:57","slug":"ange-ange-gardien-porte-bonheur-collier-magnetique-argent","status":"publish","type":"product","link":"https:\/\/trinitixshop.de\/fr\/produkt\/engelsfluegel-schutzengel-gluecksbringer-magnetschmuck-kette-silber\/","title":{"rendered":"Engelsfl\u00fcgel Schutzengel Gl\u00fccksbringer Magnetschmuck Kette silber # 1749"},"content":{"rendered":"<p>CH174900T<\/p>","protected":false},"excerpt":{"rendered":"<p>Votre ange gardien personnel, un talisman significatif et un porte-bonheur \u00e9l\u00e9gant pour tous les jours.<br \/>\nFaites un signe \u00e0 votre ange gardien ? avec ce bras oscillant fid\u00e8le \u00e0 la nature et richement d\u00e9taill\u00e9.<br \/>\nLes plumes individuelles de l'aile ont un effet incroyablement naturel et font de ce pendentif symbolique un accessoire tr\u00e8s appr\u00e9ci\u00e9 sur le plan visuel.<br \/>\nQu'il soit accroch\u00e9 nonchalamment \u00e0 un cordon de cuir ou \u00e0 une fine cha\u00eene, il joue volontiers un r\u00f4le porteur dans votre vie.<br \/>\nUn bijou unique avec un grand souci du d\u00e9tail. Bijou gracieux fabriqu\u00e9 avec pr\u00e9cision \u00e0 la main. Un design moderne dans une qualit\u00e9 joailli\u00e8re haut de gamme.<br \/>\nEnviron 2 x 5 cm .<br \/>\nIncl. ajout gratuit d'une cha\u00eene en acier inoxydable avec fermoir \u00e0 mousqueton (env. 46-54 cm).<br \/>\nLe magnifique bijou magn\u00e9tique \" Ailes d'ange \" symbolise la paix, le bonheur et la spiritualit\u00e9.<br \/>\nChacun de nos bijoux est \u00e9quip\u00e9 d'aimants en n\u00e9odyme puissants et de haute qualit\u00e9.<br \/>\nAcier inoxydable de haute qualit\u00e9, poli, hypoallerg\u00e9nique, sans nickel et sans allergie.<br \/>\nAimant n\u00e9odyme inlay avec environ 1.200 gauss.<\/p>","protected":false},"featured_media":2676,"comment_status":"open","ping_status":"closed","template":"","meta":[],"product_brand":[],"product_cat":[17,21],"product_tag":[26],"class_list":{"0":"post-2598","1":"product","2":"type-product","3":"status-publish","4":"has-post-thumbnail","6":"product_cat-alle-produkte","7":"product_cat-halsketten","8":"product_tag-paja","9":"thunk-woo-product-list","10":"opn-qv-enable","11":"top-store-woo-hover-zoom","12":"top-store-single-product-tab-horizontal","13":"top-store-shadow-","14":"top-store-shadow-hover-","16":"first","17":"instock","18":"taxable","19":"shipping-taxable","20":"purchasable","21":"product-type-simple"},"_links":{"self":[{"href":"https:\/\/trinitixshop.de\/fr\/wp-json\/wp\/v2\/product\/2598","targetHints":{"allow":["GET"]}}],"collection":[{"href":"https:\/\/trinitixshop.de\/fr\/wp-json\/wp\/v2\/product"}],"about":[{"href":"https:\/\/trinitixshop.de\/fr\/wp-json\/wp\/v2\/types\/product"}],"replies":[{"embeddable":true,"href":"https:\/\/trinitixshop.de\/fr\/wp-json\/wp\/v2\/comments?post=2598"}],"wp:featuredmedia":[{"embeddable":true,"href":"https:\/\/trinitixshop.de\/fr\/wp-json\/wp\/v2\/media\/2676"}],"wp:attachment":[{"href":"https:\/\/trinitixshop.de\/fr\/wp-json\/wp\/v2\/media?parent=2598"}],"wp:term":[{"taxonomy":"product_brand","embeddable":true,"href":"https:\/\/trinitixshop.de\/fr\/wp-json\/wp\/v2\/product_brand?post=2598"},{"taxonomy":"product_cat","embeddable":true,"href":"https:\/\/trinitixshop.de\/fr\/wp-json\/wp\/v2\/product_cat?post=2598"},{"taxonomy":"product_tag","embeddable":true,"href":"https:\/\/trinitixshop.de\/fr\/wp-json\/wp\/v2\/product_tag?post=2598"}],"curies":[{"name":"wp","href":"https:\/\/api.w.org\/{rel}","templated":true}]}}