{"id":2599,"date":"2023-06-16T13:34:27","date_gmt":"2023-06-16T11:34:27","guid":{"rendered":"https:\/\/trinitixshop.de\/?post_type=product&#038;p=2599"},"modified":"2023-11-17T13:26:53","modified_gmt":"2023-11-17T12:26:53","slug":"demi-lune-amulette-vintage-design-email-avec-chaine-textile","status":"publish","type":"product","link":"https:\/\/trinitixshop.de\/fr\/produkt\/halbmond-vintage-amulett-emaille-design-mit-textilkette\/","title":{"rendered":"Demi-lune amulette vintage design \u00e9mail avec cha\u00eene textile"},"content":{"rendered":"<p>CH195100T<\/p>","protected":false},"excerpt":{"rendered":"<p>Des pi\u00e8ces uniques faites \u00e0 la main !<br \/>\nAmulette Demi-Lune Design Vintage comme pendentif magn\u00e9tique en \u00e9mail.<br \/>\nDemi-lune avec cha\u00eene en textile, fabriqu\u00e9e \u00e0 la main. Largeur : env. 49 mm, hauteur : env. 35 mm,<br \/>\n\u00c9paisseur : env. 3 mm. Cordon textile ( env. 90 cm ) avec partie centrale en acier inoxydable.<br \/>\nLongueur variable r\u00e9glable individuellement.<br \/>\nLa forme incomparable du pendentif HALBMOND, un design raffin\u00e9. Fabriqu\u00e9 \u00e0 la main avec amour et avec de nombreuses \u00e9tapes de travail manuel. Le design s'inspire des id\u00e9es d'artistes modernes, comme Hundertwasser, et rayonne sur toute la surface. Fabriqu\u00e9 \u00e0 partir de mat\u00e9riaux nobles dans la plus grande perfection.<br \/>\nLa fabrication de haute qualit\u00e9 en fait un bijou \u00e9l\u00e9gant et intemporel.<br \/>\nAcier inoxydable de haute qualit\u00e9, poli, hypoallerg\u00e9nique, sans nickel et sans allergie.<br \/>\nAimant n\u00e9odyme inlay avec environ 2.000 gauss.<\/p>","protected":false},"featured_media":2693,"comment_status":"open","ping_status":"closed","template":"","meta":[],"product_brand":[],"product_cat":[17,21],"product_tag":[26],"class_list":{"0":"post-2599","1":"product","2":"type-product","3":"status-publish","4":"has-post-thumbnail","6":"product_cat-alle-produkte","7":"product_cat-halsketten","8":"product_tag-paja","9":"thunk-woo-product-list","10":"opn-qv-enable","11":"top-store-woo-hover-zoom","12":"top-store-single-product-tab-horizontal","13":"top-store-shadow-","14":"top-store-shadow-hover-","16":"first","17":"instock","18":"sale","19":"taxable","20":"shipping-taxable","21":"purchasable","22":"product-type-simple"},"_links":{"self":[{"href":"https:\/\/trinitixshop.de\/fr\/wp-json\/wp\/v2\/product\/2599","targetHints":{"allow":["GET"]}}],"collection":[{"href":"https:\/\/trinitixshop.de\/fr\/wp-json\/wp\/v2\/product"}],"about":[{"href":"https:\/\/trinitixshop.de\/fr\/wp-json\/wp\/v2\/types\/product"}],"replies":[{"embeddable":true,"href":"https:\/\/trinitixshop.de\/fr\/wp-json\/wp\/v2\/comments?post=2599"}],"wp:featuredmedia":[{"embeddable":true,"href":"https:\/\/trinitixshop.de\/fr\/wp-json\/wp\/v2\/media\/2693"}],"wp:attachment":[{"href":"https:\/\/trinitixshop.de\/fr\/wp-json\/wp\/v2\/media?parent=2599"}],"wp:term":[{"taxonomy":"product_brand","embeddable":true,"href":"https:\/\/trinitixshop.de\/fr\/wp-json\/wp\/v2\/product_brand?post=2599"},{"taxonomy":"product_cat","embeddable":true,"href":"https:\/\/trinitixshop.de\/fr\/wp-json\/wp\/v2\/product_cat?post=2599"},{"taxonomy":"product_tag","embeddable":true,"href":"https:\/\/trinitixshop.de\/fr\/wp-json\/wp\/v2\/product_tag?post=2599"}],"curies":[{"name":"wp","href":"https:\/\/api.w.org\/{rel}","templated":true}]}}