{"id":2600,"date":"2023-06-16T13:34:27","date_gmt":"2023-06-16T11:34:27","guid":{"rendered":"https:\/\/trinitixshop.de\/?post_type=product&#038;p=2600"},"modified":"2024-07-07T20:49:27","modified_gmt":"2024-07-07T18:49:27","slug":"energy-magnetheart-powerheart-acier-inoxydable-cuivre-chaine-et-contre-pendentif-inclus","status":"publish","type":"product","link":"https:\/\/trinitixshop.de\/fr\/produkt\/energy-magnetheart-powerherz-edelstahl-kupfer-inkl-kette-und-gegenstueck\/","title":{"rendered":"Energy MagnetHeart Powerherz acier inoxydable\/cuivre, cha\u00eene et contrepartie incluses # 2049"},"content":{"rendered":"<p>CH20490T<\/p>","protected":false},"excerpt":{"rendered":"<p>Bio Energy MagnetHeart Pendentif cha\u00eene avec v\u00e9ritable CUIVRE.<br \/>\nIdentique \u00e0 Powerherz # 1114 \/ 177Cu, avec en plus un pendentif, \u00d8 env. 3 cm. Contre-pi\u00e8ce incluse.<br \/>\nAcier inoxydable, exempt de cadmium, de nickel et de plomb. Sans allergie.<br \/>\nY compris une cha\u00eene en silicone gratuite avec fermoir \u00e0 mousqueton (env. 47 cm, peut \u00eatre raccourcie avec un simple outil).<br \/>\nC\u0153ur magn\u00e9tique MTC id\u00e9al pour le dos, les \u00e9paules, la nuque ou le ventre. Visible ou invisible, le c\u0153ur magn\u00e9tique est un compagnon pour toute la journ\u00e9e !<br \/>\nGr\u00e2ce \u00e0 la contrepartie fournie, le Power Heart peut \u00eatre fix\u00e9 sur les v\u00eatements et port\u00e9 comme une broche.<br \/>\nLe Power Heart avec effet wellness en acier inoxydable avec un c\u00f4t\u00e9 en cuivre v\u00e9ritable. Un aimant en n\u00e9odyme d'une puissance d'environ 3000 gauss est int\u00e9gr\u00e9 au c\u0153ur de puissance.<br \/>\nEffets pr\u00e9sum\u00e9s du cuivre (CU) : favorise la formation d'anticorps dans le syst\u00e8me de d\u00e9fense, la croissance, le d\u00e9veloppement, le renforcement des os.<br \/>\nLe c\u00f4t\u00e9 cuivre est \u00e0 porter \u00e0 la peau (polarit\u00e9 : nord)<\/p>","protected":false},"featured_media":2680,"comment_status":"open","ping_status":"closed","template":"","meta":[],"product_brand":[],"product_cat":[17,21],"product_tag":[26],"class_list":{"0":"post-2600","1":"product","2":"type-product","3":"status-publish","4":"has-post-thumbnail","6":"product_cat-alle-produkte","7":"product_cat-halsketten","8":"product_tag-paja","9":"thunk-woo-product-list","10":"opn-qv-enable","11":"top-store-woo-hover-zoom","12":"top-store-single-product-tab-horizontal","13":"top-store-shadow-","14":"top-store-shadow-hover-","16":"first","17":"instock","18":"taxable","19":"shipping-taxable","20":"purchasable","21":"product-type-simple"},"_links":{"self":[{"href":"https:\/\/trinitixshop.de\/fr\/wp-json\/wp\/v2\/product\/2600","targetHints":{"allow":["GET"]}}],"collection":[{"href":"https:\/\/trinitixshop.de\/fr\/wp-json\/wp\/v2\/product"}],"about":[{"href":"https:\/\/trinitixshop.de\/fr\/wp-json\/wp\/v2\/types\/product"}],"replies":[{"embeddable":true,"href":"https:\/\/trinitixshop.de\/fr\/wp-json\/wp\/v2\/comments?post=2600"}],"wp:featuredmedia":[{"embeddable":true,"href":"https:\/\/trinitixshop.de\/fr\/wp-json\/wp\/v2\/media\/2680"}],"wp:attachment":[{"href":"https:\/\/trinitixshop.de\/fr\/wp-json\/wp\/v2\/media?parent=2600"}],"wp:term":[{"taxonomy":"product_brand","embeddable":true,"href":"https:\/\/trinitixshop.de\/fr\/wp-json\/wp\/v2\/product_brand?post=2600"},{"taxonomy":"product_cat","embeddable":true,"href":"https:\/\/trinitixshop.de\/fr\/wp-json\/wp\/v2\/product_cat?post=2600"},{"taxonomy":"product_tag","embeddable":true,"href":"https:\/\/trinitixshop.de\/fr\/wp-json\/wp\/v2\/product_tag?post=2600"}],"curies":[{"name":"wp","href":"https:\/\/api.w.org\/{rel}","templated":true}]}}