{"id":2602,"date":"2023-06-16T13:34:27","date_gmt":"2023-06-16T11:34:27","guid":{"rendered":"https:\/\/trinitixshop.de\/?post_type=product&#038;p=2602"},"modified":"2023-06-23T10:46:08","modified_gmt":"2023-06-23T08:46:08","slug":"pure-decide-magnet-edelstahlkette-technischer-vintage-style","status":"publish","type":"product","link":"https:\/\/trinitixshop.de\/fr\/produkt\/pure-decide-magnet-edelstahlkette-technischer-vintage-style\/","title":{"rendered":"Pure Decide cha\u00eene magn\u00e9tique en acier inoxydable style vintage technique"},"content":{"rendered":"<p>CH219100T<\/p>","protected":false},"excerpt":{"rendered":"<p>La d\u00e9cision pure. Inspir\u00e9e du \"Fossil Style\".<br \/>\nTechnique et noble ! Pendentif magn\u00e9tique bross\u00e9 \/ poli, \u00e0 graver - env. 35 x 17 mm.<br \/>\nY compris une cha\u00eene en acier inoxydable gratuite - Ball-Chain - avec fermoir \u00e0 mousqueton (env. 55 - 65 cm).<br \/>\nLe pendentif magn\u00e9tique attire le regard, mais il peut aussi \u00eatre port\u00e9 avec d'autres cha\u00eenes.<br \/>\nPartie centrale comme sertie de poussi\u00e8re de diamants. Inspir\u00e9 du style Fossil. Le bijou magn\u00e9tique optimal pour les types rectilignes. Le pendentif s\u00e9duit par son look d\u00e9contract\u00e9, compl\u00e9t\u00e9 par un acier inoxydable moderne et un aimant puissant.<br \/>\nLa bague correspondante porte le num\u00e9ro # 219.<br \/>\nAcier inoxydable de haute qualit\u00e9, poli, hypoallerg\u00e9nique, sans nickel et sans allergie.<br \/>\nAimant n\u00e9odyme inlay avec environ 2.000 gauss.<\/p>","protected":false},"featured_media":2683,"comment_status":"open","ping_status":"closed","template":"","meta":[],"product_brand":[],"product_cat":[17,21],"product_tag":[25],"class_list":{"0":"post-2602","1":"product","2":"type-product","3":"status-publish","4":"has-post-thumbnail","6":"product_cat-alle-produkte","7":"product_cat-halsketten","8":"product_tag-t-prime","9":"thunk-woo-product-list","10":"opn-qv-enable","11":"top-store-woo-hover-zoom","12":"top-store-single-product-tab-horizontal","13":"top-store-shadow-","14":"top-store-shadow-hover-","16":"first","17":"instock","18":"taxable","19":"shipping-taxable","20":"purchasable","21":"product-type-simple"},"_links":{"self":[{"href":"https:\/\/trinitixshop.de\/fr\/wp-json\/wp\/v2\/product\/2602","targetHints":{"allow":["GET"]}}],"collection":[{"href":"https:\/\/trinitixshop.de\/fr\/wp-json\/wp\/v2\/product"}],"about":[{"href":"https:\/\/trinitixshop.de\/fr\/wp-json\/wp\/v2\/types\/product"}],"replies":[{"embeddable":true,"href":"https:\/\/trinitixshop.de\/fr\/wp-json\/wp\/v2\/comments?post=2602"}],"wp:featuredmedia":[{"embeddable":true,"href":"https:\/\/trinitixshop.de\/fr\/wp-json\/wp\/v2\/media\/2683"}],"wp:attachment":[{"href":"https:\/\/trinitixshop.de\/fr\/wp-json\/wp\/v2\/media?parent=2602"}],"wp:term":[{"taxonomy":"product_brand","embeddable":true,"href":"https:\/\/trinitixshop.de\/fr\/wp-json\/wp\/v2\/product_brand?post=2602"},{"taxonomy":"product_cat","embeddable":true,"href":"https:\/\/trinitixshop.de\/fr\/wp-json\/wp\/v2\/product_cat?post=2602"},{"taxonomy":"product_tag","embeddable":true,"href":"https:\/\/trinitixshop.de\/fr\/wp-json\/wp\/v2\/product_tag?post=2602"}],"curies":[{"name":"wp","href":"https:\/\/api.w.org\/{rel}","templated":true}]}}