{"id":2606,"date":"2023-06-16T13:34:27","date_gmt":"2023-06-16T11:34:27","guid":{"rendered":"https:\/\/trinitixshop.de\/?post_type=product&#038;p=2606"},"modified":"2024-11-07T09:42:08","modified_gmt":"2024-11-07T08:42:08","slug":"crucifix-croix-bijoux-magnetiques-chaine-argent-simple","status":"publish","type":"product","link":"https:\/\/trinitixshop.de\/fr\/produkt\/kruzifix-kreuz-magnetschmuck-kette-silber-schlicht\/","title":{"rendered":"Crucifix Croix Bijoux magn\u00e9tiques cha\u00eene argent simple # 2613"},"content":{"rendered":"<p>CH261300T<\/p>","protected":false},"excerpt":{"rendered":"<p>Massive et \u00e9l\u00e9gante croix \/ crucifix aimant pendentif, argent poli miroir<br \/>\nTaille : environ 2,2 x 3,3 cm.<br \/>\nY compris une cha\u00eene en acier inoxydable gratuite avec fermoir \u00e0 mousqueton (env. 48 - 52,5 cm).<br \/>\nLe pendentif magn\u00e9tique est un accroche-regard exclusif, mais il peut aussi \u00eatre port\u00e9 avec n'importe quel autre collier.<br \/>\nGravure laser croix premium sur la surface.<br \/>\nLe \"Notre P\u00e8re\" est la plus ancienne pri\u00e8re de la chr\u00e9tient\u00e9. Elle unit tous les chr\u00e9tiens dans la foi et est l'adresse directe au Seigneur. Gr\u00e2ce \u00e0 ce bijou, vous pourrez d\u00e9sormais toujours porter cette confession sur votre c\u0153ur.<br \/>\nAcier inoxydable de haute qualit\u00e9, poli, hypoallerg\u00e9nique, sans nickel et sans allergie.<br \/>\nAimant n\u00e9odyme inlay avec environ 1.200 gauss.<\/p>","protected":false},"featured_media":2674,"comment_status":"open","ping_status":"closed","template":"","meta":[],"product_brand":[],"product_cat":[17,21],"product_tag":[26],"class_list":{"0":"post-2606","1":"product","2":"type-product","3":"status-publish","4":"has-post-thumbnail","6":"product_cat-alle-produkte","7":"product_cat-halsketten","8":"product_tag-paja","9":"thunk-woo-product-list","10":"opn-qv-enable","11":"top-store-woo-hover-zoom","12":"top-store-single-product-tab-horizontal","13":"top-store-shadow-","14":"top-store-shadow-hover-","16":"first","17":"instock","18":"sale","19":"taxable","20":"shipping-taxable","21":"purchasable","22":"product-type-simple"},"_links":{"self":[{"href":"https:\/\/trinitixshop.de\/fr\/wp-json\/wp\/v2\/product\/2606","targetHints":{"allow":["GET"]}}],"collection":[{"href":"https:\/\/trinitixshop.de\/fr\/wp-json\/wp\/v2\/product"}],"about":[{"href":"https:\/\/trinitixshop.de\/fr\/wp-json\/wp\/v2\/types\/product"}],"replies":[{"embeddable":true,"href":"https:\/\/trinitixshop.de\/fr\/wp-json\/wp\/v2\/comments?post=2606"}],"wp:featuredmedia":[{"embeddable":true,"href":"https:\/\/trinitixshop.de\/fr\/wp-json\/wp\/v2\/media\/2674"}],"wp:attachment":[{"href":"https:\/\/trinitixshop.de\/fr\/wp-json\/wp\/v2\/media?parent=2606"}],"wp:term":[{"taxonomy":"product_brand","embeddable":true,"href":"https:\/\/trinitixshop.de\/fr\/wp-json\/wp\/v2\/product_brand?post=2606"},{"taxonomy":"product_cat","embeddable":true,"href":"https:\/\/trinitixshop.de\/fr\/wp-json\/wp\/v2\/product_cat?post=2606"},{"taxonomy":"product_tag","embeddable":true,"href":"https:\/\/trinitixshop.de\/fr\/wp-json\/wp\/v2\/product_tag?post=2606"}],"curies":[{"name":"wp","href":"https:\/\/api.w.org\/{rel}","templated":true}]}}