{"id":2607,"date":"2023-06-16T13:34:27","date_gmt":"2023-06-16T11:34:27","guid":{"rendered":"https:\/\/trinitixshop.de\/?post_type=product&#038;p=2607"},"modified":"2023-06-23T14:03:11","modified_gmt":"2023-06-23T12:03:11","slug":"crucifix-argent-trx-croix-chaine-sobre-elegant-massif-2614","status":"publish","type":"product","link":"https:\/\/trinitixshop.de\/fr\/produkt\/kruzifix-silber-trx-kreuz-kette-schlicht-elegant-massiv-2614\/","title":{"rendered":"Crucifix argent TRX cha\u00eene croix simple \u00e9l\u00e9gant massif # 2614"},"content":{"rendered":"<p>CH261400T<\/p>","protected":false},"excerpt":{"rendered":"<p>Massif et \u00e9l\u00e9gant pendentif croix \/ crucifix magn\u00e9tique,<br \/>\nargent poli miroir avec de fines lignes en croix sur la surface.<br \/>\nTaille : environ 1,8 x 2,5 cm. \u00c9paisseur : environ 2,4 mm.<br \/>\nIncl. ajout gratuit d'une cha\u00eene en acier inoxydable avec fermoir \u00e0 mousqueton (env. 47 -52 cm).<br \/>\nLe pendentif magn\u00e9tique est un accroche-regard exclusif, mais il peut aussi \u00eatre port\u00e9 avec n'importe quel autre collier.<br \/>\nLe \"Notre P\u00e8re\" est la plus ancienne pri\u00e8re de la chr\u00e9tient\u00e9. Elle unit tous les chr\u00e9tiens dans la foi et est l'adresse directe au Seigneur. Gr\u00e2ce \u00e0 ce bijou, vous pourrez d\u00e9sormais toujours porter cette confession sur votre c\u0153ur.<br \/>\nAcier inoxydable de haute qualit\u00e9, poli, hypoallerg\u00e9nique, sans nickel et sans allergie.<br \/>\nAimant n\u00e9odyme inlay avec environ 1.200 gauss.<\/p>","protected":false},"featured_media":2699,"comment_status":"open","ping_status":"closed","template":"","meta":[],"product_brand":[],"product_cat":[17,21],"product_tag":[25],"class_list":{"0":"post-2607","1":"product","2":"type-product","3":"status-publish","4":"has-post-thumbnail","6":"product_cat-alle-produkte","7":"product_cat-halsketten","8":"product_tag-t-prime","9":"thunk-woo-product-list","10":"opn-qv-enable","11":"top-store-woo-hover-zoom","12":"top-store-single-product-tab-horizontal","13":"top-store-shadow-","14":"top-store-shadow-hover-","16":"first","17":"instock","18":"sale","19":"taxable","20":"shipping-taxable","21":"purchasable","22":"product-type-simple"},"_links":{"self":[{"href":"https:\/\/trinitixshop.de\/fr\/wp-json\/wp\/v2\/product\/2607","targetHints":{"allow":["GET"]}}],"collection":[{"href":"https:\/\/trinitixshop.de\/fr\/wp-json\/wp\/v2\/product"}],"about":[{"href":"https:\/\/trinitixshop.de\/fr\/wp-json\/wp\/v2\/types\/product"}],"replies":[{"embeddable":true,"href":"https:\/\/trinitixshop.de\/fr\/wp-json\/wp\/v2\/comments?post=2607"}],"wp:featuredmedia":[{"embeddable":true,"href":"https:\/\/trinitixshop.de\/fr\/wp-json\/wp\/v2\/media\/2699"}],"wp:attachment":[{"href":"https:\/\/trinitixshop.de\/fr\/wp-json\/wp\/v2\/media?parent=2607"}],"wp:term":[{"taxonomy":"product_brand","embeddable":true,"href":"https:\/\/trinitixshop.de\/fr\/wp-json\/wp\/v2\/product_brand?post=2607"},{"taxonomy":"product_cat","embeddable":true,"href":"https:\/\/trinitixshop.de\/fr\/wp-json\/wp\/v2\/product_cat?post=2607"},{"taxonomy":"product_tag","embeddable":true,"href":"https:\/\/trinitixshop.de\/fr\/wp-json\/wp\/v2\/product_tag?post=2607"}],"curies":[{"name":"wp","href":"https:\/\/api.w.org\/{rel}","templated":true}]}}