{"id":2608,"date":"2023-06-16T13:34:27","date_gmt":"2023-06-16T11:34:27","guid":{"rendered":"https:\/\/trinitixshop.de\/?post_type=product&#038;p=2608"},"modified":"2023-06-16T16:13:29","modified_gmt":"2023-06-16T14:13:29","slug":"pendentif-patte-magnetique-argent-y-compris-chaine-silicone-grise-avec-swarovski-crystal","status":"publish","type":"product","link":"https:\/\/trinitixshop.de\/fr\/produkt\/pfote-magnet-kettenanhaenger-silber-inkl-silikonkette-grau-mit-swarovski-crystal\/","title":{"rendered":"Patte aimant pendentif argent incl. cha\u00eene silicone grise avec Swarovski Crystal"},"content":{"rendered":"<p>CH271400T<\/p>","protected":false},"excerpt":{"rendered":"<p>Pendentif magn\u00e9tique - patte argent - \"miroir\", env. 1,8 x 2,2 cm,<br \/>\navec \u00e9l\u00e9ment Swarovski original taill\u00e9 de haute qualit\u00e9.<br \/>\nUn accroche-regard \"animal\" pour tous les jours.<br \/>\nAvec les boucles d'oreilles assorties ( # 1387P ) et le bracelet magn\u00e9tique<br \/>\nPatte ( # 2153 ou # 7141), des apparitions efficaces sont garanties.<br \/>\nIncl. une cha\u00eene en silicone grise avec fermoir \u00e0 mousqueton (env. 43,5 - 55 cm ).<br \/>\nLes magnifiques bijoux magn\u00e9tiques sont synonymes de l\u00e9g\u00e8ret\u00e9, d'\u00e9nergie et d'\u00e9l\u00e9gance ! Chacun de nos bijoux est dot\u00e9 d'aimants n\u00e9odyme puissants et de haute qualit\u00e9.<br \/>\nAcier inoxydable de haute qualit\u00e9, poli, hypoallerg\u00e9nique, sans nickel et sans allergie.<br \/>\nAimant n\u00e9odyme inlay avec environ 1.200 gauss.<\/p>","protected":false},"featured_media":2669,"comment_status":"open","ping_status":"closed","template":"","meta":[],"product_brand":[],"product_cat":[17,21],"product_tag":[25],"class_list":{"0":"post-2608","1":"product","2":"type-product","3":"status-publish","4":"has-post-thumbnail","6":"product_cat-alle-produkte","7":"product_cat-halsketten","8":"product_tag-t-prime","9":"thunk-woo-product-list","10":"opn-qv-enable","11":"top-store-woo-hover-zoom","12":"top-store-single-product-tab-horizontal","13":"top-store-shadow-","14":"top-store-shadow-hover-","16":"first","17":"instock","18":"sale","19":"taxable","20":"shipping-taxable","21":"purchasable","22":"product-type-simple"},"_links":{"self":[{"href":"https:\/\/trinitixshop.de\/fr\/wp-json\/wp\/v2\/product\/2608","targetHints":{"allow":["GET"]}}],"collection":[{"href":"https:\/\/trinitixshop.de\/fr\/wp-json\/wp\/v2\/product"}],"about":[{"href":"https:\/\/trinitixshop.de\/fr\/wp-json\/wp\/v2\/types\/product"}],"replies":[{"embeddable":true,"href":"https:\/\/trinitixshop.de\/fr\/wp-json\/wp\/v2\/comments?post=2608"}],"wp:featuredmedia":[{"embeddable":true,"href":"https:\/\/trinitixshop.de\/fr\/wp-json\/wp\/v2\/media\/2669"}],"wp:attachment":[{"href":"https:\/\/trinitixshop.de\/fr\/wp-json\/wp\/v2\/media?parent=2608"}],"wp:term":[{"taxonomy":"product_brand","embeddable":true,"href":"https:\/\/trinitixshop.de\/fr\/wp-json\/wp\/v2\/product_brand?post=2608"},{"taxonomy":"product_cat","embeddable":true,"href":"https:\/\/trinitixshop.de\/fr\/wp-json\/wp\/v2\/product_cat?post=2608"},{"taxonomy":"product_tag","embeddable":true,"href":"https:\/\/trinitixshop.de\/fr\/wp-json\/wp\/v2\/product_tag?post=2608"}],"curies":[{"name":"wp","href":"https:\/\/api.w.org\/{rel}","templated":true}]}}