{"id":2609,"date":"2023-06-16T13:34:27","date_gmt":"2023-06-16T11:34:27","guid":{"rendered":"https:\/\/trinitixshop.de\/?post_type=product&#038;p=2609"},"modified":"2023-06-16T16:15:55","modified_gmt":"2023-06-16T14:15:55","slug":"wings-medaillon-pendentif-magnetique-avec-chaine-swarovski-quartz-rose-crystal","status":"publish","type":"product","link":"https:\/\/trinitixshop.de\/fr\/produkt\/wings-medaillon-magnet-kettenanhaenger-mit-kette-swarovski-rosenquartz-crystal\/","title":{"rendered":"Wings M\u00e9daillon Aimant Pendentif avec Cha\u00eene + Swarovski Quartz Rose Crystal"},"content":{"rendered":"<p>CH277400T<\/p>","protected":false},"excerpt":{"rendered":"<p>Des pi\u00e8ces uniques faites \u00e0 la main !<br \/>\nPendentif Wings Magnet orn\u00e9 de quartz rose original Swarovski Crystal, env. \u00d8 25 mm. Epaisseur env. 2.9 mm, poli miroir.<br \/>\nInspir\u00e9e du design Sabo.<br \/>\nCha\u00eene en acier inoxydable avec fermoir \u00e0 mousqueton incluse (env. 40,5 - 52 cm).<br \/>\nLe pendentif magn\u00e9tique attire le regard et peut \u00e9galement \u00eatre port\u00e9 avec n'importe quel autre collier.<br \/>\nLorsque nous voyons des ailes, notre premi\u00e8re pens\u00e9e est de voler, mais si nous laissons libre cours \u00e0 notre imagination, le symbole de l'aile est notre salut. Nous r\u00e9alisons qu'il est possible de fuir et de s'\u00e9chapper des choses qui nous lient ou qui peuvent lib\u00e9rer notre \u00e2me. Les ailes symbolisent la paix, l'amour, la terre et l'air, la mortalit\u00e9 et le divin.<br \/>\nParfois, il nous montre les \u00eatres surnaturels et magiques comme par exemple les dragons, les griffons, les f\u00e9es, les papillons, les abeilles, P\u00e9gase et ainsi de suite....<br \/>\nLes magnifiques bijoux magn\u00e9tiques sont synonymes de l\u00e9g\u00e8ret\u00e9, d'\u00e9nergie et d'\u00e9l\u00e9gance ! Chacun de nos bijoux est dot\u00e9 d'aimants n\u00e9odyme puissants et de haute qualit\u00e9.<br \/>\nAcier inoxydable de haute qualit\u00e9, poli, hypoallerg\u00e9nique, sans nickel et sans allergie.<br \/>\nAimant n\u00e9odyme inlay avec environ 1.200 gauss.<\/p>","protected":false},"featured_media":2671,"comment_status":"open","ping_status":"closed","template":"","meta":[],"product_brand":[],"product_cat":[17,21],"product_tag":[25],"class_list":{"0":"post-2609","1":"product","2":"type-product","3":"status-publish","4":"has-post-thumbnail","6":"product_cat-alle-produkte","7":"product_cat-halsketten","8":"product_tag-t-prime","9":"thunk-woo-product-list","10":"opn-qv-enable","11":"top-store-woo-hover-zoom","12":"top-store-single-product-tab-horizontal","13":"top-store-shadow-","14":"top-store-shadow-hover-","16":"first","17":"instock","18":"sale","19":"taxable","20":"shipping-taxable","21":"purchasable","22":"product-type-simple"},"_links":{"self":[{"href":"https:\/\/trinitixshop.de\/fr\/wp-json\/wp\/v2\/product\/2609","targetHints":{"allow":["GET"]}}],"collection":[{"href":"https:\/\/trinitixshop.de\/fr\/wp-json\/wp\/v2\/product"}],"about":[{"href":"https:\/\/trinitixshop.de\/fr\/wp-json\/wp\/v2\/types\/product"}],"replies":[{"embeddable":true,"href":"https:\/\/trinitixshop.de\/fr\/wp-json\/wp\/v2\/comments?post=2609"}],"wp:featuredmedia":[{"embeddable":true,"href":"https:\/\/trinitixshop.de\/fr\/wp-json\/wp\/v2\/media\/2671"}],"wp:attachment":[{"href":"https:\/\/trinitixshop.de\/fr\/wp-json\/wp\/v2\/media?parent=2609"}],"wp:term":[{"taxonomy":"product_brand","embeddable":true,"href":"https:\/\/trinitixshop.de\/fr\/wp-json\/wp\/v2\/product_brand?post=2609"},{"taxonomy":"product_cat","embeddable":true,"href":"https:\/\/trinitixshop.de\/fr\/wp-json\/wp\/v2\/product_cat?post=2609"},{"taxonomy":"product_tag","embeddable":true,"href":"https:\/\/trinitixshop.de\/fr\/wp-json\/wp\/v2\/product_tag?post=2609"}],"curies":[{"name":"wp","href":"https:\/\/api.w.org\/{rel}","templated":true}]}}