{"id":2610,"date":"2023-06-16T13:34:27","date_gmt":"2023-06-16T11:34:27","guid":{"rendered":"https:\/\/trinitixshop.de\/?post_type=product&#038;p=2610"},"modified":"2023-06-23T11:15:30","modified_gmt":"2023-06-23T09:15:30","slug":"chien-patte-collier-pendentif-dog-tag","status":"publish","type":"product","link":"https:\/\/trinitixshop.de\/fr\/produkt\/hunde-pfote-halsbandschmuck-kettenanhaenger-dog-tag\/","title":{"rendered":"Collier patte de chien + pendentif Dog Tag"},"content":{"rendered":"<p>CH278900T<\/p>","protected":false},"excerpt":{"rendered":"<p>Pendentif magn\u00e9tique Dog Tag patte. Poids env. 12 grammes. Taille env. 3 x 2,7 cm. Les propri\u00e9taires de chiens ne seront pas les seuls \u00e0 se r\u00e9jouir de ce pendentif.<br \/>\nPour les animaux : ce bijou facile \u00e0 attacher au collier est enti\u00e8rement fabriqu\u00e9 en acier inoxydable et enchante avec un \u00e9l\u00e9gant motif de pattes. Le pendentif dispose d'une extension stable (env. 5 cm). Peut \u00eatre grav\u00e9 avec les donn\u00e9es de votre animal pr\u00e9f\u00e9r\u00e9.<br \/>\nPour \"ma\u00eetre\" ou \"ma\u00eetresse\" :<br \/>\nMais gr\u00e2ce \u00e0 l'\u0153illet et \u00e0 l'\u00e9l\u00e9ment de connexion, le pendentif bijou magn\u00e9tique peut \u00e9galement \u00eatre port\u00e9 sur n'importe quelle cha\u00eene ou collier traditionnel.<br \/>\nLes magnifiques bijoux magn\u00e9tiques sont synonymes de l\u00e9g\u00e8ret\u00e9, d'\u00e9nergie et d'\u00e9l\u00e9gance ! Chacun de nos bijoux est dot\u00e9 d'aimants n\u00e9odyme puissants et de haute qualit\u00e9.<br \/>\nAcier inoxydable de haute qualit\u00e9, poli, hypoallerg\u00e9nique, sans nickel et sans allergie.<br \/>\nAimant n\u00e9odyme inlay avec environ 1.200 gauss.<\/p>","protected":false},"featured_media":2690,"comment_status":"open","ping_status":"closed","template":"","meta":[],"product_brand":[],"product_cat":[17,21],"product_tag":[24],"class_list":{"0":"post-2610","1":"product","2":"type-product","3":"status-publish","4":"has-post-thumbnail","6":"product_cat-alle-produkte","7":"product_cat-halsketten","8":"product_tag-jungbrunn","9":"thunk-woo-product-list","10":"opn-qv-enable","11":"top-store-woo-hover-zoom","12":"top-store-single-product-tab-horizontal","13":"top-store-shadow-","14":"top-store-shadow-hover-","16":"first","17":"instock","18":"sale","19":"taxable","20":"shipping-taxable","21":"purchasable","22":"product-type-simple"},"_links":{"self":[{"href":"https:\/\/trinitixshop.de\/fr\/wp-json\/wp\/v2\/product\/2610","targetHints":{"allow":["GET"]}}],"collection":[{"href":"https:\/\/trinitixshop.de\/fr\/wp-json\/wp\/v2\/product"}],"about":[{"href":"https:\/\/trinitixshop.de\/fr\/wp-json\/wp\/v2\/types\/product"}],"replies":[{"embeddable":true,"href":"https:\/\/trinitixshop.de\/fr\/wp-json\/wp\/v2\/comments?post=2610"}],"wp:featuredmedia":[{"embeddable":true,"href":"https:\/\/trinitixshop.de\/fr\/wp-json\/wp\/v2\/media\/2690"}],"wp:attachment":[{"href":"https:\/\/trinitixshop.de\/fr\/wp-json\/wp\/v2\/media?parent=2610"}],"wp:term":[{"taxonomy":"product_brand","embeddable":true,"href":"https:\/\/trinitixshop.de\/fr\/wp-json\/wp\/v2\/product_brand?post=2610"},{"taxonomy":"product_cat","embeddable":true,"href":"https:\/\/trinitixshop.de\/fr\/wp-json\/wp\/v2\/product_cat?post=2610"},{"taxonomy":"product_tag","embeddable":true,"href":"https:\/\/trinitixshop.de\/fr\/wp-json\/wp\/v2\/product_tag?post=2610"}],"curies":[{"name":"wp","href":"https:\/\/api.w.org\/{rel}","templated":true}]}}