{"id":2611,"date":"2023-06-16T13:34:27","date_gmt":"2023-06-16T11:34:27","guid":{"rendered":"https:\/\/trinitixshop.de\/?post_type=product&#038;p=2611"},"modified":"2023-06-23T13:46:40","modified_gmt":"2023-06-23T11:46:40","slug":"fleur-de-vie-collier-de-bijoux-magnetiques-avec-swarovski-ice-crystal-2792","status":"publish","type":"product","link":"https:\/\/trinitixshop.de\/fr\/produkt\/blume-des-lebens-magnetschmuck-kette-mit-swarovski-ice-crystal-2792\/","title":{"rendered":"Fleur de vie collier de bijoux magn\u00e9tiques avec Swarovski Ice-Crystal # 2792"},"content":{"rendered":"<p>CH279200T<\/p>","protected":false},"excerpt":{"rendered":"<p>Des pi\u00e8ces uniques faites \u00e0 la main !<br \/>\nFlower of Life \/ Fleur de vie \/ Flor da Vida - Aimant<br \/>\nPendentif de cha\u00eene orn\u00e9 d'un cristal de glace original Swarovski - environ \u00d8 25 mm, un poids plume d'environ 7 grammes, \u00e9paisseur d'environ 2,4 mm, poli miroir.<br \/>\nInclus gratuitement une cha\u00eene en acier inoxydable avec fermoir \u00e0 mousqueton (env. 41 - 52 cm). Le pendentif magn\u00e9tique attire le regard et peut \u00e9galement \u00eatre port\u00e9 avec n'importe quelle autre cha\u00eene.<br \/>\nL'\u00e9l\u00e9gance \u00e0 l'\u00e9tat pur - voil\u00e0 comment d\u00e9crire ce magnifique bijou en quelques mots. La Flower of Life, ou en fran\u00e7ais la fleur de vie, est la base de tout ce qui existe.<br \/>\nC'est un mod\u00e8le de cr\u00e9ation g\u00e9om\u00e9trique, mais aussi une forme multidimensionnelle. Tout dans l'univers est construit sur ce mod\u00e8le et tout peut y \u00eatre ramen\u00e9. Cela peut sembler improbable, car ce mod\u00e8le semble si simple, mais on peut l'expliquer clairement.<br \/>\nLes magnifiques bijoux magn\u00e9tiques sont synonymes de l\u00e9g\u00e8ret\u00e9, d'\u00e9nergie et d'\u00e9l\u00e9gance ! Chacun de nos bijoux est dot\u00e9 d'aimants n\u00e9odyme puissants et de haute qualit\u00e9.<br \/>\nAcier inoxydable de haute qualit\u00e9, poli, hypoallerg\u00e9nique, sans nickel et sans allergie. Aimant n\u00e9odyme incrust\u00e9 d'environ 1.200 gauss.<\/p>","protected":false},"featured_media":2698,"comment_status":"open","ping_status":"closed","template":"","meta":[],"product_brand":[],"product_cat":[17,21],"product_tag":[25],"class_list":{"0":"post-2611","1":"product","2":"type-product","3":"status-publish","4":"has-post-thumbnail","6":"product_cat-alle-produkte","7":"product_cat-halsketten","8":"product_tag-t-prime","9":"thunk-woo-product-list","10":"opn-qv-enable","11":"top-store-woo-hover-zoom","12":"top-store-single-product-tab-horizontal","13":"top-store-shadow-","14":"top-store-shadow-hover-","16":"first","17":"instock","18":"taxable","19":"shipping-taxable","20":"purchasable","21":"product-type-simple"},"_links":{"self":[{"href":"https:\/\/trinitixshop.de\/fr\/wp-json\/wp\/v2\/product\/2611","targetHints":{"allow":["GET"]}}],"collection":[{"href":"https:\/\/trinitixshop.de\/fr\/wp-json\/wp\/v2\/product"}],"about":[{"href":"https:\/\/trinitixshop.de\/fr\/wp-json\/wp\/v2\/types\/product"}],"replies":[{"embeddable":true,"href":"https:\/\/trinitixshop.de\/fr\/wp-json\/wp\/v2\/comments?post=2611"}],"wp:featuredmedia":[{"embeddable":true,"href":"https:\/\/trinitixshop.de\/fr\/wp-json\/wp\/v2\/media\/2698"}],"wp:attachment":[{"href":"https:\/\/trinitixshop.de\/fr\/wp-json\/wp\/v2\/media?parent=2611"}],"wp:term":[{"taxonomy":"product_brand","embeddable":true,"href":"https:\/\/trinitixshop.de\/fr\/wp-json\/wp\/v2\/product_brand?post=2611"},{"taxonomy":"product_cat","embeddable":true,"href":"https:\/\/trinitixshop.de\/fr\/wp-json\/wp\/v2\/product_cat?post=2611"},{"taxonomy":"product_tag","embeddable":true,"href":"https:\/\/trinitixshop.de\/fr\/wp-json\/wp\/v2\/product_tag?post=2611"}],"curies":[{"name":"wp","href":"https:\/\/api.w.org\/{rel}","templated":true}]}}