{"id":2615,"date":"2023-06-16T13:34:28","date_gmt":"2023-06-16T11:34:28","guid":{"rendered":"https:\/\/trinitixshop.de\/?post_type=product&#038;p=2615"},"modified":"2023-06-16T14:43:03","modified_gmt":"2023-06-16T12:43:03","slug":"mosaique-medaillon-pave-de-cristal-mer-declats-avec-pierres-precieuses-svarovski","status":"publish","type":"product","link":"https:\/\/trinitixshop.de\/fr\/produkt\/mosaik-medallion-kristallpave-scherbenmeer-mit-svarovski-edelsteinen\/","title":{"rendered":"Mosa\u00efque Medallion Pave de cristal \"Mer d'\u00e9clats\" avec pierres pr\u00e9cieuses Svarovski"},"content":{"rendered":"<p>CH287900T<\/p>","protected":false},"excerpt":{"rendered":"<p>Une \"mer d'\u00e9clats\" - color\u00e9e et belle.... ! !<br \/>\nLe pendentif magn\u00e9tique en pav\u00e9 de cristal travaill\u00e9 \u00e0 la main avec des cristaux Svarovski m\u00e9lang\u00e9s de diff\u00e9rentes tailles et facettes rappelle une mosa\u00efque fascinante et assure un design s\u00e9duisant.<br \/>\nInspir\u00e9e du design Sabo.<br \/>\nLe pendentif en acier inoxydable argent\u00e9 ( \u00d8 35 mm, 16 grammes ) sur une,<br \/>\nLa cha\u00eene longue ( 41 cm plus 11 cm de rallonge ) conf\u00e8re \u00e0 votre look d\u00e9contract\u00e9 un magnifique scintillement et s\u00e9duit par son \u00e9clat brillant.<br \/>\nL'amulette en pav\u00e9 de cristal est fabriqu\u00e9e \u00e0 la main avec la plus grande pr\u00e9cision et le plus grand soin. L'acier inoxydable de haute qualit\u00e9 utilis\u00e9 pour le pendentif est antiallergique et bien tol\u00e9r\u00e9 par la peau, l'alliage du bijou est r\u00e9alis\u00e9 par ionisation, poli miroir.<br \/>\nY compris une cha\u00eene en acier inoxydable gratuite avec fermoir \u00e0 mousqueton (env. 41 - 52 cm).<br \/>\nLe pendentif magn\u00e9tique attire l'attention, mais il peut aussi \u00eatre port\u00e9 avec de nombreux autres colliers.<br \/>\nCe magnifique bijou magn\u00e9tique est synonyme de l\u00e9g\u00e8ret\u00e9, d'\u00e9nergie et d'\u00e9l\u00e9gance !<br \/>\nChacun de nos bijoux est \u00e9quip\u00e9 d'aimants en n\u00e9odyme puissants et de haute qualit\u00e9.<br \/>\nAcier inoxydable de haute qualit\u00e9, poli, hypoallerg\u00e9nique, sans nickel et sans allergie.<br \/>\nAimant n\u00e9odyme inlay avec environ 1.800 gauss.<\/p>","protected":false},"featured_media":2656,"comment_status":"open","ping_status":"closed","template":"","meta":[],"product_brand":[],"product_cat":[17,21],"product_tag":[26],"class_list":{"0":"post-2615","1":"product","2":"type-product","3":"status-publish","4":"has-post-thumbnail","6":"product_cat-alle-produkte","7":"product_cat-halsketten","8":"product_tag-paja","9":"thunk-woo-product-list","10":"opn-qv-enable","11":"top-store-woo-hover-zoom","12":"top-store-single-product-tab-horizontal","13":"top-store-shadow-","14":"top-store-shadow-hover-","16":"first","17":"instock","18":"sale","19":"taxable","20":"shipping-taxable","21":"purchasable","22":"product-type-simple"},"_links":{"self":[{"href":"https:\/\/trinitixshop.de\/fr\/wp-json\/wp\/v2\/product\/2615","targetHints":{"allow":["GET"]}}],"collection":[{"href":"https:\/\/trinitixshop.de\/fr\/wp-json\/wp\/v2\/product"}],"about":[{"href":"https:\/\/trinitixshop.de\/fr\/wp-json\/wp\/v2\/types\/product"}],"replies":[{"embeddable":true,"href":"https:\/\/trinitixshop.de\/fr\/wp-json\/wp\/v2\/comments?post=2615"}],"wp:featuredmedia":[{"embeddable":true,"href":"https:\/\/trinitixshop.de\/fr\/wp-json\/wp\/v2\/media\/2656"}],"wp:attachment":[{"href":"https:\/\/trinitixshop.de\/fr\/wp-json\/wp\/v2\/media?parent=2615"}],"wp:term":[{"taxonomy":"product_brand","embeddable":true,"href":"https:\/\/trinitixshop.de\/fr\/wp-json\/wp\/v2\/product_brand?post=2615"},{"taxonomy":"product_cat","embeddable":true,"href":"https:\/\/trinitixshop.de\/fr\/wp-json\/wp\/v2\/product_cat?post=2615"},{"taxonomy":"product_tag","embeddable":true,"href":"https:\/\/trinitixshop.de\/fr\/wp-json\/wp\/v2\/product_tag?post=2615"}],"curies":[{"name":"wp","href":"https:\/\/api.w.org\/{rel}","templated":true}]}}