{"id":2618,"date":"2023-06-16T13:34:28","date_gmt":"2023-06-16T11:34:28","guid":{"rendered":"https:\/\/trinitixshop.de\/?post_type=product&#038;p=2618"},"modified":"2023-06-16T15:58:03","modified_gmt":"2023-06-16T13:58:03","slug":"rhombus-losange-de-la-puissance-set-pendentif-magnetique-avec-chaine-swarovski-crystal","status":"publish","type":"product","link":"https:\/\/trinitixshop.de\/fr\/produkt\/rhombus-raute-der-macht-set-magnet-anhaenger-mit-kette-swarovski-crystal\/","title":{"rendered":"Rhombe losange de puissance Set pendentif magn\u00e9tique avec cha\u00eene + Swarovski Crystal"},"content":{"rendered":"<p>CH302800T<\/p>","protected":false},"excerpt":{"rendered":"<p>Pendentif magn\u00e9tique - Rhombe losange de puissance - env. 45 x 33 mm, avec des cristaux Swarovski originaux taill\u00e9s de haute qualit\u00e9.<br \/>\nLivr\u00e9 avec une cha\u00eenette en acier inoxydable avec un fermoir \u00e0 mousqueton.<br \/>\nLongueur de la cha\u00eene individuellement env. 47 - 52 cm.<br \/>\nLe losange symbolise la s\u00e9r\u00e9nit\u00e9 - la concentration - la force int\u00e9rieure - la confiance et l'attention. Inspir\u00e9 par le geste particulier de la main de l'ex. Angela Merkel \" Merkel-Raute \", doigt sur doigt, comme une pyramide. Mais de nombreux autres hommes politiques ainsi que des personnalit\u00e9s connues pr\u00e9sentent \u00e9galement ce losange. Le losange est une forme sp\u00e9ciale du parall\u00e9logramme.<br \/>\nQu'exprime le geste du losange ? En premier lieu, il symbolise la confiance. Celui qui, lors d'une conversation, place le bout de chaque doigt l'un sur l'autre et forme une sorte de pyramide avec ses mains, est s\u00fbr de lui et croit en ce qu'il dit. Il n'y a gu\u00e8re de signe plus fort de force int\u00e9rieure. Sentez-vous \u00e9quilibr\u00e9 et soutenu ! Tout cela fait que ce bijou est plus important qu'un simple accessoire d'une beaut\u00e9 unique.<br \/>\nLes magnifiques bijoux magn\u00e9tiques sont synonymes de l\u00e9g\u00e8ret\u00e9, d'\u00e9nergie et d'\u00e9l\u00e9gance ! Chacun de nos bijoux est dot\u00e9 d'aimants n\u00e9odyme puissants et de haute qualit\u00e9.<br \/>\nAcier inoxydable de haute qualit\u00e9, poli, hypoallerg\u00e9nique, sans nickel et sans allergie.Aimant n\u00e9odyme incrust\u00e9 d'environ 1.200 gauss.<\/p>","protected":false},"featured_media":2661,"comment_status":"open","ping_status":"closed","template":"","meta":[],"product_brand":[],"product_cat":[17,21],"product_tag":[26],"class_list":{"0":"post-2618","1":"product","2":"type-product","3":"status-publish","4":"has-post-thumbnail","6":"product_cat-alle-produkte","7":"product_cat-halsketten","8":"product_tag-paja","9":"thunk-woo-product-list","10":"opn-qv-enable","11":"top-store-woo-hover-zoom","12":"top-store-single-product-tab-horizontal","13":"top-store-shadow-","14":"top-store-shadow-hover-","16":"first","17":"instock","18":"taxable","19":"shipping-taxable","20":"purchasable","21":"product-type-simple"},"_links":{"self":[{"href":"https:\/\/trinitixshop.de\/fr\/wp-json\/wp\/v2\/product\/2618","targetHints":{"allow":["GET"]}}],"collection":[{"href":"https:\/\/trinitixshop.de\/fr\/wp-json\/wp\/v2\/product"}],"about":[{"href":"https:\/\/trinitixshop.de\/fr\/wp-json\/wp\/v2\/types\/product"}],"replies":[{"embeddable":true,"href":"https:\/\/trinitixshop.de\/fr\/wp-json\/wp\/v2\/comments?post=2618"}],"wp:featuredmedia":[{"embeddable":true,"href":"https:\/\/trinitixshop.de\/fr\/wp-json\/wp\/v2\/media\/2661"}],"wp:attachment":[{"href":"https:\/\/trinitixshop.de\/fr\/wp-json\/wp\/v2\/media?parent=2618"}],"wp:term":[{"taxonomy":"product_brand","embeddable":true,"href":"https:\/\/trinitixshop.de\/fr\/wp-json\/wp\/v2\/product_brand?post=2618"},{"taxonomy":"product_cat","embeddable":true,"href":"https:\/\/trinitixshop.de\/fr\/wp-json\/wp\/v2\/product_cat?post=2618"},{"taxonomy":"product_tag","embeddable":true,"href":"https:\/\/trinitixshop.de\/fr\/wp-json\/wp\/v2\/product_tag?post=2618"}],"curies":[{"name":"wp","href":"https:\/\/api.w.org\/{rel}","templated":true}]}}