{"id":2626,"date":"2023-06-16T13:34:31","date_gmt":"2023-06-16T11:34:31","guid":{"rendered":"https:\/\/trinitixshop.de\/?post_type=product&#038;p=2626"},"modified":"2023-06-16T14:00:53","modified_gmt":"2023-06-16T12:00:53","slug":"marx-rio-stern-collection-or-rose-avec-19-swarovski-crystals","status":"publish","type":"product","link":"https:\/\/trinitixshop.de\/fr\/produkt\/marx-rio-stern-collection-rosegold-mit-19-swarovski-crystals\/","title":{"rendered":"Marx Rio Stern Collection or rose avec 19 Swarovski Crystals"},"content":{"rendered":"<p>CH903100T<\/p>","protected":false},"excerpt":{"rendered":"<p>Un motif caract\u00e9ristique tr\u00e8s exclusif.<br \/>\nDes cercles et des lignes g\u00e9om\u00e9triques adapt\u00e9s \u00e0 l'environnement, refl\u00e9tant une passion intense pour la nature.<br \/>\nUne forme d'expression particuli\u00e8rement artistique et cr\u00e9ative. Forme, jeu de couleurs et proportion dans la nouvelle collection.<br \/>\nCompl\u00e9t\u00e9 par 18 cristaux Swarovski scintillants.<br \/>\nTaille d'environ 2,5 x 3 cm. \u00c9paisseur de 4 mm. Cha\u00eene \u00e0 maillons carr\u00e9s en acier inoxydable gratuite. Longueur r\u00e9glable de 41 \u00e0 52 cm.<br \/>\nLe scintillant pendentif magn\u00e9tique avec 18 v\u00e9ritables Swarovski Crystal Elements vous donnera le sourire. Associ\u00e9 \u00e0 cette simple cha\u00eene carr\u00e9e en acier inoxydable, le pendentif est particuli\u00e8rement bien mis en valeur.<br \/>\nL'\u00e9clat des cristaux Swarovski, la force de l'aimant et l'acier inoxydable bien tol\u00e9r\u00e9 par la peau font que vous ne voudrez plus jamais quitter ce bijou.<br \/>\nCe pendentif magn\u00e9tique a un effet myst\u00e9rieux, glamour ou m\u00eame s\u00e9duisant.<br \/>\nUn cadeau unique en son genre. Offrir un vrai plaisir fait partie des valeurs que nous r\u00e9inventons sans cesse.<br \/>\nL'\u00e9l\u00e9gance \u00e0 l'\u00e9tat pur - voil\u00e0 comment d\u00e9crire ce magnifique bijou en deux mots seulement.<br \/>\nCe magnifique bijou magn\u00e9tique est synonyme de l\u00e9g\u00e8ret\u00e9, d'\u00e9nergie et d'\u00e9l\u00e9gance !<br \/>\nChacun de nos bijoux est \u00e9quip\u00e9 d'aimants en n\u00e9odyme puissants et de haute qualit\u00e9.<br \/>\nAimant n\u00e9odyme inlay avec environ 1.200 gauss.<br \/>\nAcier inoxydable, exempt de cadmium, de nickel et de plomb. Sans allergie.<\/p>","protected":false},"featured_media":2642,"comment_status":"open","ping_status":"closed","template":"","meta":[],"product_brand":[],"product_cat":[17,21],"product_tag":[28],"class_list":{"0":"post-2626","1":"product","2":"type-product","3":"status-publish","4":"has-post-thumbnail","6":"product_cat-alle-produkte","7":"product_cat-halsketten","8":"product_tag-kurfuerst","9":"thunk-woo-product-list","10":"opn-qv-enable","11":"top-store-woo-hover-zoom","12":"top-store-single-product-tab-horizontal","13":"top-store-shadow-","14":"top-store-shadow-hover-","16":"first","17":"instock","18":"sale","19":"taxable","20":"shipping-taxable","21":"purchasable","22":"product-type-simple"},"_links":{"self":[{"href":"https:\/\/trinitixshop.de\/fr\/wp-json\/wp\/v2\/product\/2626","targetHints":{"allow":["GET"]}}],"collection":[{"href":"https:\/\/trinitixshop.de\/fr\/wp-json\/wp\/v2\/product"}],"about":[{"href":"https:\/\/trinitixshop.de\/fr\/wp-json\/wp\/v2\/types\/product"}],"replies":[{"embeddable":true,"href":"https:\/\/trinitixshop.de\/fr\/wp-json\/wp\/v2\/comments?post=2626"}],"wp:featuredmedia":[{"embeddable":true,"href":"https:\/\/trinitixshop.de\/fr\/wp-json\/wp\/v2\/media\/2642"}],"wp:attachment":[{"href":"https:\/\/trinitixshop.de\/fr\/wp-json\/wp\/v2\/media?parent=2626"}],"wp:term":[{"taxonomy":"product_brand","embeddable":true,"href":"https:\/\/trinitixshop.de\/fr\/wp-json\/wp\/v2\/product_brand?post=2626"},{"taxonomy":"product_cat","embeddable":true,"href":"https:\/\/trinitixshop.de\/fr\/wp-json\/wp\/v2\/product_cat?post=2626"},{"taxonomy":"product_tag","embeddable":true,"href":"https:\/\/trinitixshop.de\/fr\/wp-json\/wp\/v2\/product_tag?post=2626"}],"curies":[{"name":"wp","href":"https:\/\/api.w.org\/{rel}","templated":true}]}}