{"id":2632,"date":"2023-06-16T13:34:31","date_gmt":"2023-06-16T11:34:31","guid":{"rendered":"https:\/\/trinitixshop.de\/?post_type=product&#038;p=2632"},"modified":"2023-06-16T14:25:30","modified_gmt":"2023-06-16T12:25:30","slug":"collier-double-chaine-argent-avec-plaquette-magnetique-jusqua-60-cm","status":"publish","type":"product","link":"https:\/\/trinitixshop.de\/fr\/produkt\/halskette-double-chain-silber-mit-magnetplaettchen-bis-60-cm\/","title":{"rendered":"Collier Double Chain argent avec plaquette magn\u00e9tique jusqu'\u00e0 60 cm"},"content":{"rendered":"<p>NE211400T<\/p>","protected":false},"excerpt":{"rendered":"<p>Double Chain - Collier en acier inoxydable, \u00f8 2,9 mm, uni \/ argent.<br \/>\nLa cha\u00eene et la plaque magn\u00e9tique sont en acier inoxydable bien tol\u00e9r\u00e9 par la peau.<br \/>\nLa plaquette magn\u00e9tique poss\u00e8de deux puissants aimants en n\u00e9odyme d'environ 1200 gauss.<br \/>\nLa longueur de la cha\u00eene : XL \/ XXL avec environ 60 cm. Mati\u00e8re :<br \/>\nAcier inoxydable, sans nickel allergique. Couleur : argent. Fermeture par mousqueton.<br \/>\nLe collier en acier inoxydable est un bijou intemporel qui convient toujours.<br \/>\nLe design unisexe du collier en acier inoxydable convient parfaitement \u00e0 elle&amp;lui.<br \/>\nAssoci\u00e9 \u00e0 un pendentif d\u00e9contract\u00e9, le collier en acier inoxydable est du plus bel effet.<br \/>\nD\u00e9couvrez des formes claires et un design classique pour toutes les occasions.<\/p>","protected":false},"featured_media":2648,"comment_status":"open","ping_status":"closed","template":"","meta":[],"product_brand":[],"product_cat":[17,21],"product_tag":[25],"class_list":{"0":"post-2632","1":"product","2":"type-product","3":"status-publish","4":"has-post-thumbnail","6":"product_cat-alle-produkte","7":"product_cat-halsketten","8":"product_tag-t-prime","9":"thunk-woo-product-list","10":"opn-qv-enable","11":"top-store-woo-hover-zoom","12":"top-store-single-product-tab-horizontal","13":"top-store-shadow-","14":"top-store-shadow-hover-","16":"first","17":"instock","18":"sale","19":"taxable","20":"shipping-taxable","21":"purchasable","22":"product-type-simple"},"_links":{"self":[{"href":"https:\/\/trinitixshop.de\/fr\/wp-json\/wp\/v2\/product\/2632","targetHints":{"allow":["GET"]}}],"collection":[{"href":"https:\/\/trinitixshop.de\/fr\/wp-json\/wp\/v2\/product"}],"about":[{"href":"https:\/\/trinitixshop.de\/fr\/wp-json\/wp\/v2\/types\/product"}],"replies":[{"embeddable":true,"href":"https:\/\/trinitixshop.de\/fr\/wp-json\/wp\/v2\/comments?post=2632"}],"wp:featuredmedia":[{"embeddable":true,"href":"https:\/\/trinitixshop.de\/fr\/wp-json\/wp\/v2\/media\/2648"}],"wp:attachment":[{"href":"https:\/\/trinitixshop.de\/fr\/wp-json\/wp\/v2\/media?parent=2632"}],"wp:term":[{"taxonomy":"product_brand","embeddable":true,"href":"https:\/\/trinitixshop.de\/fr\/wp-json\/wp\/v2\/product_brand?post=2632"},{"taxonomy":"product_cat","embeddable":true,"href":"https:\/\/trinitixshop.de\/fr\/wp-json\/wp\/v2\/product_cat?post=2632"},{"taxonomy":"product_tag","embeddable":true,"href":"https:\/\/trinitixshop.de\/fr\/wp-json\/wp\/v2\/product_tag?post=2632"}],"curies":[{"name":"wp","href":"https:\/\/api.w.org\/{rel}","templated":true}]}}