{"id":2635,"date":"2023-06-16T13:34:31","date_gmt":"2023-06-16T11:34:31","guid":{"rendered":"https:\/\/trinitixshop.de\/?post_type=product&#038;p=2635"},"modified":"2023-06-16T14:29:30","modified_gmt":"2023-06-16T12:29:30","slug":"unique-design-by-kokodash-wings-necklage-chaine-argent","status":"publish","type":"product","link":"https:\/\/trinitixshop.de\/fr\/produkt\/unique-design-by-kokodash-wings-necklage-kette-silber\/","title":{"rendered":"UNIQUE Design by KokoDash Wings Necklage cha\u00eene argent\u00e9e"},"content":{"rendered":"<p>NE905100T<\/p>","protected":false},"excerpt":{"rendered":"<p>KokoDash (designer vedette de Serbie) vous pr\u00e9sente cette magnifique collection exclusive de designers au design artistique en forme d'ailes.<br \/>\nCe d\u00e9licat collier magn\u00e9tique a \u00e9t\u00e9 con\u00e7u avec un grand souci du d\u00e9tail. Cet accessoire glamour a \u00e9t\u00e9 fabriqu\u00e9 en acier inoxydable chirurgical, sans nickel ni allerg\u00e8ne.<br \/>\nC'est l'expression de l'espoir et de la joie de vivre.<br \/>\nEn tant que compagnon de route, le talisman doit offrir une nouvelle force \u00e9nerg\u00e9tique et donner un nouveau courage face aux d\u00e9fis de la vie. Cette cr\u00e9ation de bijoux finement travaill\u00e9e et pleine de sens vous donne des ailes chaque jour. Un accroche-regard discret avec un aspect brillant.<br \/>\nLes ailes ou les ailes d'ange sont des symboles de protection, de libert\u00e9 et de l\u00e9g\u00e8ret\u00e9 juv\u00e9nile. Lorsque nous voyons des ailes, notre premi\u00e8re pens\u00e9e est de voler, mais si nous laissons libre cours \u00e0 notre imagination, le symbole des ailes est notre salut. Nous r\u00e9alisons qu'il est possible de fuir et de s'\u00e9chapper des choses qui nous lient ou qui peuvent lib\u00e9rer notre \u00e2me.<br \/>\nAmulette en acier inoxydable d'environ 65 x 27 mm, rayon d'environ 36.<br \/>\nLongueur de la cha\u00eene en acier inoxydable : XXL avec 35 cm de chaque c\u00f4t\u00e9. Peut \u00eatre raccourci individuellement.<br \/>\nInlays magn\u00e9tiques au n\u00e9odyme avec environ 2.200 gauss.<br \/>\nAcier inoxydable, exempt de cadmium, de nickel et de plomb. Sans allergie.<\/p>","protected":false},"featured_media":2651,"comment_status":"open","ping_status":"closed","template":"","meta":[],"product_brand":[],"product_cat":[17,21],"product_tag":[24],"class_list":{"0":"post-2635","1":"product","2":"type-product","3":"status-publish","4":"has-post-thumbnail","6":"product_cat-alle-produkte","7":"product_cat-halsketten","8":"product_tag-jungbrunn","9":"thunk-woo-product-list","10":"opn-qv-enable","11":"top-store-woo-hover-zoom","12":"top-store-single-product-tab-horizontal","13":"top-store-shadow-","14":"top-store-shadow-hover-","16":"first","17":"instock","18":"sale","19":"taxable","20":"shipping-taxable","21":"purchasable","22":"product-type-simple"},"_links":{"self":[{"href":"https:\/\/trinitixshop.de\/fr\/wp-json\/wp\/v2\/product\/2635","targetHints":{"allow":["GET"]}}],"collection":[{"href":"https:\/\/trinitixshop.de\/fr\/wp-json\/wp\/v2\/product"}],"about":[{"href":"https:\/\/trinitixshop.de\/fr\/wp-json\/wp\/v2\/types\/product"}],"replies":[{"embeddable":true,"href":"https:\/\/trinitixshop.de\/fr\/wp-json\/wp\/v2\/comments?post=2635"}],"wp:featuredmedia":[{"embeddable":true,"href":"https:\/\/trinitixshop.de\/fr\/wp-json\/wp\/v2\/media\/2651"}],"wp:attachment":[{"href":"https:\/\/trinitixshop.de\/fr\/wp-json\/wp\/v2\/media?parent=2635"}],"wp:term":[{"taxonomy":"product_brand","embeddable":true,"href":"https:\/\/trinitixshop.de\/fr\/wp-json\/wp\/v2\/product_brand?post=2635"},{"taxonomy":"product_cat","embeddable":true,"href":"https:\/\/trinitixshop.de\/fr\/wp-json\/wp\/v2\/product_cat?post=2635"},{"taxonomy":"product_tag","embeddable":true,"href":"https:\/\/trinitixshop.de\/fr\/wp-json\/wp\/v2\/product_tag?post=2635"}],"curies":[{"name":"wp","href":"https:\/\/api.w.org\/{rel}","templated":true}]}}