{"id":2803,"date":"2023-06-28T14:00:10","date_gmt":"2023-06-28T12:00:10","guid":{"rendered":"https:\/\/trinitixshop.de\/?post_type=product&#038;p=2803"},"modified":"2023-06-28T15:44:24","modified_gmt":"2023-06-28T13:44:24","slug":"acier-inoxydable-power-coeur-magnetique-tcm-avec-gravure-pegase","status":"publish","type":"product","link":"https:\/\/trinitixshop.de\/fr\/produkt\/edelstahl-power-magnetherz-tcm-mit-pegasus-gravur\/","title":{"rendered":"Acier inoxydable Power c\u0153ur magn\u00e9tique TCM avec gravure Pegasus"},"content":{"rendered":"<p>HX017704T<\/p>","protected":false},"excerpt":{"rendered":"<p>Aimant positif ENERGY - Power - coeur avec 2 c\u00f4t\u00e9s en acier inoxydable.<br \/>\n\u00c9DITION SP\u00c9CIALE avec gravure exclusive de Pegasus. \u00d8 env. 3 cm. Acier inoxydable, Avec aimant extra fort env. 3.000 gauss.<br \/>\nAvec aimant extra fort env. 3.000 gauss.<br \/>\nFacile \u00e0 fixer sur les v\u00eatements \u00e0 l'aide de la contre-pi\u00e8ce. Le c\u00f4t\u00e9 grav\u00e9 est \u00e0 porter vers le corps.<br \/>\nId\u00e9al pour le dos, les \u00e9paules, la nuque ou le ventre. Visible ou invisible, le c\u0153ur magn\u00e9tique est un compagnon pour toute la journ\u00e9e !<br \/>\nLe c\u0153ur se compose de deux parties et se fixe tr\u00e8s facilement aux v\u00eatements par la force magn\u00e9tique.<br \/>\nIl y a des mill\u00e9naires, les anciens Chinois savaient d\u00e9j\u00e0 \u00e0 quel point un \u00e9quilibre corporel et un flux \u00e9nerg\u00e9tique harmonieux \u00e9taient importants pour notre bien-\u00eatre.<br \/>\nOutre l'acupuncture traditionnelle chinoise, la magn\u00e9toth\u00e9rapie augmente la circulation sanguine et favorise le m\u00e9tabolisme.<br \/>\nLes forces d'autogu\u00e9rison sont stimul\u00e9es et les d\u00e9fenses immunitaires sont renforc\u00e9es.<br \/>\nNous attirons votre attention sur le fait que nos hypoth\u00e8ses et affirmations concernant le port de bijoux magn\u00e9tiques ne sont pas prouv\u00e9es au sens scientifique du terme et sont donc rejet\u00e9es par la m\u00e9decine conventionnelle.<\/p>","protected":false},"featured_media":2852,"comment_status":"open","ping_status":"closed","template":"","meta":[],"product_brand":[],"product_cat":[17,23],"product_tag":[29],"class_list":{"0":"post-2803","1":"product","2":"type-product","3":"status-publish","4":"has-post-thumbnail","6":"product_cat-alle-produkte","7":"product_cat-korpermagnete","8":"product_tag-remedium","9":"thunk-woo-product-list","10":"opn-qv-enable","11":"top-store-woo-hover-zoom","12":"top-store-single-product-tab-horizontal","13":"top-store-shadow-","14":"top-store-shadow-hover-","16":"first","17":"instock","18":"sale","19":"taxable","20":"shipping-taxable","21":"purchasable","22":"product-type-simple"},"_links":{"self":[{"href":"https:\/\/trinitixshop.de\/fr\/wp-json\/wp\/v2\/product\/2803","targetHints":{"allow":["GET"]}}],"collection":[{"href":"https:\/\/trinitixshop.de\/fr\/wp-json\/wp\/v2\/product"}],"about":[{"href":"https:\/\/trinitixshop.de\/fr\/wp-json\/wp\/v2\/types\/product"}],"replies":[{"embeddable":true,"href":"https:\/\/trinitixshop.de\/fr\/wp-json\/wp\/v2\/comments?post=2803"}],"wp:featuredmedia":[{"embeddable":true,"href":"https:\/\/trinitixshop.de\/fr\/wp-json\/wp\/v2\/media\/2852"}],"wp:attachment":[{"href":"https:\/\/trinitixshop.de\/fr\/wp-json\/wp\/v2\/media?parent=2803"}],"wp:term":[{"taxonomy":"product_brand","embeddable":true,"href":"https:\/\/trinitixshop.de\/fr\/wp-json\/wp\/v2\/product_brand?post=2803"},{"taxonomy":"product_cat","embeddable":true,"href":"https:\/\/trinitixshop.de\/fr\/wp-json\/wp\/v2\/product_cat?post=2803"},{"taxonomy":"product_tag","embeddable":true,"href":"https:\/\/trinitixshop.de\/fr\/wp-json\/wp\/v2\/product_tag?post=2803"}],"curies":[{"name":"wp","href":"https:\/\/api.w.org\/{rel}","templated":true}]}}