{"id":2807,"date":"2023-06-28T14:00:10","date_gmt":"2023-06-28T12:00:10","guid":{"rendered":"https:\/\/trinitixshop.de\/?post_type=product&#038;p=2807"},"modified":"2023-06-28T15:52:47","modified_gmt":"2023-06-28T13:52:47","slug":"cuivre-power-coeur-magnetique-power-duo-1114-cucu","status":"publish","type":"product","link":"https:\/\/trinitixshop.de\/fr\/produkt\/kupfer-power-magnetherz-power-duo-1114-cucu\/","title":{"rendered":"Cuivre Power C\u0153ur magn\u00e9tique Power Duo # 1114 CuCu"},"content":{"rendered":"<p>HX111401T<\/p>","protected":false},"excerpt":{"rendered":"<p>Aimant - Power - C\u0153ur avec 2 v\u00e9ritables faces en CUIVRE de haute qualit\u00e9 (98% cuivre).<br \/>\nAvec aimant extra puissant (env. 3.000 gauss).<br \/>\nLe c\u0153ur se compose de deux parties et se fixe tr\u00e8s facilement aux v\u00eatements par la force magn\u00e9tique avec la contrepartie.<br \/>\nEffets attribu\u00e9s au cuivre (CU) : Favorise la formation d'anticorps dans le syst\u00e8me de d\u00e9fense, la croissance, le d\u00e9veloppement, le renforcement des os. Le c\u00f4t\u00e9 cuivre est \u00e0 porter vers la peau (polarit\u00e9 : nord)<br \/>\nIl y a des mill\u00e9naires, les anciens Chinois savaient d\u00e9j\u00e0 \u00e0 quel point un \u00e9quilibre corporel et un flux \u00e9nerg\u00e9tique harmonieux \u00e9taient importants pour notre bien-\u00eatre.<br \/>\nOutre l'acupuncture traditionnelle chinoise, la magn\u00e9toth\u00e9rapie augmente la circulation sanguine et favorise le m\u00e9tabolisme.<br \/>\nLes forces d'autogu\u00e9rison sont stimul\u00e9es et les d\u00e9fenses immunitaires sont renforc\u00e9es.<br \/>\nNous attirons votre attention sur le fait que nos hypoth\u00e8ses et affirmations concernant le port de bijoux magn\u00e9tiques ne sont pas prouv\u00e9es au sens scientifique du terme et sont donc rejet\u00e9es par la m\u00e9decine conventionnelle.<\/p>","protected":false},"featured_media":2857,"comment_status":"open","ping_status":"closed","template":"","meta":[],"product_brand":[],"product_cat":[17,23],"product_tag":[29],"class_list":{"0":"post-2807","1":"product","2":"type-product","3":"status-publish","4":"has-post-thumbnail","6":"product_cat-alle-produkte","7":"product_cat-korpermagnete","8":"product_tag-remedium","9":"thunk-woo-product-list","10":"opn-qv-enable","11":"top-store-woo-hover-zoom","12":"top-store-single-product-tab-horizontal","13":"top-store-shadow-","14":"top-store-shadow-hover-","16":"first","17":"instock","18":"sale","19":"taxable","20":"shipping-taxable","21":"purchasable","22":"product-type-simple"},"_links":{"self":[{"href":"https:\/\/trinitixshop.de\/fr\/wp-json\/wp\/v2\/product\/2807","targetHints":{"allow":["GET"]}}],"collection":[{"href":"https:\/\/trinitixshop.de\/fr\/wp-json\/wp\/v2\/product"}],"about":[{"href":"https:\/\/trinitixshop.de\/fr\/wp-json\/wp\/v2\/types\/product"}],"replies":[{"embeddable":true,"href":"https:\/\/trinitixshop.de\/fr\/wp-json\/wp\/v2\/comments?post=2807"}],"wp:featuredmedia":[{"embeddable":true,"href":"https:\/\/trinitixshop.de\/fr\/wp-json\/wp\/v2\/media\/2857"}],"wp:attachment":[{"href":"https:\/\/trinitixshop.de\/fr\/wp-json\/wp\/v2\/media?parent=2807"}],"wp:term":[{"taxonomy":"product_brand","embeddable":true,"href":"https:\/\/trinitixshop.de\/fr\/wp-json\/wp\/v2\/product_brand?post=2807"},{"taxonomy":"product_cat","embeddable":true,"href":"https:\/\/trinitixshop.de\/fr\/wp-json\/wp\/v2\/product_cat?post=2807"},{"taxonomy":"product_tag","embeddable":true,"href":"https:\/\/trinitixshop.de\/fr\/wp-json\/wp\/v2\/product_tag?post=2807"}],"curies":[{"name":"wp","href":"https:\/\/api.w.org\/{rel}","templated":true}]}}