{"id":2813,"date":"2023-06-28T14:00:11","date_gmt":"2023-06-28T12:00:11","guid":{"rendered":"https:\/\/trinitixshop.de\/?post_type=product&#038;p=2813"},"modified":"2023-06-28T14:46:58","modified_gmt":"2023-06-28T12:46:58","slug":"contre-piece-powerheart-avec-gravure-pegase","status":"publish","type":"product","link":"https:\/\/trinitixshop.de\/fr\/produkt\/powerherz-gegenstueck-mit-pegasus-gravur\/","title":{"rendered":"Contrepartie du c\u0153ur de puissance avec gravure Pegasus"},"content":{"rendered":"<p>AX013304T<\/p>","protected":false},"excerpt":{"rendered":"<p>Cette pi\u00e8ce plate pour le c\u0153ur de puissance, qui se porte \u00e0 l'ext\u00e9rieur et maintient l'aimant, est une pi\u00e8ce de rechange qui vaut la peine.<br \/>\nLe Powerherz #1114 et #177 est un top-seller dont la contrepartie est d\u00e9plac\u00e9e de temps en temps.<br \/>\nIl est donc conseill\u00e9 d'en acheter un deuxi\u00e8me, qui peut m\u00eame \u00eatre grav\u00e9 ou grav\u00e9 diff\u00e9remment.<br \/>\nInformations sur les c\u0153urs de puissance #1114 et #177 :<br \/>\nId\u00e9al pour le dos, les \u00e9paules, la nuque ou le ventre. Visible ou invisible, le c\u0153ur magn\u00e9tique est un compagnon pour toute la journ\u00e9e ! Le c\u0153ur se compose de deux parties et se fixe tr\u00e8s facilement aux v\u00eatements par la force magn\u00e9tique. Le c\u0153ur est dot\u00e9 d'une force magn\u00e9tique extra forte et vous permet de le porter individuellement \u00e0 l'endroit souhait\u00e9.<\/p>","protected":false},"featured_media":2837,"comment_status":"open","ping_status":"closed","template":"","meta":[],"product_brand":[],"product_cat":[17,23],"product_tag":[29],"class_list":{"0":"post-2813","1":"product","2":"type-product","3":"status-publish","4":"has-post-thumbnail","6":"product_cat-alle-produkte","7":"product_cat-korpermagnete","8":"product_tag-remedium","9":"thunk-woo-product-list","10":"opn-qv-enable","11":"top-store-woo-hover-zoom","12":"top-store-single-product-tab-horizontal","13":"top-store-shadow-","14":"top-store-shadow-hover-","16":"first","17":"instock","18":"taxable","19":"shipping-taxable","20":"purchasable","21":"product-type-simple"},"_links":{"self":[{"href":"https:\/\/trinitixshop.de\/fr\/wp-json\/wp\/v2\/product\/2813","targetHints":{"allow":["GET"]}}],"collection":[{"href":"https:\/\/trinitixshop.de\/fr\/wp-json\/wp\/v2\/product"}],"about":[{"href":"https:\/\/trinitixshop.de\/fr\/wp-json\/wp\/v2\/types\/product"}],"replies":[{"embeddable":true,"href":"https:\/\/trinitixshop.de\/fr\/wp-json\/wp\/v2\/comments?post=2813"}],"wp:featuredmedia":[{"embeddable":true,"href":"https:\/\/trinitixshop.de\/fr\/wp-json\/wp\/v2\/media\/2837"}],"wp:attachment":[{"href":"https:\/\/trinitixshop.de\/fr\/wp-json\/wp\/v2\/media?parent=2813"}],"wp:term":[{"taxonomy":"product_brand","embeddable":true,"href":"https:\/\/trinitixshop.de\/fr\/wp-json\/wp\/v2\/product_brand?post=2813"},{"taxonomy":"product_cat","embeddable":true,"href":"https:\/\/trinitixshop.de\/fr\/wp-json\/wp\/v2\/product_cat?post=2813"},{"taxonomy":"product_tag","embeddable":true,"href":"https:\/\/trinitixshop.de\/fr\/wp-json\/wp\/v2\/product_tag?post=2813"}],"curies":[{"name":"wp","href":"https:\/\/api.w.org\/{rel}","templated":true}]}}