{"id":2815,"date":"2023-06-28T14:00:11","date_gmt":"2023-06-28T12:00:11","guid":{"rendered":"https:\/\/trinitixshop.de\/?post_type=product&#038;p=2815"},"modified":"2023-06-28T14:54:57","modified_gmt":"2023-06-28T12:54:57","slug":"contrepartie-wings-pour-powerherz-chataigne","status":"publish","type":"product","link":"https:\/\/trinitixshop.de\/fr\/produkt\/gegenstueck-wings-fuer-powerherz-kastanie\/","title":{"rendered":"Contrepartie Wings pour Powerheart Ch\u00e2taigne"},"content":{"rendered":"<p>AX133AW0T<\/p>","protected":false},"excerpt":{"rendered":"<p>\"Wings\" contrepartie pour MagnetHeart \/ Body Magnet \/ Powerherz patch antidouleur dans le nouveau design Alessi.<br \/>\nPoli \u00e0 haute brillance. Une belle sportive pour tous les jours.<br \/>\nCette pi\u00e8ce plate pour le c\u0153ur de puissance, qui se porte \u00e0 l'ext\u00e9rieur et maintient l'aimant, est une pi\u00e8ce de rechange qui vaut la peine.<br \/>\nLe Powerherz #1114 et #177 est un top-seller dont la contrepartie est d\u00e9plac\u00e9e de temps en temps.<br \/>\nIl est donc recommand\u00e9 d'acqu\u00e9rir cette r\u00e9serve.<br \/>\nInformations sur le Powerheart #1114 et #177 : Id\u00e9al pour le dos, les \u00e9paules, la nuque ou le ventre.<br \/>\nVisible ou invisible, le c\u0153ur magn\u00e9tique est un compagnon pour toute la journ\u00e9e !<br \/>\nLe c\u0153ur se compose de deux parties et se fixe tr\u00e8s facilement aux v\u00eatements par la force magn\u00e9tique.<br \/>\nLe c\u0153ur est dot\u00e9 d'une force magn\u00e9tique extra forte et vous permet de le porter individuellement \u00e0 l'endroit souhait\u00e9.<\/p>","protected":false},"featured_media":2843,"comment_status":"open","ping_status":"closed","template":"","meta":[],"product_brand":[],"product_cat":[17,23],"product_tag":[29],"class_list":{"0":"post-2815","1":"product","2":"type-product","3":"status-publish","4":"has-post-thumbnail","6":"product_cat-alle-produkte","7":"product_cat-korpermagnete","8":"product_tag-remedium","9":"thunk-woo-product-list","10":"opn-qv-enable","11":"top-store-woo-hover-zoom","12":"top-store-single-product-tab-horizontal","13":"top-store-shadow-","14":"top-store-shadow-hover-","16":"first","17":"instock","18":"taxable","19":"shipping-taxable","20":"purchasable","21":"product-type-simple"},"_links":{"self":[{"href":"https:\/\/trinitixshop.de\/fr\/wp-json\/wp\/v2\/product\/2815","targetHints":{"allow":["GET"]}}],"collection":[{"href":"https:\/\/trinitixshop.de\/fr\/wp-json\/wp\/v2\/product"}],"about":[{"href":"https:\/\/trinitixshop.de\/fr\/wp-json\/wp\/v2\/types\/product"}],"replies":[{"embeddable":true,"href":"https:\/\/trinitixshop.de\/fr\/wp-json\/wp\/v2\/comments?post=2815"}],"wp:featuredmedia":[{"embeddable":true,"href":"https:\/\/trinitixshop.de\/fr\/wp-json\/wp\/v2\/media\/2843"}],"wp:attachment":[{"href":"https:\/\/trinitixshop.de\/fr\/wp-json\/wp\/v2\/media?parent=2815"}],"wp:term":[{"taxonomy":"product_brand","embeddable":true,"href":"https:\/\/trinitixshop.de\/fr\/wp-json\/wp\/v2\/product_brand?post=2815"},{"taxonomy":"product_cat","embeddable":true,"href":"https:\/\/trinitixshop.de\/fr\/wp-json\/wp\/v2\/product_cat?post=2815"},{"taxonomy":"product_tag","embeddable":true,"href":"https:\/\/trinitixshop.de\/fr\/wp-json\/wp\/v2\/product_tag?post=2815"}],"curies":[{"name":"wp","href":"https:\/\/api.w.org\/{rel}","templated":true}]}}