{"id":2818,"date":"2023-06-28T14:00:11","date_gmt":"2023-06-28T12:00:11","guid":{"rendered":"https:\/\/trinitixshop.de\/?post_type=product&#038;p=2818"},"modified":"2023-06-28T14:58:12","modified_gmt":"2023-06-28T12:58:12","slug":"slider-en-cuivre-avec-aimants-a-linterieur-environ-205-x-4-mm","status":"publish","type":"product","link":"https:\/\/trinitixshop.de\/fr\/produkt\/kupfer-slider-mit-magneten-innen-ca-205-x-4-mm\/","title":{"rendered":"Curseur en cuivre avec aimants Int\u00e9rieur env. 20,5 x 4 mm"},"content":{"rendered":"<p>AX910200T<\/p>","protected":false},"excerpt":{"rendered":"<p>Am\u00e9liorez votre bracelet ou votre montre, qu'il s'agisse d'une montre analogique ou d'une montre intelligente, etc.<br \/>\nAvec le curseur en cuivre, vous en faites un bracelet magn\u00e9tique.<br \/>\nIncrustations d'aimants au n\u00e9odyme d'environ 1 200 gauss.<br \/>\nDimension int\u00e9rieure env. 17 x 2,5. Dimension ext\u00e9rieure env. 20 x 5.4 mm.<br \/>\nLe curseur est dot\u00e9 d'une boucle coulissante pour des bracelets de ... mm de large et jusqu'\u00e0 ... mm d'\u00e9paisseur - il est donc facile \u00e0 faire coulisser sur des bracelets jusqu'\u00e0 ... mm de large.<br \/>\nZ. Par exemple sur le cuir, le li\u00e8ge, le plastique dur, le silicone, etc. dans la version plate. #<br \/>\nIl suffit d'ouvrir le fermoir du bracelet, d'y glisser le curseur et de refermer le bracelet. # Pr\u00eat !<br \/>\n99% cuivre pur.<br \/>\nEffets scientifiques suppos\u00e9s du cuivre (CU) :<br \/>\nFavorise la formation d'anticorps dans le syst\u00e8me de d\u00e9fense, la croissance, le d\u00e9veloppement, le renforcement des os.<br \/>\nLe c\u00f4t\u00e9 avec les 2 aimants est \u00e0 porter vers la peau (polarit\u00e9 : nord)<\/p>","protected":false},"featured_media":2845,"comment_status":"open","ping_status":"closed","template":"","meta":[],"product_brand":[],"product_cat":[17,23],"product_tag":[29],"class_list":{"0":"post-2818","1":"product","2":"type-product","3":"status-publish","4":"has-post-thumbnail","6":"product_cat-alle-produkte","7":"product_cat-korpermagnete","8":"product_tag-remedium","9":"thunk-woo-product-list","10":"opn-qv-enable","11":"top-store-woo-hover-zoom","12":"top-store-single-product-tab-horizontal","13":"top-store-shadow-","14":"top-store-shadow-hover-","16":"first","17":"instock","18":"sale","19":"taxable","20":"shipping-taxable","21":"purchasable","22":"product-type-simple"},"_links":{"self":[{"href":"https:\/\/trinitixshop.de\/fr\/wp-json\/wp\/v2\/product\/2818","targetHints":{"allow":["GET"]}}],"collection":[{"href":"https:\/\/trinitixshop.de\/fr\/wp-json\/wp\/v2\/product"}],"about":[{"href":"https:\/\/trinitixshop.de\/fr\/wp-json\/wp\/v2\/types\/product"}],"replies":[{"embeddable":true,"href":"https:\/\/trinitixshop.de\/fr\/wp-json\/wp\/v2\/comments?post=2818"}],"wp:featuredmedia":[{"embeddable":true,"href":"https:\/\/trinitixshop.de\/fr\/wp-json\/wp\/v2\/media\/2845"}],"wp:attachment":[{"href":"https:\/\/trinitixshop.de\/fr\/wp-json\/wp\/v2\/media?parent=2818"}],"wp:term":[{"taxonomy":"product_brand","embeddable":true,"href":"https:\/\/trinitixshop.de\/fr\/wp-json\/wp\/v2\/product_brand?post=2818"},{"taxonomy":"product_cat","embeddable":true,"href":"https:\/\/trinitixshop.de\/fr\/wp-json\/wp\/v2\/product_cat?post=2818"},{"taxonomy":"product_tag","embeddable":true,"href":"https:\/\/trinitixshop.de\/fr\/wp-json\/wp\/v2\/product_tag?post=2818"}],"curies":[{"name":"wp","href":"https:\/\/api.w.org\/{rel}","templated":true}]}}