{"id":2820,"date":"2023-06-28T14:00:11","date_gmt":"2023-06-28T12:00:11","guid":{"rendered":"https:\/\/trinitixshop.de\/?post_type=product&#038;p=2820"},"modified":"2024-02-25T13:50:13","modified_gmt":"2024-02-25T12:50:13","slug":"power-strip-aimant-a-collerette-acier-inoxydable-plat","status":"publish","type":"product","link":"https:\/\/trinitixshop.de\/fr\/produkt\/power-strip-kragenmagnet-edelstahl-flach\/","title":{"rendered":"Power Strip Aimant \u00e0 collerette plat # 877 Acier inoxydable"},"content":{"rendered":"<p>HX087700T<\/p>","protected":false},"excerpt":{"rendered":"<p>Aimant de col TCM, Power Magnet Strip, \"patch de douleur\". Acier inoxydable, sans nickel allergique, poli, anti-allerg\u00e8ne.<br \/>\n\u00d8 env. 3.7 x 2 cm. \u00c9paisseur env. 3 mm.<br \/>\nAvec 2 aimants extra puissants (environ 3.000 gauss).<br \/>\nFacile \u00e0 fixer sur les v\u00eatements avec la contrepartie.<br \/>\nId\u00e9al pour le dos, les \u00e9paules, la nuque ou le ventre.<br \/>\nVisible ou invisible, le c\u0153ur magn\u00e9tique est un compagnon pour toute la journ\u00e9e !<br \/>\nLe Strip magn\u00e9tique se compose de deux parties et se fixe tr\u00e8s facilement sur les v\u00eatements par la force magn\u00e9tique. Le strip est dot\u00e9 d'une force magn\u00e9tique extra forte et vous permet de le porter individuellement \u00e0 l'endroit souhait\u00e9. Le c\u00f4t\u00e9 magn\u00e9tique est \u00e0 porter vers le corps.<br \/>\nLa force magn\u00e9tique active le m\u00e9tabolisme et soutient ainsi toutes les fonctions de l'organisme.<br \/>\nLes forces d'autogu\u00e9rison sont stimul\u00e9es et les d\u00e9fenses immunitaires sont renforc\u00e9es.<br \/>\nLe port de bijoux magn\u00e9tiques favorise notre bien-\u00eatre de mani\u00e8re d\u00e9cisive !<br \/>\nIl y a des mill\u00e9naires, les anciens Chinois savaient d\u00e9j\u00e0 \u00e0 quel point un \u00e9quilibre corporel et un flux \u00e9nerg\u00e9tique harmonieux \u00e9taient importants pour notre bien-\u00eatre.<br \/>\nOutre l'acupuncture traditionnelle chinoise, la magn\u00e9toth\u00e9rapie augmente la circulation sanguine et favorise le m\u00e9tabolisme.<\/p>","protected":false},"featured_media":2847,"comment_status":"open","ping_status":"closed","template":"","meta":[],"product_brand":[],"product_cat":[17,23],"product_tag":[25],"class_list":{"0":"post-2820","1":"product","2":"type-product","3":"status-publish","4":"has-post-thumbnail","6":"product_cat-alle-produkte","7":"product_cat-korpermagnete","8":"product_tag-t-prime","9":"thunk-woo-product-list","10":"opn-qv-enable","11":"top-store-woo-hover-zoom","12":"top-store-single-product-tab-horizontal","13":"top-store-shadow-","14":"top-store-shadow-hover-","16":"first","17":"instock","18":"taxable","19":"shipping-taxable","20":"purchasable","21":"product-type-simple"},"_links":{"self":[{"href":"https:\/\/trinitixshop.de\/fr\/wp-json\/wp\/v2\/product\/2820","targetHints":{"allow":["GET"]}}],"collection":[{"href":"https:\/\/trinitixshop.de\/fr\/wp-json\/wp\/v2\/product"}],"about":[{"href":"https:\/\/trinitixshop.de\/fr\/wp-json\/wp\/v2\/types\/product"}],"replies":[{"embeddable":true,"href":"https:\/\/trinitixshop.de\/fr\/wp-json\/wp\/v2\/comments?post=2820"}],"wp:featuredmedia":[{"embeddable":true,"href":"https:\/\/trinitixshop.de\/fr\/wp-json\/wp\/v2\/media\/2847"}],"wp:attachment":[{"href":"https:\/\/trinitixshop.de\/fr\/wp-json\/wp\/v2\/media?parent=2820"}],"wp:term":[{"taxonomy":"product_brand","embeddable":true,"href":"https:\/\/trinitixshop.de\/fr\/wp-json\/wp\/v2\/product_brand?post=2820"},{"taxonomy":"product_cat","embeddable":true,"href":"https:\/\/trinitixshop.de\/fr\/wp-json\/wp\/v2\/product_cat?post=2820"},{"taxonomy":"product_tag","embeddable":true,"href":"https:\/\/trinitixshop.de\/fr\/wp-json\/wp\/v2\/product_tag?post=2820"}],"curies":[{"name":"wp","href":"https:\/\/api.w.org\/{rel}","templated":true}]}}