{"id":2822,"date":"2023-06-28T14:00:12","date_gmt":"2023-06-28T12:00:12","guid":{"rendered":"https:\/\/trinitixshop.de\/?post_type=product&#038;p=2822"},"modified":"2023-06-28T14:45:03","modified_gmt":"2023-06-28T12:45:03","slug":"silicone-wondermagnet-anneaux-magnetiques-pour-orteils-2-pcs","status":"publish","type":"product","link":"https:\/\/trinitixshop.de\/fr\/produkt\/silikon-wondermagnet-zehen-magnetringe-2-stck\/","title":{"rendered":"Silicone WONDERMAGNET Anneaux magn\u00e9tiques pour orteils 2 pcs."},"content":{"rendered":"<p>PB_WON_2<\/p>","protected":false},"excerpt":{"rendered":"<p>2 x anneaux magn\u00e9tiques en silicone pour les orteils pour augmenter le m\u00e9tabolisme.<br \/>\nLes anneaux sont doux, confortables \u00e0 porter et presque invisibles. Lavables.<br \/>\nIntensit\u00e9 du champ magn\u00e9tique : 1100 gauss (0,11 tesla). 1 aimant par anneau. \u00d8 2,5 cm Largeur environ 1,4 cm<\/p>\n<p>Detox - PLUS D'\u00c9NERGIE QUE JAMAIS auparavant. Pour soutenir la cure Detox.<br \/>\nStimule le m\u00e9tabolisme, renforce le syst\u00e8me immunitaire et donne de l'\u00e9nergie.<br \/>\nDiam\u00e8tre de l'anneau : env. 2,5\/3cm. Largeur de l'anneau : env. 1.3cm. Mat\u00e9riau : silicone.<br \/>\nLe silicone ne contient pas de plastifiants hautement canc\u00e9rig\u00e8nes.<br \/>\nLes anneaux magn\u00e9tiques en silicone pour orteils sont devenus incontournables dans le monde du sport.<\/p>\n<p>Cette tendance venue des \u00c9tats-Unis est appr\u00e9ci\u00e9e par de nombreux sportifs de haut niveau. La force magn\u00e9tique<br \/>\nactive le m\u00e9tabolisme et soutient ainsi toutes les fonctions de l'organisme.<\/p>\n<p>Les forces d'autogu\u00e9rison sont stimul\u00e9es et les d\u00e9fenses immunitaires sont renforc\u00e9es.<\/p>\n<p>Le port de bijoux magn\u00e9tiques favorise notre bien-\u00eatre de mani\u00e8re d\u00e9cisive ! Il y a des mill\u00e9naires, les anciens Chinois savaient d\u00e9j\u00e0 \u00e0 quel point un \u00e9quilibre corporel et un flux \u00e9nerg\u00e9tique harmonieux \u00e9taient importants pour notre bien-\u00eatre. Outre l'acupuncture traditionnelle chinoise, la magn\u00e9toth\u00e9rapie augmente la circulation sanguine et favorise le m\u00e9tabolisme.<\/p>\n<p>Nous attirons votre attention sur le fait que nos hypoth\u00e8ses et affirmations concernant le port de bijoux magn\u00e9tiques ne sont pas prouv\u00e9es au sens scientifique du terme et sont donc rejet\u00e9es par la m\u00e9decine conventionnelle.<\/p>","protected":false},"featured_media":2836,"comment_status":"open","ping_status":"closed","template":"","meta":[],"product_brand":[],"product_cat":[17,23],"product_tag":[25],"class_list":{"0":"post-2822","1":"product","2":"type-product","3":"status-publish","4":"has-post-thumbnail","6":"product_cat-alle-produkte","7":"product_cat-korpermagnete","8":"product_tag-t-prime","9":"thunk-woo-product-list","10":"opn-qv-enable","11":"top-store-woo-hover-zoom","12":"top-store-single-product-tab-horizontal","13":"top-store-shadow-","14":"top-store-shadow-hover-","16":"first","17":"instock","18":"sale","19":"taxable","20":"shipping-taxable","21":"purchasable","22":"product-type-simple"},"_links":{"self":[{"href":"https:\/\/trinitixshop.de\/fr\/wp-json\/wp\/v2\/product\/2822","targetHints":{"allow":["GET"]}}],"collection":[{"href":"https:\/\/trinitixshop.de\/fr\/wp-json\/wp\/v2\/product"}],"about":[{"href":"https:\/\/trinitixshop.de\/fr\/wp-json\/wp\/v2\/types\/product"}],"replies":[{"embeddable":true,"href":"https:\/\/trinitixshop.de\/fr\/wp-json\/wp\/v2\/comments?post=2822"}],"wp:featuredmedia":[{"embeddable":true,"href":"https:\/\/trinitixshop.de\/fr\/wp-json\/wp\/v2\/media\/2836"}],"wp:attachment":[{"href":"https:\/\/trinitixshop.de\/fr\/wp-json\/wp\/v2\/media?parent=2822"}],"wp:term":[{"taxonomy":"product_brand","embeddable":true,"href":"https:\/\/trinitixshop.de\/fr\/wp-json\/wp\/v2\/product_brand?post=2822"},{"taxonomy":"product_cat","embeddable":true,"href":"https:\/\/trinitixshop.de\/fr\/wp-json\/wp\/v2\/product_cat?post=2822"},{"taxonomy":"product_tag","embeddable":true,"href":"https:\/\/trinitixshop.de\/fr\/wp-json\/wp\/v2\/product_tag?post=2822"}],"curies":[{"name":"wp","href":"https:\/\/api.w.org\/{rel}","templated":true}]}}