{"id":2824,"date":"2023-06-28T14:01:37","date_gmt":"2023-06-28T12:01:37","guid":{"rendered":"https:\/\/trinitixshop.de\/?post_type=product&#038;p=2824"},"modified":"2023-06-28T14:08:52","modified_gmt":"2023-06-28T12:08:52","slug":"remedium-alkaline-hydrogen-magnet-powerstab-bio-booster-3064","status":"publish","type":"product","link":"https:\/\/trinitixshop.de\/fr\/produkt\/remedium-alkaline-hydrogen-magnet-powerstab-bio-booster-3064\/","title":{"rendered":"ReMedium Alkaline Hydrogen Magnet Powerstab BIO BOOSTER # 3064"},"content":{"rendered":"<p>[99] WX306400T<\/p>\n","protected":false},"excerpt":{"rendered":"<p>Cette barre magn\u00e9tique alcaline Power dispose d'un aimant n\u00e9odyme extra puissant ( env. 5.000 gauss) et d'un bouchon vissable. Le remplissage est donc interchangeable.<br \/>\nCette barre magn\u00e9tique alcaline Power est livr\u00e9e avec un m\u00e9lange de cristaux d'\u00e9nergie micro et mol\u00e9culaire, de germanium, de tourmaline et de maifanshi.<br \/>\nCristaux d'\u00e9nergie micro et mol\u00e9culaire : r\u00e9duisent le contenu min\u00e9ral du liquide, y compris les acides et les alcalis. Capture les fluorures, transforme l'eau dure en eau douce.<br \/>\nEffets scientifiques suppos\u00e9s du germanium : c'est un semi-m\u00e9tal gris\/blanc et cassant. Il est compos\u00e9 de 6 atomes de germanium et de 12 atomes d'oxyg\u00e8ne.<br \/>\nIl oxyg\u00e8ne les cellules, renforce le syst\u00e8me immunitaire.<br \/>\nIl est consid\u00e9r\u00e9 comme un capteur de radicaux pour les ions H+ r\u00e9sultant du processus de combustion organique.<br \/>\nLe germanium stimule le syst\u00e8me immunitaire et le r\u00e9\u00e9quilibre.<br \/>\nLes d\u00e9fenses naturelles de l'organisme sont activ\u00e9es.<br \/>\nEffets scientifiques attribu\u00e9s \u00e0 la tourmaline : g\u00e9n\u00e8re une \u00e9lectrolyse, produit des ions n\u00e9gatifs et attire les rayons infrarouges lointains pour les diffuser \u00e0 nouveau dans l'eau.<br \/>\nL'ensemble des composants offre des propri\u00e9t\u00e9s antibact\u00e9riennes et augmente l'oxyg\u00e8ne dissous et les mol\u00e9cules d'eau ionis\u00e9es en r\u00e9duisant la taille de leurs clusters. (Nano Clustering)<br \/>\nEffets scientifiques pr\u00e9sum\u00e9s de Maifanshi : avec des effets de st\u00e9rilisation sup\u00e9rieure, lib\u00e8re d'autres min\u00e9raux et active l'eau pour d\u00e9composer les impuret\u00e9s.<br \/>\nLe maifanshi est utilis\u00e9 depuis des si\u00e8cles en Asie pour sa capacit\u00e9 \u00e0 cr\u00e9er des ions n\u00e9gatifs et \u00e0 maintenir un pH stable dans l'eau, dans de nombreuses situations de sant\u00e9.<br \/>\nEffet scientifique pr\u00e9sum\u00e9 de l'aimant au n\u00e9odyme : Pour aider \u00e0 maintenir le pH et l'ORP (potentiel de r\u00e9duction oxydative) dans l'eau.<br \/>\nIonise le liquide et enrichit ainsi les cellules du corps en oxyg\u00e8ne.<br \/>\nEn cons\u00e9quence, les d\u00e9fenses et le syst\u00e8me immunitaire se renforcent, ce qui entra\u00eene une augmentation de la vitalit\u00e9 physique.<br \/>\nOutre l'optimisation de l'\u00e9tat g\u00e9n\u00e9ral, son utilisation active l'apport de nutriments au corps et stimule d'importants processus de gu\u00e9rison.<br \/>\nG\u00e9n\u00e9ralit\u00e9s : l'eau peut \u00eatre l\u00e9g\u00e8rement trouble, ce sont des min\u00e9raux potables positifs pour votre corps et votre sant\u00e9.<br \/>\nIl n'y a aucun effet secondaire.<br \/>\nForce magn\u00e9tique + ionisation + min\u00e9ralisation dans la boisson -<br \/>\nLongueur env. 19,5 cm \/ \u00d8 env. 1,85 cm \/ acier inoxydable \/ sans nickel \/ hypoallerg\u00e9nique.<\/p>","protected":false},"featured_media":2828,"comment_status":"open","ping_status":"closed","template":"","meta":[],"product_brand":[],"product_cat":[17,22],"product_tag":[29],"class_list":{"0":"post-2824","1":"product","2":"type-product","3":"status-publish","4":"has-post-thumbnail","6":"product_cat-alle-produkte","7":"product_cat-wasserstabe","8":"product_tag-remedium","9":"thunk-woo-product-list","10":"opn-qv-enable","11":"top-store-woo-hover-zoom","12":"top-store-single-product-tab-horizontal","13":"top-store-shadow-","14":"top-store-shadow-hover-","16":"first","17":"instock","18":"sale","19":"taxable","20":"shipping-taxable","21":"purchasable","22":"product-type-simple"},"_links":{"self":[{"href":"https:\/\/trinitixshop.de\/fr\/wp-json\/wp\/v2\/product\/2824","targetHints":{"allow":["GET"]}}],"collection":[{"href":"https:\/\/trinitixshop.de\/fr\/wp-json\/wp\/v2\/product"}],"about":[{"href":"https:\/\/trinitixshop.de\/fr\/wp-json\/wp\/v2\/types\/product"}],"replies":[{"embeddable":true,"href":"https:\/\/trinitixshop.de\/fr\/wp-json\/wp\/v2\/comments?post=2824"}],"wp:featuredmedia":[{"embeddable":true,"href":"https:\/\/trinitixshop.de\/fr\/wp-json\/wp\/v2\/media\/2828"}],"wp:attachment":[{"href":"https:\/\/trinitixshop.de\/fr\/wp-json\/wp\/v2\/media?parent=2824"}],"wp:term":[{"taxonomy":"product_brand","embeddable":true,"href":"https:\/\/trinitixshop.de\/fr\/wp-json\/wp\/v2\/product_brand?post=2824"},{"taxonomy":"product_cat","embeddable":true,"href":"https:\/\/trinitixshop.de\/fr\/wp-json\/wp\/v2\/product_cat?post=2824"},{"taxonomy":"product_tag","embeddable":true,"href":"https:\/\/trinitixshop.de\/fr\/wp-json\/wp\/v2\/product_tag?post=2824"}],"curies":[{"name":"wp","href":"https:\/\/api.w.org\/{rel}","templated":true}]}}