{"id":2825,"date":"2023-06-28T14:01:37","date_gmt":"2023-06-28T12:01:37","guid":{"rendered":"https:\/\/trinitixshop.de\/?post_type=product&#038;p=2825"},"modified":"2023-06-28T14:11:45","modified_gmt":"2023-06-28T12:11:45","slug":"barre-magnetique-power-salamandre-avec-swarovski-crystal","status":"publish","type":"product","link":"https:\/\/trinitixshop.de\/fr\/produkt\/power-magnetstab-salamander-mit-swarovski-crystal\/","title":{"rendered":"Barre magn\u00e9tique Power Salamander avec Swarovski Crystal"},"content":{"rendered":"<p>[310] WX139900T<\/p>\n","protected":false},"excerpt":{"rendered":"<p>Barre magn\u00e9tique puissante Salamandre avec des yeux verts \u00e9meraude \u00e9tincelants ( \u00e9l\u00e9ment Swarovski Crystal).<br \/>\nMod\u00e8le massif et form\u00e9. Fabriqu\u00e9 \u00e0 la main.<br \/>\nAcier inoxydable, cadmium, nickel et hypoallerg\u00e9nique.<br \/>\nAvec aimant extra puissant \u00e0 l'extr\u00e9mit\u00e9 de la tige ( env. 3.000 gauss ).<br \/>\nAm\u00e9liore l'\u00e9nergie de votre boisson. Si la force magn\u00e9tique peut modifier positivement l'eau, vous pouvez imaginer l'effet positif sur votre structure corporelle.<br \/>\nBoissons magn\u00e9tis\u00e9es - un bienfait pour le corps. Placez le b\u00e2ton \u00e9nerg\u00e9tique dans votre boisson (eau, jus, bi\u00e8re, vin ...etc.). La texture de la boisson est modifi\u00e9e positivement par cette barre. De nombreux clients rapportent que le go\u00fbt de la boisson s'am\u00e9liore et qu'elle devient plus douce.<br \/>\n73 % du corps est compos\u00e9 d'eau, l'int\u00e9rieur de la t\u00eate en contient m\u00eame 80%. Les chercheurs ont d\u00e9couvert que le niveau d'\u00e9nergie de l'eau augmente lorsqu'elle est enrichie en \u00e9nergie positive. M\u00eame sa structure change pour que tout soit parfaitement et harmonieusement dispos\u00e9. Plus l'\u00e9nergie positive est forte, plus l'eau devient harmonieuse. Un niveau d'\u00e9nergie n\u00e9gatif de l'eau influence n\u00e9gativement la structure de notre corps.<br \/>\nPlacer la tige de puissance directement dans le verre, chaud ou froid, mais pas bouillant.<br \/>\nIl ne faut qu'une dizaine de secondes pour que le liquide soit magn\u00e9tis\u00e9 et enrichi en \u00e9nergie positive.<\/p>","protected":false},"featured_media":2830,"comment_status":"open","ping_status":"closed","template":"","meta":[],"product_brand":[],"product_cat":[17,22],"product_tag":[29],"class_list":{"0":"post-2825","1":"product","2":"type-product","3":"status-publish","4":"has-post-thumbnail","6":"product_cat-alle-produkte","7":"product_cat-wasserstabe","8":"product_tag-remedium","9":"thunk-woo-product-list","10":"opn-qv-enable","11":"top-store-woo-hover-zoom","12":"top-store-single-product-tab-horizontal","13":"top-store-shadow-","14":"top-store-shadow-hover-","16":"first","17":"instock","18":"sale","19":"taxable","20":"shipping-taxable","21":"purchasable","22":"product-type-simple"},"_links":{"self":[{"href":"https:\/\/trinitixshop.de\/fr\/wp-json\/wp\/v2\/product\/2825","targetHints":{"allow":["GET"]}}],"collection":[{"href":"https:\/\/trinitixshop.de\/fr\/wp-json\/wp\/v2\/product"}],"about":[{"href":"https:\/\/trinitixshop.de\/fr\/wp-json\/wp\/v2\/types\/product"}],"replies":[{"embeddable":true,"href":"https:\/\/trinitixshop.de\/fr\/wp-json\/wp\/v2\/comments?post=2825"}],"wp:featuredmedia":[{"embeddable":true,"href":"https:\/\/trinitixshop.de\/fr\/wp-json\/wp\/v2\/media\/2830"}],"wp:attachment":[{"href":"https:\/\/trinitixshop.de\/fr\/wp-json\/wp\/v2\/media?parent=2825"}],"wp:term":[{"taxonomy":"product_brand","embeddable":true,"href":"https:\/\/trinitixshop.de\/fr\/wp-json\/wp\/v2\/product_brand?post=2825"},{"taxonomy":"product_cat","embeddable":true,"href":"https:\/\/trinitixshop.de\/fr\/wp-json\/wp\/v2\/product_cat?post=2825"},{"taxonomy":"product_tag","embeddable":true,"href":"https:\/\/trinitixshop.de\/fr\/wp-json\/wp\/v2\/product_tag?post=2825"}],"curies":[{"name":"wp","href":"https:\/\/api.w.org\/{rel}","templated":true}]}}