{"id":2826,"date":"2023-06-28T14:01:37","date_gmt":"2023-06-28T12:01:37","guid":{"rendered":"https:\/\/trinitixshop.de\/?post_type=product&#038;p=2826"},"modified":"2023-06-28T14:13:50","modified_gmt":"2023-06-28T12:13:50","slug":"barre-magnetique-power-coeur-avec-swarovski-crystals-446","status":"publish","type":"product","link":"https:\/\/trinitixshop.de\/fr\/produkt\/power-magnetstab-herz-mit-swarovski-crystals-446\/","title":{"rendered":"Barre magn\u00e9tique Power C\u0153ur avec Swarovski Crystals # 446"},"content":{"rendered":"<p>[312] WX044600T<\/p>\n","protected":false},"excerpt":{"rendered":"<p>Barre magn\u00e9tique TCM Power - c\u0153ur - avec des cristaux originaux Swarovski scintillants.<br \/>\nLes deux c\u00f4t\u00e9s du c\u0153ur sont identiques.<br \/>\nAcier inoxydable, cadmium, nickel et hypoallerg\u00e9nique.<br \/>\nAvec aimant extra puissant \u00e0 l'extr\u00e9mit\u00e9 de la tige ( env. 3.000 gauss ).<br \/>\nAm\u00e9liore l'\u00e9nergie de votre boisson. Si la force magn\u00e9tique peut modifier positivement l'eau, vous pouvez imaginer l'effet positif sur la structure de votre corps. Boissons magn\u00e9tis\u00e9es - un bienfait pour le corps. Placez la barre de puissance dans votre boisson (eau, jus, bi\u00e8re, vin ...etc.). La texture de la boisson est modifi\u00e9e positivement par cette barre. De nombreux clients rapportent que le go\u00fbt de la boisson s'am\u00e9liore et qu'elle devient plus douce.<br \/>\n73 % du corps est compos\u00e9 d'eau, l'int\u00e9rieur de la t\u00eate en contient m\u00eame 80%. Les chercheurs ont d\u00e9couvert que le niveau d'\u00e9nergie de l'eau augmente lorsqu'elle est enrichie en \u00e9nergie positive. M\u00eame sa structure change pour que tout soit parfaitement et harmonieusement dispos\u00e9. Plus l'\u00e9nergie positive est forte, plus l'eau devient harmonieuse. Un niveau d'\u00e9nergie n\u00e9gatif de l'eau influence n\u00e9gativement la structure de notre corps.<br \/>\nPlacez la barre d'\u00e9nergie directement dans le verre, chaud ou froid, mais pas bouillant. Il ne faut qu'une dizaine de secondes pour que le liquide se magn\u00e9tise et se m\u00e9lange \u00e0 l'eau.<br \/>\nenrichi d'\u00e9nergie positive.<\/p>","protected":false},"featured_media":2832,"comment_status":"open","ping_status":"closed","template":"","meta":[],"product_brand":[],"product_cat":[17,22],"product_tag":[29],"class_list":{"0":"post-2826","1":"product","2":"type-product","3":"status-publish","4":"has-post-thumbnail","6":"product_cat-alle-produkte","7":"product_cat-wasserstabe","8":"product_tag-remedium","9":"thunk-woo-product-list","10":"opn-qv-enable","11":"top-store-woo-hover-zoom","12":"top-store-single-product-tab-horizontal","13":"top-store-shadow-","14":"top-store-shadow-hover-","16":"first","17":"instock","18":"sale","19":"taxable","20":"shipping-taxable","21":"purchasable","22":"product-type-simple"},"_links":{"self":[{"href":"https:\/\/trinitixshop.de\/fr\/wp-json\/wp\/v2\/product\/2826","targetHints":{"allow":["GET"]}}],"collection":[{"href":"https:\/\/trinitixshop.de\/fr\/wp-json\/wp\/v2\/product"}],"about":[{"href":"https:\/\/trinitixshop.de\/fr\/wp-json\/wp\/v2\/types\/product"}],"replies":[{"embeddable":true,"href":"https:\/\/trinitixshop.de\/fr\/wp-json\/wp\/v2\/comments?post=2826"}],"wp:featuredmedia":[{"embeddable":true,"href":"https:\/\/trinitixshop.de\/fr\/wp-json\/wp\/v2\/media\/2832"}],"wp:attachment":[{"href":"https:\/\/trinitixshop.de\/fr\/wp-json\/wp\/v2\/media?parent=2826"}],"wp:term":[{"taxonomy":"product_brand","embeddable":true,"href":"https:\/\/trinitixshop.de\/fr\/wp-json\/wp\/v2\/product_brand?post=2826"},{"taxonomy":"product_cat","embeddable":true,"href":"https:\/\/trinitixshop.de\/fr\/wp-json\/wp\/v2\/product_cat?post=2826"},{"taxonomy":"product_tag","embeddable":true,"href":"https:\/\/trinitixshop.de\/fr\/wp-json\/wp\/v2\/product_tag?post=2826"}],"curies":[{"name":"wp","href":"https:\/\/api.w.org\/{rel}","templated":true}]}}