{"id":2827,"date":"2023-06-28T14:01:37","date_gmt":"2023-06-28T12:01:37","guid":{"rendered":"https:\/\/trinitixshop.de\/?post_type=product&#038;p=2827"},"modified":"2023-11-20T11:41:05","modified_gmt":"2023-11-20T10:41:05","slug":"remedium-tcm-power-barre-magnetique-wings-cut-bioenergetique-246","status":"publish","type":"product","link":"https:\/\/trinitixshop.de\/fr\/produkt\/remedium-tcm-power-magnetstab-wings-cut-bioenergetik-246\/","title":{"rendered":"Remedium TCM Power barre magn\u00e9tique Wings Cut Bio\u00e9nerg\u00e9tique # 246"},"content":{"rendered":"<p>WX246000T<\/p>","protected":false},"excerpt":{"rendered":"<p>TCM Power barre magn\u00e9tique Wings Cut.<br \/>\nCut pratique pour accrocher la barre de puissance au bord du verre.<br \/>\nLes deux c\u00f4t\u00e9s sont identiques.<br \/>\nAcier inoxydable, cadmium, nickel et hypoallerg\u00e9nique, env. 15 cm.<br \/>\nAvec aimant extra puissant \u00e0 l'extr\u00e9mit\u00e9 de la tige ( env. 3.000 gauss ).<br \/>\nValorise \u00e9nerg\u00e9tiquement votre boisson.<br \/>\nSi la force magn\u00e9tique peut modifier positivement l'eau, vous pouvez imaginer l'effet positif qu'elle peut avoir sur la structure de votre corps.<br \/>\nBoissons magn\u00e9tis\u00e9es - un bienfait pour le corps.<br \/>\nPlacez la barre de puissance dans votre boisson (eau, jus de fruits, bi\u00e8re, vin ...etc.).<br \/>\nLa texture de la boisson est modifi\u00e9e positivement par cette tige.<br \/>\nDe nombreux clients rapportent que la boisson am\u00e9liore son go\u00fbt et devient plus douce.<br \/>\n73 % du corps est compos\u00e9 d'eau, l'int\u00e9rieur de la t\u00eate m\u00eame \u00e0 80%.<br \/>\nDes chercheurs ont d\u00e9couvert que le niveau d'\u00e9nergie de l'eau augmente lorsqu'elle est enrichie en \u00e9nergie positive. M\u00eame sa structure se modifie, de sorte que tout est parfaitement et harmonieusement agenc\u00e9.<br \/>\nPlus l'\u00e9nergie positive est forte, plus l'eau est harmonieuse.<br \/>\nUn niveau d'\u00e9nergie n\u00e9gatif de l'eau a une influence n\u00e9gative sur la structure de notre corps.<br \/>\nPlacer la tige de puissance directement dans le verre, chaud ou froid, mais pas bouillant.<br \/>\nIl ne faut qu'une dizaine de secondes pour que le liquide soit magn\u00e9tis\u00e9 et enrichi en \u00e9nergie positive.<\/p>","protected":false},"featured_media":2834,"comment_status":"open","ping_status":"closed","template":"","meta":[],"product_brand":[],"product_cat":[17,22],"product_tag":[29],"class_list":{"0":"post-2827","1":"product","2":"type-product","3":"status-publish","4":"has-post-thumbnail","6":"product_cat-alle-produkte","7":"product_cat-wasserstabe","8":"product_tag-remedium","9":"thunk-woo-product-list","10":"opn-qv-enable","11":"top-store-woo-hover-zoom","12":"top-store-single-product-tab-horizontal","13":"top-store-shadow-","14":"top-store-shadow-hover-","16":"first","17":"instock","18":"taxable","19":"shipping-taxable","20":"purchasable","21":"product-type-simple"},"_links":{"self":[{"href":"https:\/\/trinitixshop.de\/fr\/wp-json\/wp\/v2\/product\/2827","targetHints":{"allow":["GET"]}}],"collection":[{"href":"https:\/\/trinitixshop.de\/fr\/wp-json\/wp\/v2\/product"}],"about":[{"href":"https:\/\/trinitixshop.de\/fr\/wp-json\/wp\/v2\/types\/product"}],"replies":[{"embeddable":true,"href":"https:\/\/trinitixshop.de\/fr\/wp-json\/wp\/v2\/comments?post=2827"}],"wp:featuredmedia":[{"embeddable":true,"href":"https:\/\/trinitixshop.de\/fr\/wp-json\/wp\/v2\/media\/2834"}],"wp:attachment":[{"href":"https:\/\/trinitixshop.de\/fr\/wp-json\/wp\/v2\/media?parent=2827"}],"wp:term":[{"taxonomy":"product_brand","embeddable":true,"href":"https:\/\/trinitixshop.de\/fr\/wp-json\/wp\/v2\/product_brand?post=2827"},{"taxonomy":"product_cat","embeddable":true,"href":"https:\/\/trinitixshop.de\/fr\/wp-json\/wp\/v2\/product_cat?post=2827"},{"taxonomy":"product_tag","embeddable":true,"href":"https:\/\/trinitixshop.de\/fr\/wp-json\/wp\/v2\/product_tag?post=2827"}],"curies":[{"name":"wp","href":"https:\/\/api.w.org\/{rel}","templated":true}]}}