{"id":3480,"date":"2024-08-08T10:27:38","date_gmt":"2024-08-08T08:27:38","guid":{"rendered":"https:\/\/trinitixshop.de\/?post_type=product&#038;p=3480"},"modified":"2025-11-09T13:27:20","modified_gmt":"2025-11-09T12:27:20","slug":"jupiter-bracelet-silicone-ionique-noir-avec-swarovski-crystals","status":"publish","type":"product","link":"https:\/\/trinitixshop.de\/fr\/produkt\/jupiter-ionen-silikonarmband-schwarz-mit-swarovski-crystals\/","title":{"rendered":"Jupiter Ionen Silikonarmband schwarz mit Swarovski Crystals # 2018"},"content":{"rendered":"<p>NB201800T<\/p>","protected":false},"excerpt":{"rendered":"<div class=\"width-80\">\n<p><strong>SENSATION DE PRIX<\/strong><\/p>\n<p>Ion Power Bracelet en silicone magn\u00e9tique-ionique avec design 3 Wings, noir.<br \/>\nPlaque de bijouterie en acier inoxydable avec Original best shining Swarovski Crystal Elements, constellation de Jupiter.<\/p>\n<p>Bracelet en silicone ionis\u00e9 Power Band souple pour un tour de poignet de 15 \u00e0 23 cm.<\/p>\n<p>Les bracelets \u00e9nerg\u00e9tiques magn\u00e9tiques en silicone sont devenus incontournables dans le monde du sport.<\/p>\n<\/div>\n<div class=\"width-80\">Cette tendance venue des \u00c9tats-Unis est appr\u00e9ci\u00e9e par de nombreux sportifs de haut niveau.<br \/>\nCes bracelets \u00e9nerg\u00e9tiques Power attirent l'attention de mani\u00e8re exclusive.<br \/>\nPerformance, design et qualit\u00e9 au plus haut niveau.<br \/>\nDie Original Svarowski best shining Elements bezaubern durch einzigartiges Funkeln.Energie und Eleganz!Jedes unserer Schmuckst\u00fccke ist mit hochwertigen und kraftvollen Neodym-Magneten versehen.<\/p>\n<p>Inlay magn\u00e9tique en n\u00e9odyme avec env. 2.200 gauss.<\/p>\n<p>Acier inoxydable m\u00e9dical, exempt de cadmium, de nickel et de plomb. Sans risque d'allergie. Le silicone est exempt de plastifiants hautement canc\u00e9rig\u00e8nes.<\/p>\n<\/div>","protected":false},"featured_media":3481,"comment_status":"open","ping_status":"closed","template":"","meta":[],"product_brand":[],"product_cat":[17,19],"product_tag":[27],"class_list":{"0":"post-3480","1":"product","2":"type-product","3":"status-publish","4":"has-post-thumbnail","6":"product_cat-alle-produkte","7":"product_cat-armbander","8":"product_tag-tribalance","9":"thunk-woo-product-list","10":"opn-qv-enable","11":"top-store-woo-hover-zoom","12":"top-store-single-product-tab-horizontal","13":"top-store-shadow-","14":"top-store-shadow-hover-","16":"first","17":"instock","18":"sale","19":"taxable","20":"shipping-taxable","21":"purchasable","22":"product-type-simple"},"_links":{"self":[{"href":"https:\/\/trinitixshop.de\/fr\/wp-json\/wp\/v2\/product\/3480","targetHints":{"allow":["GET"]}}],"collection":[{"href":"https:\/\/trinitixshop.de\/fr\/wp-json\/wp\/v2\/product"}],"about":[{"href":"https:\/\/trinitixshop.de\/fr\/wp-json\/wp\/v2\/types\/product"}],"replies":[{"embeddable":true,"href":"https:\/\/trinitixshop.de\/fr\/wp-json\/wp\/v2\/comments?post=3480"}],"wp:featuredmedia":[{"embeddable":true,"href":"https:\/\/trinitixshop.de\/fr\/wp-json\/wp\/v2\/media\/3481"}],"wp:attachment":[{"href":"https:\/\/trinitixshop.de\/fr\/wp-json\/wp\/v2\/media?parent=3480"}],"wp:term":[{"taxonomy":"product_brand","embeddable":true,"href":"https:\/\/trinitixshop.de\/fr\/wp-json\/wp\/v2\/product_brand?post=3480"},{"taxonomy":"product_cat","embeddable":true,"href":"https:\/\/trinitixshop.de\/fr\/wp-json\/wp\/v2\/product_cat?post=3480"},{"taxonomy":"product_tag","embeddable":true,"href":"https:\/\/trinitixshop.de\/fr\/wp-json\/wp\/v2\/product_tag?post=3480"}],"curies":[{"name":"wp","href":"https:\/\/api.w.org\/{rel}","templated":true}]}}