{"id":3483,"date":"2024-08-08T11:04:58","date_gmt":"2024-08-08T09:04:58","guid":{"rendered":"https:\/\/trinitixshop.de\/?post_type=product&#038;p=3483"},"modified":"2024-08-08T11:04:58","modified_gmt":"2024-08-08T09:04:58","slug":"power-bracelet-a-maillons-charme-aimant-bracelet-mendiant-argent","status":"publish","type":"product","link":"https:\/\/trinitixshop.de\/fr\/produkt\/power-gliederarmband-charm-magnet-bettelarmband-silber\/","title":{"rendered":"Power bracelet \u00e0 maillons Charm aimant bracelet mendiant argent"},"content":{"rendered":"<p>SB164319T<\/p>","protected":false},"excerpt":{"rendered":"<div class=\"width-80\">Montre ta joie avec le bracelet \u00e0 breloques magn\u00e9tique classique avec Lobster Clasp, poli miroir.<\/div>\n<div class=\"width-80\">\nDiv. charms disponibles s\u00e9par\u00e9ment ici : #714 \/ #1177 \/ # 2612<\/div>\n<div class=\"width-80\">\nLa longueur du bracelet peut \u00eatre l\u00e9g\u00e8rement modifi\u00e9e. Max. La longueur maximale est XL avec environ 21 cm.<\/div>\n<div class=\"width-80\">\nRessens la force vitalisante : 2 puissants aimants en n\u00e9odyme d'environ 1.200 gauss sont int\u00e9gr\u00e9s dans la plaquette magn\u00e9tique.<\/p>\n<p>Acier inoxydable, exempt de cadmium, de nickel et de plomb. Sans allergie.<\/p>\n<p>\"Made with Love\" En plus, gr\u00e2ce \u00e0 cet accessoire styl\u00e9, tu te distingues de la masse et tu attires le regard des autres.<\/p><\/div>\n<div class=\"width-80\">\nCe bracelet \u00e0 breloques Power est un bijou intemporel et simple qui convient toujours.<\/div>\n<div class=\"width-80\">\nLe design unisexe convient parfaitement \u00e0 elle &amp; \u00e0 lui. Il est particuli\u00e8rement efficace en combinaison avec d'autres charms.<\/div>\n<div class=\"width-80\">\nD\u00e9couvre des formes claires et un design classique pour toutes les occasions.<br \/>\nAssure-toi de recevoir ce bracelet puissant de la nouvelle g\u00e9n\u00e9ration et ressens-le - la force du magn\u00e9tisme !<\/div>","protected":false},"featured_media":3484,"comment_status":"open","ping_status":"closed","template":"","meta":[],"product_brand":[],"product_cat":[17,19],"product_tag":[24],"class_list":{"0":"post-3483","1":"product","2":"type-product","3":"status-publish","4":"has-post-thumbnail","6":"product_cat-alle-produkte","7":"product_cat-armbander","8":"product_tag-jungbrunn","9":"thunk-woo-product-list","10":"opn-qv-enable","11":"top-store-woo-hover-zoom","12":"top-store-single-product-tab-horizontal","13":"top-store-shadow-","14":"top-store-shadow-hover-","16":"first","17":"instock","18":"sale","19":"taxable","20":"shipping-taxable","21":"purchasable","22":"product-type-simple"},"_links":{"self":[{"href":"https:\/\/trinitixshop.de\/fr\/wp-json\/wp\/v2\/product\/3483","targetHints":{"allow":["GET"]}}],"collection":[{"href":"https:\/\/trinitixshop.de\/fr\/wp-json\/wp\/v2\/product"}],"about":[{"href":"https:\/\/trinitixshop.de\/fr\/wp-json\/wp\/v2\/types\/product"}],"replies":[{"embeddable":true,"href":"https:\/\/trinitixshop.de\/fr\/wp-json\/wp\/v2\/comments?post=3483"}],"wp:featuredmedia":[{"embeddable":true,"href":"https:\/\/trinitixshop.de\/fr\/wp-json\/wp\/v2\/media\/3484"}],"wp:attachment":[{"href":"https:\/\/trinitixshop.de\/fr\/wp-json\/wp\/v2\/media?parent=3483"}],"wp:term":[{"taxonomy":"product_brand","embeddable":true,"href":"https:\/\/trinitixshop.de\/fr\/wp-json\/wp\/v2\/product_brand?post=3483"},{"taxonomy":"product_cat","embeddable":true,"href":"https:\/\/trinitixshop.de\/fr\/wp-json\/wp\/v2\/product_cat?post=3483"},{"taxonomy":"product_tag","embeddable":true,"href":"https:\/\/trinitixshop.de\/fr\/wp-json\/wp\/v2\/product_tag?post=3483"}],"curies":[{"name":"wp","href":"https:\/\/api.w.org\/{rel}","templated":true}]}}