{"id":3506,"date":"2024-08-08T14:08:33","date_gmt":"2024-08-08T12:08:33","guid":{"rendered":"https:\/\/trinitixshop.de\/?post_type=product&#038;p=3506"},"modified":"2024-08-08T14:08:33","modified_gmt":"2024-08-08T12:08:33","slug":"flex-bicolor-bracelet-magnetique-acier-inoxydable-or-argent","status":"publish","type":"product","link":"https:\/\/trinitixshop.de\/fr\/produkt\/flex-bicolor-magnetarmband-edelstahl-gold-silber\/","title":{"rendered":"Flex bicolor bracelet magn\u00e9tique en acier inoxydable or \/ argent"},"content":{"rendered":"<p>SB044011T<\/p>","protected":false},"excerpt":{"rendered":"<div class=\"width-80\">Bracelet magn\u00e9tique \u00e9nerg\u00e9tique flexible, or \/ argent. Avec placage ionique.<\/p>\n<p>Largeur d'environ 8 mm, \u00e9paisseur d'environ 4 mm.<br \/>\nIncrustations d'aimants n\u00e9odyme d'environ 2.200 gauss.<\/p>\n<p>Acier inoxydable, exempt de cadmium, de nickel et de plomb. Sans allergie.<\/p>\n<p>La beaut\u00e9 et une nouvelle l\u00e9g\u00e8ret\u00e9. Ann\u00e9e apr\u00e8s ann\u00e9e, nos bracelets \u00e9nerg\u00e9tiques comptent parmi les pi\u00e8ces les plus appr\u00e9ci\u00e9es de la collection.<\/p><\/div>\n<div class=\"width-80\">\nEssayez vous-m\u00eame la beaut\u00e9, la robustesse et la capacit\u00e9 d'adaptation de ces bijoux. Vous ne voudrez bient\u00f4t plus vous en s\u00e9parer.<\/p>\n<p>Ressentez la puissance des aimants.<\/p><\/div>","protected":false},"featured_media":3507,"comment_status":"open","ping_status":"closed","template":"","meta":[],"product_brand":[],"product_cat":[17,19],"product_tag":[25],"class_list":{"0":"post-3506","1":"product","2":"type-product","3":"status-publish","4":"has-post-thumbnail","6":"product_cat-alle-produkte","7":"product_cat-armbander","8":"product_tag-t-prime","9":"thunk-woo-product-list","10":"opn-qv-enable","11":"top-store-woo-hover-zoom","12":"top-store-single-product-tab-horizontal","13":"top-store-shadow-","14":"top-store-shadow-hover-","16":"first","17":"instock","18":"sale","19":"taxable","20":"shipping-taxable","21":"purchasable","22":"product-type-variable"},"_links":{"self":[{"href":"https:\/\/trinitixshop.de\/fr\/wp-json\/wp\/v2\/product\/3506","targetHints":{"allow":["GET"]}}],"collection":[{"href":"https:\/\/trinitixshop.de\/fr\/wp-json\/wp\/v2\/product"}],"about":[{"href":"https:\/\/trinitixshop.de\/fr\/wp-json\/wp\/v2\/types\/product"}],"replies":[{"embeddable":true,"href":"https:\/\/trinitixshop.de\/fr\/wp-json\/wp\/v2\/comments?post=3506"}],"wp:featuredmedia":[{"embeddable":true,"href":"https:\/\/trinitixshop.de\/fr\/wp-json\/wp\/v2\/media\/3507"}],"wp:attachment":[{"href":"https:\/\/trinitixshop.de\/fr\/wp-json\/wp\/v2\/media?parent=3506"}],"wp:term":[{"taxonomy":"product_brand","embeddable":true,"href":"https:\/\/trinitixshop.de\/fr\/wp-json\/wp\/v2\/product_brand?post=3506"},{"taxonomy":"product_cat","embeddable":true,"href":"https:\/\/trinitixshop.de\/fr\/wp-json\/wp\/v2\/product_cat?post=3506"},{"taxonomy":"product_tag","embeddable":true,"href":"https:\/\/trinitixshop.de\/fr\/wp-json\/wp\/v2\/product_tag?post=3506"}],"curies":[{"name":"wp","href":"https:\/\/api.w.org\/{rel}","templated":true}]}}