{"id":3513,"date":"2024-08-08T14:30:33","date_gmt":"2024-08-08T12:30:33","guid":{"rendered":"https:\/\/trinitixshop.de\/?post_type=product&#038;p=3513"},"modified":"2026-03-26T14:44:28","modified_gmt":"2026-03-26T13:44:28","slug":"flex-acier-inoxydable-cuivre-bracelet-cube-retro-flexi","status":"publish","type":"product","link":"https:\/\/trinitixshop.de\/fr\/produkt\/flex-edelstahl-kupfer-armband-cube-retro-flexi\/","title":{"rendered":"Flex Edelstahl Kupfer Magnetschmuck Armband Cube Retro flexibel S oder M # 1166"},"content":{"rendered":"<p>SB116605T<\/p>","protected":false},"excerpt":{"rendered":"<div class=\"width-80\">\n<p>Bracelet magn\u00e9tique flexible r\u00e9tro design, uni \/ argent\u00e9, \u00e9l\u00e9ments mats et polis.<\/p>\n<p>Largeur : env. 7,3 mm, \u00e9paisseur env. 3,3 mm.<\/p>\n<p>Incrustations d'aimants n\u00e9odyme d'environ 2.200 gauss.<\/p>\n<p>Acier inoxydable, exempt de cadmium, de nickel et de plomb. Sans allergie.<\/p>\n<p>Avec \u00e9l\u00e9ment en cuivre.<br \/>\nEffet du cuivre (CU) :<br \/>\nFavorise la formation d'anticorps dans le syst\u00e8me de d\u00e9fense, la croissance, le d\u00e9veloppement, le renforcement des os.<\/p>\n<p>La beaut\u00e9 et une nouvelle l\u00e9g\u00e8ret\u00e9. Ann\u00e9e apr\u00e8s ann\u00e9e, nos bracelets \u00e9nerg\u00e9tiques flexibles comptent parmi les pi\u00e8ces les plus appr\u00e9ci\u00e9es de la collection.<\/p>\n<p>Essayez vous-m\u00eame \u00e0 quel point ces bijoux sont beaux, robustes et adaptables.<\/p>\n<\/div>\n<div class=\"width-80\">Vous ne voudrez bient\u00f4t plus vous en s\u00e9parer.<\/div>\n<div><\/div>\n<div>\n<div>Verf\u00fcgbare Gr\u00f6\u00dfen: S (14-15 cm), M (15-16 cm) oder XXL (20-22 cm).<\/div>\n<div>Bitte teile Sie uns Ihre gew\u00fcnschte Liefergr\u00f6\u00dfe mit.<\/div>\n<\/div>\n<div><\/div>","protected":false},"featured_media":3928,"comment_status":"open","ping_status":"closed","template":"","meta":[],"product_brand":[],"product_cat":[17,19],"product_tag":[25],"class_list":{"0":"post-3513","1":"product","2":"type-product","3":"status-publish","4":"has-post-thumbnail","6":"product_cat-alle-produkte","7":"product_cat-armbander","8":"product_tag-t-prime","9":"thunk-woo-product-list","10":"opn-qv-enable","11":"top-store-woo-hover-zoom","12":"top-store-single-product-tab-horizontal","13":"top-store-shadow-","14":"top-store-shadow-hover-","16":"first","17":"instock","18":"sale","19":"taxable","20":"shipping-taxable","21":"purchasable","22":"product-type-variable"},"_links":{"self":[{"href":"https:\/\/trinitixshop.de\/fr\/wp-json\/wp\/v2\/product\/3513","targetHints":{"allow":["GET"]}}],"collection":[{"href":"https:\/\/trinitixshop.de\/fr\/wp-json\/wp\/v2\/product"}],"about":[{"href":"https:\/\/trinitixshop.de\/fr\/wp-json\/wp\/v2\/types\/product"}],"replies":[{"embeddable":true,"href":"https:\/\/trinitixshop.de\/fr\/wp-json\/wp\/v2\/comments?post=3513"}],"wp:featuredmedia":[{"embeddable":true,"href":"https:\/\/trinitixshop.de\/fr\/wp-json\/wp\/v2\/media\/3928"}],"wp:attachment":[{"href":"https:\/\/trinitixshop.de\/fr\/wp-json\/wp\/v2\/media?parent=3513"}],"wp:term":[{"taxonomy":"product_brand","embeddable":true,"href":"https:\/\/trinitixshop.de\/fr\/wp-json\/wp\/v2\/product_brand?post=3513"},{"taxonomy":"product_cat","embeddable":true,"href":"https:\/\/trinitixshop.de\/fr\/wp-json\/wp\/v2\/product_cat?post=3513"},{"taxonomy":"product_tag","embeddable":true,"href":"https:\/\/trinitixshop.de\/fr\/wp-json\/wp\/v2\/product_tag?post=3513"}],"curies":[{"name":"wp","href":"https:\/\/api.w.org\/{rel}","templated":true}]}}