{"id":3523,"date":"2024-08-09T11:40:55","date_gmt":"2024-08-09T09:40:55","guid":{"rendered":"https:\/\/trinitixshop.de\/?post_type=product&#038;p=3523"},"modified":"2024-08-09T11:41:22","modified_gmt":"2024-08-09T09:41:22","slug":"3523","status":"publish","type":"product","link":"https:\/\/trinitixshop.de\/fr\/produkt\/3523\/","title":{"rendered":"Gassan Eight Diamond Designer Bague magn\u00e9tique avec Swarovski Crystals"},"content":{"rendered":"<p>#166 RX016619T<\/p>","protected":false},"excerpt":{"rendered":"<p>Brilliant Choice Retro Antik Gassan Eight Diamond Designer Bague magn\u00e9tique avec cristaux Swarovski Wesselton.<br \/>\nLargeur : env. 7 mm, \u00e9paisseur : env. 3 mm.<br \/>\nLes bagues magn\u00e9tiques sont synonymes de mobilit\u00e9 et de joie de vivre. Depuis des ann\u00e9es, nos bagues magn\u00e9tiques comptent parmi les pi\u00e8ces les plus appr\u00e9ci\u00e9es de la collection.<br \/>\nEssayez vous-m\u00eame \u00e0 quel point ces bijoux sont beaux, robustes et adaptables \u00c9nergie et \u00e9l\u00e9gance !<br \/>\nChacun de nos bijoux est dot\u00e9 d'aimants n\u00e9odyme puissants et de haute qualit\u00e9. Aimant n\u00e9odyme inlay avec env. 1.200 gauss.<br \/>\nAcier inoxydable m\u00e9dical, exempt de cadmium, de nickel et de plomb. Sans allergie.<\/p>","protected":false},"featured_media":3524,"comment_status":"open","ping_status":"closed","template":"","meta":[],"product_brand":[],"product_cat":[17,18],"product_tag":[25],"class_list":{"0":"post-3523","1":"product","2":"type-product","3":"status-publish","4":"has-post-thumbnail","6":"product_cat-alle-produkte","7":"product_cat-ringe","8":"product_tag-t-prime","9":"thunk-woo-product-list","10":"opn-qv-enable","11":"top-store-woo-hover-zoom","12":"top-store-single-product-tab-horizontal","13":"top-store-shadow-","14":"top-store-shadow-hover-","16":"first","17":"instock","18":"taxable","19":"shipping-taxable","20":"purchasable","21":"product-type-variable"},"_links":{"self":[{"href":"https:\/\/trinitixshop.de\/fr\/wp-json\/wp\/v2\/product\/3523","targetHints":{"allow":["GET"]}}],"collection":[{"href":"https:\/\/trinitixshop.de\/fr\/wp-json\/wp\/v2\/product"}],"about":[{"href":"https:\/\/trinitixshop.de\/fr\/wp-json\/wp\/v2\/types\/product"}],"replies":[{"embeddable":true,"href":"https:\/\/trinitixshop.de\/fr\/wp-json\/wp\/v2\/comments?post=3523"}],"wp:featuredmedia":[{"embeddable":true,"href":"https:\/\/trinitixshop.de\/fr\/wp-json\/wp\/v2\/media\/3524"}],"wp:attachment":[{"href":"https:\/\/trinitixshop.de\/fr\/wp-json\/wp\/v2\/media?parent=3523"}],"wp:term":[{"taxonomy":"product_brand","embeddable":true,"href":"https:\/\/trinitixshop.de\/fr\/wp-json\/wp\/v2\/product_brand?post=3523"},{"taxonomy":"product_cat","embeddable":true,"href":"https:\/\/trinitixshop.de\/fr\/wp-json\/wp\/v2\/product_cat?post=3523"},{"taxonomy":"product_tag","embeddable":true,"href":"https:\/\/trinitixshop.de\/fr\/wp-json\/wp\/v2\/product_tag?post=3523"}],"curies":[{"name":"wp","href":"https:\/\/api.w.org\/{rel}","templated":true}]}}